{"id":102,"date":"2015-03-14T07:40:13","date_gmt":"2015-03-14T06:40:13","guid":{"rendered":"http:\/\/praxium.fr\/WordPress3\/?page_id=102"},"modified":"2018-06-19T16:30:49","modified_gmt":"2018-06-19T14:30:49","slug":"nos-services","status":"publish","type":"page","link":"https:\/\/www.praxium.fr\/WordPress3\/nos-services\/","title":{"rendered":"Services"},"content":{"rendered":"<div id=\"pl-102\"  class=\"panel-layout\" ><div id=\"pg-102-0\"  class=\"panel-grid panel-no-style\" ><div id=\"pgc-102-0-0\"  class=\"panel-grid-cell\" ><div id=\"panel-102-0-0-0\" class=\"so-panel widget_sow-editor panel-first-child panel-last-child\" data-index=\"0\" ><div\n\t\t\t\n\t\t\tclass=\"so-widget-sow-editor so-widget-sow-editor-base\"\n\t\t\t\n\t\t>\n<div class=\"siteorigin-widget-tinymce textwidget\">\n\t<p style=\"text-align: center;\">\n<h1>Nos services pour vous aider \u00e0 \u00a0am\u00e9liorer votre comp\u00e9titivit\u00e9<a href=\"https:\/\/praxium.fr\/WordPress3\/wp-content\/uploads\/2015\/03\/vocation.png\"><br \/>\n<\/a><\/h1>\n<\/p>\n<p>Nous nous inscrivons dans un processus structur\u00e9 qui vous garantit la visibilit\u00e9 et la ma\u00eetrise de notre action.<\/p>\n<p><img loading=\"lazy\" decoding=\"async\" class=\"aligncenter wp-image-1068\" src=\"https:\/\/praxium.fr\/WordPress3\/wp-content\/uploads\/2016\/03\/service-processus-500x261.png\" alt=\"service-processus\" width=\"800\" height=\"418\" srcset=\"https:\/\/www.praxium.fr\/WordPress3\/wp-content\/uploads\/2016\/03\/service-processus-500x261.png 500w, https:\/\/www.praxium.fr\/WordPress3\/wp-content\/uploads\/2016\/03\/service-processus.png 1481w\" sizes=\"(max-width: 800px) 100vw, 800px\" \/><\/p>\n<div class=\"row\"><div class=\"col-md-6\"><p><\/p>\n<h2>notre approche<\/h2>\n<p>Notre processus d'accompagnement est progressif, de l'expression de vos attentes \u00e0 la mesure des progr\u00e8s. La finalit\u00e9 est de p\u00e9renniser l'am\u00e9lioration continue.<\/p>\n<ol>\n<li>partager le contexte et vos attentes<\/li>\n<li>identifier vos gisements et leviers d'am\u00e9lioration<\/li>\n<li>d\u00e9finir la feuille de route<\/li>\n<li>impliquer vos collaborateurs au plus pr\u00e8s du terrain<\/li>\n<li>d\u00e9ployer le juste n\u00e9cessaire<\/li>\n<li>mesurer les progr\u00e8s<\/li>\n<li>s'am\u00e9liorer en continu<\/li>\n<\/ol>\n<p><\/p><\/div><div class=\"col-md-6\"><p><\/p>\n<h2>nos services<\/h2>\n<p>Notre offre de service vous permet de choisir des actions cibl\u00e9es de progr\u00e8s ou un programme global d'am\u00e9lioration.<\/p>\n<ol>\n<li>une <a href=\"https:\/\/www.praxium.fr\/WordPress3\/services\/pre-etude\/\">pr\u00e9-\u00e9tude<\/a> pour cadrer la d\u00e9marche et r\u00e9pondre \u00e0 vos interrogations.<\/li>\n<li>un <a href=\"https:\/\/www.praxium.fr\/WordPress3\/services\/diagnostic\/\">diagnostic<\/a> pour qualifier les axes d'am\u00e9lioration et estimer les enjeux<\/li>\n<li>des <a href=\"https:\/\/www.praxium.fr\/WordPress3\/service\/chantiers-amelioration\/\">chantiers d'am\u00e9lioration<\/a> cibl\u00e9s pour r\u00e9pondre \u00e0 un sujet pr\u00e9cis<\/li>\n<li>ou un <a href=\"https:\/\/www.praxium.fr\/WordPress3\/nos-services\/programme-damelioration\/\">programme d'am\u00e9lioration<\/a> global pour d\u00e9ployer votre plan de progr\u00e8s<\/li>\n<li>des <a href=\"https:\/\/www.praxium.fr\/WordPress3\/services\/formation\/\">formations<\/a> adapt\u00e9es aux besoins<\/li>\n<li>un dispositif <a href=\"https:\/\/www.praxium.fr\/WordPress3\/services\/accompagnement\/\">d'accompagnement<\/a> ou de tutorat<\/li>\n<\/ol>\n<p><\/p><\/div><\/div>\n<hr \/>\n<\/div>\n<\/div><\/div><\/div><\/div><div id=\"pg-102-1\"  class=\"panel-grid panel-no-style\" ><div id=\"pgc-102-1-0\"  class=\"panel-grid-cell\" ><div id=\"panel-102-1-0-0\" class=\"so-panel widget_sow-editor panel-first-child panel-last-child\" data-index=\"1\" ><div\n\t\t\t\n\t\t\tclass=\"so-widget-sow-editor so-widget-sow-editor-base\"\n\t\t\t\n\t\t>\n<div class=\"siteorigin-widget-tinymce textwidget\">\n\t<blockquote>\n<p><em>Vous manquez encore de visibilit\u00e9 pour lancer une action de progr\u00e8s ?\u00a0<\/em><\/p>\n<\/blockquote>\n<a class=\" enigma_btn_blue enigma_btn_large  \" href=\"demande-de-renseignement\" target=\"\">contactez-nous !<\/a>\n<\/div>\n<\/div><\/div><\/div><\/div><\/div>","protected":false},"excerpt":{"rendered":"<p>Nos services pour vous aider \u00e0 \u00a0am\u00e9liorer votre comp\u00e9titivit\u00e9 Nous nous inscrivons dans un processus structur\u00e9 qui vous garantit la visibilit\u00e9 et la ma\u00eetrise de notre action. Vous manquez encore de visibilit\u00e9 pour lancer une action de progr\u00e8s ?\u00a0<\/p>\n","protected":false},"author":2,"featured_media":0,"parent":0,"menu_order":4,"comment_status":"closed","ping_status":"open","template":"page-fullwidth.php","meta":{"_exactmetrics_skip_tracking":false,"_exactmetrics_sitenote_active":false,"_exactmetrics_sitenote_note":"","_exactmetrics_sitenote_category":0,"footnotes":""},"class_list":["post-102","page","type-page","status-publish","hentry"],"yoast_head":"<!-- This site is optimized with the Yoast SEO plugin v23.7 - https:\/\/yoast.com\/wordpress\/plugins\/seo\/ -->\n<title>Services - Praxium<\/title>\n<meta name=\"description\" content=\"Nos services pour vous aider \u00e0 am\u00e9liorer votre comp\u00e9titivit\u00e9. une d\u00e9marche progressive de la formulation de vos attentes \u00e0 la concr\u00e9tisation des r\u00e9sultats.\" \/>\n<meta name=\"robots\" content=\"index, follow, max-snippet:-1, max-image-preview:large, max-video-preview:-1\" \/>\n<link rel=\"canonical\" href=\"https:\/\/www.praxium.fr\/WordPress3\/nos-services\/\" \/>\n<meta property=\"og:locale\" content=\"fr_FR\" \/>\n<meta property=\"og:type\" content=\"article\" \/>\n<meta property=\"og:title\" content=\"Services - Praxium\" \/>\n<meta property=\"og:description\" content=\"Nos services pour vous aider \u00e0 am\u00e9liorer votre comp\u00e9titivit\u00e9. une d\u00e9marche progressive de la formulation de vos attentes \u00e0 la concr\u00e9tisation des r\u00e9sultats.\" \/>\n<meta property=\"og:url\" content=\"https:\/\/www.praxium.fr\/WordPress3\/nos-services\/\" \/>\n<meta property=\"og:site_name\" content=\"Praxium\" \/>\n<meta property=\"article:publisher\" content=\"https:\/\/www.facebook.com\/praxium\/\" \/>\n<meta property=\"article:modified_time\" content=\"2018-06-19T14:30:49+00:00\" \/>\n<meta property=\"og:image\" content=\"https:\/\/praxium.fr\/WordPress3\/wp-content\/uploads\/2016\/03\/service-processus-500x261.png\" \/>\n<meta name=\"twitter:card\" content=\"summary_large_image\" \/>\n<meta name=\"twitter:site\" content=\"@Praxium_fr\" \/>\n<meta name=\"twitter:label1\" content=\"Dur\u00e9e de lecture estim\u00e9e\" \/>\n\t<meta name=\"twitter:data1\" content=\"1 minute\" \/>\n<script type=\"application\/ld+json\" class=\"yoast-schema-graph\">{\"@context\":\"https:\/\/schema.org\",\"@graph\":[{\"@type\":\"WebPage\",\"@id\":\"https:\/\/www.praxium.fr\/WordPress3\/nos-services\/\",\"url\":\"https:\/\/www.praxium.fr\/WordPress3\/nos-services\/\",\"name\":\"Services - Praxium\",\"isPartOf\":{\"@id\":\"https:\/\/www.praxium.fr\/WordPress3\/#website\"},\"primaryImageOfPage\":{\"@id\":\"https:\/\/www.praxium.fr\/WordPress3\/nos-services\/#primaryimage\"},\"image\":{\"@id\":\"https:\/\/www.praxium.fr\/WordPress3\/nos-services\/#primaryimage\"},\"thumbnailUrl\":\"https:\/\/praxium.fr\/WordPress3\/wp-content\/uploads\/2016\/03\/service-processus-500x261.png\",\"datePublished\":\"2015-03-14T06:40:13+00:00\",\"dateModified\":\"2018-06-19T14:30:49+00:00\",\"description\":\"Nos services pour vous aider \u00e0 am\u00e9liorer votre comp\u00e9titivit\u00e9. une d\u00e9marche progressive de la formulation de vos attentes \u00e0 la concr\u00e9tisation des r\u00e9sultats.\",\"breadcrumb\":{\"@id\":\"https:\/\/www.praxium.fr\/WordPress3\/nos-services\/#breadcrumb\"},\"inLanguage\":\"fr-FR\",\"potentialAction\":[{\"@type\":\"ReadAction\",\"target\":[\"https:\/\/www.praxium.fr\/WordPress3\/nos-services\/\"]}]},{\"@type\":\"ImageObject\",\"inLanguage\":\"fr-FR\",\"@id\":\"https:\/\/www.praxium.fr\/WordPress3\/nos-services\/#primaryimage\",\"url\":\"https:\/\/praxium.fr\/WordPress3\/wp-content\/uploads\/2016\/03\/service-processus-500x261.png\",\"contentUrl\":\"https:\/\/praxium.fr\/WordPress3\/wp-content\/uploads\/2016\/03\/service-processus-500x261.png\"},{\"@type\":\"BreadcrumbList\",\"@id\":\"https:\/\/www.praxium.fr\/WordPress3\/nos-services\/#breadcrumb\",\"itemListElement\":[{\"@type\":\"ListItem\",\"position\":1,\"name\":\"Accueil\",\"item\":\"https:\/\/www.praxium.fr\/WordPress3\/\"},{\"@type\":\"ListItem\",\"position\":2,\"name\":\"Services\"}]},{\"@type\":\"WebSite\",\"@id\":\"https:\/\/www.praxium.fr\/WordPress3\/#website\",\"url\":\"https:\/\/www.praxium.fr\/WordPress3\/\",\"name\":\"Praxium\",\"description\":\"am\u00e9liore votre comp\u00e9titivit\u00e9...\",\"potentialAction\":[{\"@type\":\"SearchAction\",\"target\":{\"@type\":\"EntryPoint\",\"urlTemplate\":\"https:\/\/www.praxium.fr\/WordPress3\/?s={search_term_string}\"},\"query-input\":{\"@type\":\"PropertyValueSpecification\",\"valueRequired\":true,\"valueName\":\"search_term_string\"}}],\"inLanguage\":\"fr-FR\"}]}<\/script>\n<!-- \/ Yoast SEO plugin. -->","yoast_head_json":{"title":"Services - Praxium","description":"Nos services pour vous aider \u00e0 am\u00e9liorer votre comp\u00e9titivit\u00e9. une d\u00e9marche progressive de la formulation de vos attentes \u00e0 la concr\u00e9tisation des r\u00e9sultats.","robots":{"index":"index","follow":"follow","max-snippet":"max-snippet:-1","max-image-preview":"max-image-preview:large","max-video-preview":"max-video-preview:-1"},"canonical":"https:\/\/www.praxium.fr\/WordPress3\/nos-services\/","og_locale":"fr_FR","og_type":"article","og_title":"Services - Praxium","og_description":"Nos services pour vous aider \u00e0 am\u00e9liorer votre comp\u00e9titivit\u00e9. une d\u00e9marche progressive de la formulation de vos attentes \u00e0 la concr\u00e9tisation des r\u00e9sultats.","og_url":"https:\/\/www.praxium.fr\/WordPress3\/nos-services\/","og_site_name":"Praxium","article_publisher":"https:\/\/www.facebook.com\/praxium\/","article_modified_time":"2018-06-19T14:30:49+00:00","og_image":[{"url":"https:\/\/praxium.fr\/WordPress3\/wp-content\/uploads\/2016\/03\/service-processus-500x261.png"}],"twitter_card":"summary_large_image","twitter_site":"@Praxium_fr","twitter_misc":{"Dur\u00e9e de lecture estim\u00e9e":"1 minute"},"schema":{"@context":"https:\/\/schema.org","@graph":[{"@type":"WebPage","@id":"https:\/\/www.praxium.fr\/WordPress3\/nos-services\/","url":"https:\/\/www.praxium.fr\/WordPress3\/nos-services\/","name":"Services - Praxium","isPartOf":{"@id":"https:\/\/www.praxium.fr\/WordPress3\/#website"},"primaryImageOfPage":{"@id":"https:\/\/www.praxium.fr\/WordPress3\/nos-services\/#primaryimage"},"image":{"@id":"https:\/\/www.praxium.fr\/WordPress3\/nos-services\/#primaryimage"},"thumbnailUrl":"https:\/\/praxium.fr\/WordPress3\/wp-content\/uploads\/2016\/03\/service-processus-500x261.png","datePublished":"2015-03-14T06:40:13+00:00","dateModified":"2018-06-19T14:30:49+00:00","description":"Nos services pour vous aider \u00e0 am\u00e9liorer votre comp\u00e9titivit\u00e9. une d\u00e9marche progressive de la formulation de vos attentes \u00e0 la concr\u00e9tisation des r\u00e9sultats.","breadcrumb":{"@id":"https:\/\/www.praxium.fr\/WordPress3\/nos-services\/#breadcrumb"},"inLanguage":"fr-FR","potentialAction":[{"@type":"ReadAction","target":["https:\/\/www.praxium.fr\/WordPress3\/nos-services\/"]}]},{"@type":"ImageObject","inLanguage":"fr-FR","@id":"https:\/\/www.praxium.fr\/WordPress3\/nos-services\/#primaryimage","url":"https:\/\/praxium.fr\/WordPress3\/wp-content\/uploads\/2016\/03\/service-processus-500x261.png","contentUrl":"https:\/\/praxium.fr\/WordPress3\/wp-content\/uploads\/2016\/03\/service-processus-500x261.png"},{"@type":"BreadcrumbList","@id":"https:\/\/www.praxium.fr\/WordPress3\/nos-services\/#breadcrumb","itemListElement":[{"@type":"ListItem","position":1,"name":"Accueil","item":"https:\/\/www.praxium.fr\/WordPress3\/"},{"@type":"ListItem","position":2,"name":"Services"}]},{"@type":"WebSite","@id":"https:\/\/www.praxium.fr\/WordPress3\/#website","url":"https:\/\/www.praxium.fr\/WordPress3\/","name":"Praxium","description":"am\u00e9liore votre comp\u00e9titivit\u00e9...","potentialAction":[{"@type":"SearchAction","target":{"@type":"EntryPoint","urlTemplate":"https:\/\/www.praxium.fr\/WordPress3\/?s={search_term_string}"},"query-input":{"@type":"PropertyValueSpecification","valueRequired":true,"valueName":"search_term_string"}}],"inLanguage":"fr-FR"}]}},"jetpack_shortlink":"https:\/\/wp.me\/P5QOhk-1E","jetpack_sharing_enabled":true,"_links":{"self":[{"href":"https:\/\/www.praxium.fr\/WordPress3\/wp-json\/wp\/v2\/pages\/102"}],"collection":[{"href":"https:\/\/www.praxium.fr\/WordPress3\/wp-json\/wp\/v2\/pages"}],"about":[{"href":"https:\/\/www.praxium.fr\/WordPress3\/wp-json\/wp\/v2\/types\/page"}],"author":[{"embeddable":true,"href":"https:\/\/www.praxium.fr\/WordPress3\/wp-json\/wp\/v2\/users\/2"}],"replies":[{"embeddable":true,"href":"https:\/\/www.praxium.fr\/WordPress3\/wp-json\/wp\/v2\/comments?post=102"}],"version-history":[{"count":37,"href":"https:\/\/www.praxium.fr\/WordPress3\/wp-json\/wp\/v2\/pages\/102\/revisions"}],"predecessor-version":[{"id":1889,"href":"https:\/\/www.praxium.fr\/WordPress3\/wp-json\/wp\/v2\/pages\/102\/revisions\/1889"}],"wp:attachment":[{"href":"https:\/\/www.praxium.fr\/WordPress3\/wp-json\/wp\/v2\/media?parent=102"}],"curies":[{"name":"wp","href":"https:\/\/api.w.org\/{rel}","templated":true}]}}