{"id":107,"date":"2015-03-14T07:48:28","date_gmt":"2015-03-14T06:48:28","guid":{"rendered":"http:\/\/praxium.fr\/WordPress3\/?page_id=107"},"modified":"2016-03-17T13:02:55","modified_gmt":"2016-03-17T12:02:55","slug":"pre-etude","status":"publish","type":"page","link":"https:\/\/www.praxium.fr\/WordPress3\/nos-services\/pre-etude\/","title":{"rendered":"Pr\u00e9-\u00e9tude"},"content":{"rendered":"<h1>Qu&#8217;est ce qu&#8217;une pr\u00e9-\u00e9tude ?<\/h1>\n<p>Un moment de rencontre d&#8217;une demi-journ\u00e9e \u00e0 une journ\u00e9e sur site.<\/p>\n<h2>Pourquoi une pr\u00e9-\u00e9tude\u00a0?<\/h2>\n<ul>\n<li>faire connaissance, vous donner de la perspective sur notre d\u00e9marche<\/li>\n<li>d\u00e9couvrir\u00a0le contexte de votre entreprise<\/li>\n<li>partager vos attentes<\/li>\n<li>d\u00e9cider d&#8217;une continuit\u00e9<\/li>\n<\/ul>\n<h2>Comment se d\u00e9roule la pr\u00e9-\u00e9tude ?<\/h2>\n<ol>\n<li>un entretien de d\u00e9couverte et de cadrage<\/li>\n<li>une visite sur le terrain<\/li>\n<li>\u00e9ventuellement quelques entretiens avec des responsables<\/li>\n<li>un entretien de\u00a0synth\u00e8se<\/li>\n<\/ol>\n<p><!--more--><\/p>\n<h3><em>plus pr\u00e9cis\u00e9ment&#8230;<\/em><\/h3>\n<p><em>Au cours de la pr\u00e9-\u00e9tude nous chercherons \u00e0 :<\/em><\/p>\n<ol>\n<li><em>Identifier les contraintes li\u00e9es \u00e0 l\u2019activit\u00e9<\/em><\/li>\n<li><em>Capter vos pr\u00e9occupations et vos priorit\u00e9s et celles de vos collaborateurs<\/em><\/li>\n<li><em>Identifier et prioriser les pistes et leviers d\u2019am\u00e9lioration<\/em><\/li>\n<li><em>\u00c9tablir une premi\u00e8re estimation des enjeux.<\/em><\/li>\n<li><em>Cadrer un sc\u00e9nario de continuit\u00e9<\/em><\/li>\n<\/ol>\n<p><em>Si vous envisagez un diagnostic approfondi, la pr\u00e9-\u00e9tude sert\u00a0 aussi \u00e0 cadrer avec vous ce diagnostic op\u00e9rationnel :<\/em><\/p>\n<ol>\n<li><em>Partager avec vous une vision concr\u00e8te des axes de progr\u00e8s<\/em><\/li>\n<li><em>Pr\u00e9ciser le p\u00e9rim\u00e8tre et les objectifs du diagnostic<\/em><\/li>\n<li><em>Clarifier les diff\u00e9rentes \u00e9tapes du diagnostic<\/em><\/li>\n<li><em>D\u00e9finir le plan d\u2019\u00e9tudes, les hypoth\u00e8ses \u00e0 v\u00e9rifier et les leviers concern\u00e9s<\/em><\/li>\n<li><em>Formaliser notre proposition de diagnostic<\/em><\/li>\n<li><em>Valider votre engagement et se mettre d\u2019accord sur les prochaines \u00e9tapes<\/em><\/li>\n<\/ol>\n<hr \/>\n<blockquote><p>Contactez-nous si vous souhaitez des pr\u00e9cisions<\/p><\/blockquote>\n<div data-test='contact-form' id='contact-form-107' class='wp-block-jetpack-contact-form-container '>\n<form action='https:\/\/www.praxium.fr\/WordPress3\/nos-services\/pre-etude\/#contact-form-107' method='post' class='contact-form commentsblock' aria-label=\"Pr\u00e9-\u00e9tude\" novalidate>\n\n<div style=\"\" class='grunion-field-name-wrap grunion-field-wrap'  >\n<label\n\t\t\t\tfor='g107-nom'\n\t\t\t\tclass='grunion-field-label name'>Nom<span class=\"grunion-label-required\" aria-hidden=\"true\">(obligatoire)<\/span><\/label>\n<input\n\t\t\t\t\ttype='text'\n\t\t\t\t\tname='g107-nom'\n\t\t\t\t\tid='g107-nom'\n\t\t\t\t\tvalue=''\n\t\t\t\t\tclass='name  grunion-field' \n\t\t\t\t\trequired aria-required='true' \/>\n\t<\/div>\n\n<div style=\"\" class='grunion-field-email-wrap grunion-field-wrap'  >\n<label\n\t\t\t\tfor='g107-email'\n\t\t\t\tclass='grunion-field-label email'>E-mail<span class=\"grunion-label-required\" aria-hidden=\"true\">(obligatoire)<\/span><\/label>\n<input\n\t\t\t\t\ttype='email'\n\t\t\t\t\tname='g107-email'\n\t\t\t\t\tid='g107-email'\n\t\t\t\t\tvalue=''\n\t\t\t\t\tclass='email  grunion-field' \n\t\t\t\t\trequired aria-required='true' \/>\n\t<\/div>\n\n<div style=\"\" class='grunion-field-text-wrap grunion-field-wrap'  >\n<label\n\t\t\t\tfor='g107-votreentreprise'\n\t\t\t\tclass='grunion-field-label text'>Votre entreprise<span class=\"grunion-label-required\" aria-hidden=\"true\">(obligatoire)<\/span><\/label>\n<input\n\t\t\t\t\ttype='text'\n\t\t\t\t\tname='g107-votreentreprise'\n\t\t\t\t\tid='g107-votreentreprise'\n\t\t\t\t\tvalue=''\n\t\t\t\t\tclass='text  grunion-field' \n\t\t\t\t\trequired aria-required='true' \/>\n\t<\/div>\n\n<div style=\"\" class='grunion-field-url-wrap grunion-field-wrap'  >\n<label\n\t\t\t\tfor='g107-votresitewebentreprise'\n\t\t\t\tclass='grunion-field-label url'>votre site web entreprise<\/label>\n<input\n\t\t\t\t\ttype='text'\n\t\t\t\t\tname='g107-votresitewebentreprise'\n\t\t\t\t\tid='g107-votresitewebentreprise'\n\t\t\t\t\tvalue=''\n\t\t\t\t\tclass='url  grunion-field' \n\t\t\t\t\ttitle=\"Veuillez saisir une URL valide - https:\/\/www.exemple.fr\" oninvalid=\"setCustomValidity(&quot;Veuillez saisir une URL valide - https:\/\/www.exemple.fr&quot;)\" oninput=\"setCustomValidity(&quot;&quot;)\" pattern=\"(([:\\\/a-zA-Z0-9_\\-]+)?(\\.[a-zA-Z0-9_\\-\\\/]+)+)\" data-type-override=\"url\"  \/>\n\t<\/div>\n\n<div style=\"\" class='grunion-field-textarea-wrap grunion-field-wrap'  >\n<label\n\t\t\t\tfor='contact-form-comment-g107-mercideprciservotrequestion'\n\t\t\t\tclass='grunion-field-label textarea'>merci de pr\u00e9ciser votre question...<span class=\"grunion-label-required\" aria-hidden=\"true\">(obligatoire)<\/span><\/label>\n<textarea\n\t\t                style=''\n\t\t                name='g107-mercideprciservotrequestion'\n\t\t                id='contact-form-comment-g107-mercideprciservotrequestion'\n\t\t                rows='20' class='textarea  grunion-field'  required aria-required='true'><\/textarea>\n\t<\/div>\n\t<p class='contact-submit'>\n\t\t<button type='submit' class='pushbutton-wide'>Envoyer<\/button>\t\t<input type='hidden' name='contact-form-id' value='107' \/>\n\t\t<input type='hidden' name='action' value='grunion-contact-form' \/>\n\t\t<input type='hidden' name='contact-form-hash' value='56afb6fa30825c339995b346080e899e50a29023' \/>\n\t<\/p>\n<\/form>\n<\/div>\n<p>&nbsp;<\/p>\n","protected":false},"excerpt":{"rendered":"<p>Qu&#8217;est ce qu&#8217;une pr\u00e9-\u00e9tude ? Un moment de rencontre d&#8217;une demi-journ\u00e9e \u00e0 une journ\u00e9e sur site. Pourquoi une pr\u00e9-\u00e9tude\u00a0? faire connaissance, vous donner de la perspective sur notre d\u00e9marche d\u00e9couvrir\u00a0le contexte de votre entreprise partager vos attentes d\u00e9cider d&#8217;une continuit\u00e9 Comment se d\u00e9roule la pr\u00e9-\u00e9tude ? un entretien de d\u00e9couverte et de cadrage une visite<\/p>\n","protected":false},"author":2,"featured_media":0,"parent":102,"menu_order":0,"comment_status":"closed","ping_status":"open","template":"page-fullwidth.php","meta":{"_exactmetrics_skip_tracking":false,"_exactmetrics_sitenote_active":false,"_exactmetrics_sitenote_note":"","_exactmetrics_sitenote_category":0,"footnotes":""},"class_list":["post-107","page","type-page","status-publish","hentry"],"yoast_head":"<!-- This site is optimized with the Yoast SEO plugin v23.7 - https:\/\/yoast.com\/wordpress\/plugins\/seo\/ -->\n<title>Pr\u00e9-\u00e9tude - Praxium<\/title>\n<meta name=\"description\" content=\"La pr\u00e9-\u00e9tude permet de cadrer une action de conseil et de partager la feuille de route et les enjeux et termes d&#039;objectif de calendrier et de ressources.\" \/>\n<meta name=\"robots\" content=\"index, follow, max-snippet:-1, max-image-preview:large, max-video-preview:-1\" \/>\n<link rel=\"canonical\" href=\"https:\/\/www.praxium.fr\/WordPress3\/nos-services\/pre-etude\/\" \/>\n<meta property=\"og:locale\" content=\"fr_FR\" \/>\n<meta property=\"og:type\" content=\"article\" \/>\n<meta property=\"og:title\" content=\"Pr\u00e9-\u00e9tude - Praxium\" \/>\n<meta property=\"og:description\" content=\"La pr\u00e9-\u00e9tude permet de cadrer une action de conseil et de partager la feuille de route et les enjeux et termes d&#039;objectif de calendrier et de ressources.\" \/>\n<meta property=\"og:url\" content=\"https:\/\/www.praxium.fr\/WordPress3\/nos-services\/pre-etude\/\" \/>\n<meta property=\"og:site_name\" content=\"Praxium\" \/>\n<meta property=\"article:publisher\" content=\"https:\/\/www.facebook.com\/praxium\/\" \/>\n<meta property=\"article:modified_time\" content=\"2016-03-17T12:02:55+00:00\" \/>\n<meta name=\"twitter:card\" content=\"summary_large_image\" \/>\n<meta name=\"twitter:site\" content=\"@Praxium_fr\" \/>\n<meta name=\"twitter:label1\" content=\"Dur\u00e9e de lecture estim\u00e9e\" \/>\n\t<meta name=\"twitter:data1\" content=\"1 minute\" \/>\n<script type=\"application\/ld+json\" class=\"yoast-schema-graph\">{\"@context\":\"https:\/\/schema.org\",\"@graph\":[{\"@type\":\"WebPage\",\"@id\":\"https:\/\/www.praxium.fr\/WordPress3\/nos-services\/pre-etude\/\",\"url\":\"https:\/\/www.praxium.fr\/WordPress3\/nos-services\/pre-etude\/\",\"name\":\"Pr\u00e9-\u00e9tude - Praxium\",\"isPartOf\":{\"@id\":\"https:\/\/www.praxium.fr\/WordPress3\/#website\"},\"datePublished\":\"2015-03-14T06:48:28+00:00\",\"dateModified\":\"2016-03-17T12:02:55+00:00\",\"description\":\"La pr\u00e9-\u00e9tude permet de cadrer une action de conseil et de partager la feuille de route et les enjeux et termes d'objectif de calendrier et de ressources.\",\"breadcrumb\":{\"@id\":\"https:\/\/www.praxium.fr\/WordPress3\/nos-services\/pre-etude\/#breadcrumb\"},\"inLanguage\":\"fr-FR\",\"potentialAction\":[{\"@type\":\"ReadAction\",\"target\":[\"https:\/\/www.praxium.fr\/WordPress3\/nos-services\/pre-etude\/\"]}]},{\"@type\":\"BreadcrumbList\",\"@id\":\"https:\/\/www.praxium.fr\/WordPress3\/nos-services\/pre-etude\/#breadcrumb\",\"itemListElement\":[{\"@type\":\"ListItem\",\"position\":1,\"name\":\"Accueil\",\"item\":\"https:\/\/www.praxium.fr\/WordPress3\/\"},{\"@type\":\"ListItem\",\"position\":2,\"name\":\"Services\",\"item\":\"https:\/\/www.praxium.fr\/WordPress3\/nos-services\/\"},{\"@type\":\"ListItem\",\"position\":3,\"name\":\"Pr\u00e9-\u00e9tude\"}]},{\"@type\":\"WebSite\",\"@id\":\"https:\/\/www.praxium.fr\/WordPress3\/#website\",\"url\":\"https:\/\/www.praxium.fr\/WordPress3\/\",\"name\":\"Praxium\",\"description\":\"am\u00e9liore votre comp\u00e9titivit\u00e9...\",\"potentialAction\":[{\"@type\":\"SearchAction\",\"target\":{\"@type\":\"EntryPoint\",\"urlTemplate\":\"https:\/\/www.praxium.fr\/WordPress3\/?s={search_term_string}\"},\"query-input\":{\"@type\":\"PropertyValueSpecification\",\"valueRequired\":true,\"valueName\":\"search_term_string\"}}],\"inLanguage\":\"fr-FR\"}]}<\/script>\n<!-- \/ Yoast SEO plugin. -->","yoast_head_json":{"title":"Pr\u00e9-\u00e9tude - Praxium","description":"La pr\u00e9-\u00e9tude permet de cadrer une action de conseil et de partager la feuille de route et les enjeux et termes d'objectif de calendrier et de ressources.","robots":{"index":"index","follow":"follow","max-snippet":"max-snippet:-1","max-image-preview":"max-image-preview:large","max-video-preview":"max-video-preview:-1"},"canonical":"https:\/\/www.praxium.fr\/WordPress3\/nos-services\/pre-etude\/","og_locale":"fr_FR","og_type":"article","og_title":"Pr\u00e9-\u00e9tude - Praxium","og_description":"La pr\u00e9-\u00e9tude permet de cadrer une action de conseil et de partager la feuille de route et les enjeux et termes d'objectif de calendrier et de ressources.","og_url":"https:\/\/www.praxium.fr\/WordPress3\/nos-services\/pre-etude\/","og_site_name":"Praxium","article_publisher":"https:\/\/www.facebook.com\/praxium\/","article_modified_time":"2016-03-17T12:02:55+00:00","twitter_card":"summary_large_image","twitter_site":"@Praxium_fr","twitter_misc":{"Dur\u00e9e de lecture estim\u00e9e":"1 minute"},"schema":{"@context":"https:\/\/schema.org","@graph":[{"@type":"WebPage","@id":"https:\/\/www.praxium.fr\/WordPress3\/nos-services\/pre-etude\/","url":"https:\/\/www.praxium.fr\/WordPress3\/nos-services\/pre-etude\/","name":"Pr\u00e9-\u00e9tude - Praxium","isPartOf":{"@id":"https:\/\/www.praxium.fr\/WordPress3\/#website"},"datePublished":"2015-03-14T06:48:28+00:00","dateModified":"2016-03-17T12:02:55+00:00","description":"La pr\u00e9-\u00e9tude permet de cadrer une action de conseil et de partager la feuille de route et les enjeux et termes d'objectif de calendrier et de ressources.","breadcrumb":{"@id":"https:\/\/www.praxium.fr\/WordPress3\/nos-services\/pre-etude\/#breadcrumb"},"inLanguage":"fr-FR","potentialAction":[{"@type":"ReadAction","target":["https:\/\/www.praxium.fr\/WordPress3\/nos-services\/pre-etude\/"]}]},{"@type":"BreadcrumbList","@id":"https:\/\/www.praxium.fr\/WordPress3\/nos-services\/pre-etude\/#breadcrumb","itemListElement":[{"@type":"ListItem","position":1,"name":"Accueil","item":"https:\/\/www.praxium.fr\/WordPress3\/"},{"@type":"ListItem","position":2,"name":"Services","item":"https:\/\/www.praxium.fr\/WordPress3\/nos-services\/"},{"@type":"ListItem","position":3,"name":"Pr\u00e9-\u00e9tude"}]},{"@type":"WebSite","@id":"https:\/\/www.praxium.fr\/WordPress3\/#website","url":"https:\/\/www.praxium.fr\/WordPress3\/","name":"Praxium","description":"am\u00e9liore votre comp\u00e9titivit\u00e9...","potentialAction":[{"@type":"SearchAction","target":{"@type":"EntryPoint","urlTemplate":"https:\/\/www.praxium.fr\/WordPress3\/?s={search_term_string}"},"query-input":{"@type":"PropertyValueSpecification","valueRequired":true,"valueName":"search_term_string"}}],"inLanguage":"fr-FR"}]}},"jetpack_shortlink":"https:\/\/wp.me\/P5QOhk-1J","jetpack_sharing_enabled":true,"_links":{"self":[{"href":"https:\/\/www.praxium.fr\/WordPress3\/wp-json\/wp\/v2\/pages\/107"}],"collection":[{"href":"https:\/\/www.praxium.fr\/WordPress3\/wp-json\/wp\/v2\/pages"}],"about":[{"href":"https:\/\/www.praxium.fr\/WordPress3\/wp-json\/wp\/v2\/types\/page"}],"author":[{"embeddable":true,"href":"https:\/\/www.praxium.fr\/WordPress3\/wp-json\/wp\/v2\/users\/2"}],"replies":[{"embeddable":true,"href":"https:\/\/www.praxium.fr\/WordPress3\/wp-json\/wp\/v2\/comments?post=107"}],"version-history":[{"count":16,"href":"https:\/\/www.praxium.fr\/WordPress3\/wp-json\/wp\/v2\/pages\/107\/revisions"}],"predecessor-version":[{"id":213,"href":"https:\/\/www.praxium.fr\/WordPress3\/wp-json\/wp\/v2\/pages\/107\/revisions\/213"}],"up":[{"embeddable":true,"href":"https:\/\/www.praxium.fr\/WordPress3\/wp-json\/wp\/v2\/pages\/102"}],"wp:attachment":[{"href":"https:\/\/www.praxium.fr\/WordPress3\/wp-json\/wp\/v2\/media?parent=107"}],"curies":[{"name":"wp","href":"https:\/\/api.w.org\/{rel}","templated":true}]}}