{"id":13,"date":"2015-03-05T18:41:09","date_gmt":"2015-03-05T17:41:09","guid":{"rendered":"http:\/\/praxium.fr\/WordPress3\/?page_id=13"},"modified":"2018-02-20T16:31:50","modified_gmt":"2018-02-20T15:31:50","slug":"contact","status":"publish","type":"page","link":"https:\/\/www.praxium.fr\/WordPress3\/notre-adn\/contact\/","title":{"rendered":"contact"},"content":{"rendered":"<div id=\"pl-13\"  class=\"panel-layout\" ><div id=\"pg-13-0\"  class=\"panel-grid panel-no-style\" ><div id=\"pgc-13-0-0\"  class=\"panel-grid-cell\" ><div id=\"panel-13-0-0-0\" class=\"so-panel widget_sow-hero panel-first-child panel-last-child\" data-index=\"0\" ><div\n\t\t\t\n\t\t\tclass=\"so-widget-sow-hero so-widget-sow-hero-default-d933ac6ad890-13 so-widget-fittext-wrapper\"\n\t\t\t data-fit-text-compressor=\"0.85\"\n\t\t>\t\t\t\t<div class=\"sow-slider-base\" style=\"display: none\" tabindex=\"0\">\n\t\t\t\t\t<ul\n\t\t\t\t\tclass=\"sow-slider-images\"\n\t\t\t\t\tdata-settings=\"{&quot;pagination&quot;:true,&quot;speed&quot;:800,&quot;timeout&quot;:8000,&quot;paused&quot;:false,&quot;pause_on_hover&quot;:false,&quot;swipe&quot;:true,&quot;nav_always_show_desktop&quot;:&quot;&quot;,&quot;nav_always_show_mobile&quot;:&quot;&quot;,&quot;breakpoint&quot;:&quot;780px&quot;,&quot;unmute&quot;:false,&quot;anchor&quot;:null}\"\n\t\t\t\t\t\t\t\t\t\tdata-anchor-id=\"\"\n\t\t\t\t>\t\t<li class=\"sow-slider-image  sow-slider-image-cover\" style=\"visibility: visible;;background-color: #333333;background-image: url(http:\/\/layouts.siteorigin.com\/wp-content\/uploads\/2015\/08\/need-a-designer.jpg#2000x1000)\" >\n\t\t\t\t\t<div class=\"sow-slider-image-container\">\n\t\t\t<div class=\"sow-slider-image-wrapper\">\n\t\t\t\t<h1 style=\"text-align: center\">Contactez-nous<\/h1><h3 style=\"text-align: center\">Vous avez des d\u00e9fis \u00e0 relever,<\/h3><h3 style=\"text-align: center\">Vous souhaitez faire accompagner vos \u00e9quipes<\/h3>\t\t\t<\/div>\n\t\t<\/div>\n\t\t\t\t<\/li>\n\t\t<\/ul>\t\t\t\t<ol class=\"sow-slider-pagination\">\n\t\t\t\t\t\t\t\t\t\t\t<li><a href=\"#\" data-goto=\"0\" aria-label=\"afficher la diapositive 1\"><\/a><\/li>\n\t\t\t\t\t\t\t\t\t<\/ol>\n\n\t\t\t\t<div class=\"sow-slide-nav sow-slide-nav-next\">\n\t\t\t\t\t<a href=\"#\" data-goto=\"next\" aria-label=\"diapositive suivante\" data-action=\"next\">\n\t\t\t\t\t\t<em class=\"sow-sld-icon-thin-right\"><\/em>\n\t\t\t\t\t<\/a>\n\t\t\t\t<\/div>\n\n\t\t\t\t<div class=\"sow-slide-nav sow-slide-nav-prev\">\n\t\t\t\t\t<a href=\"#\" data-goto=\"previous\" aria-label=\"diapositive pr\u00e9c\u00e9dente\" data-action=\"prev\">\n\t\t\t\t\t\t<em class=\"sow-sld-icon-thin-left\"><\/em>\n\t\t\t\t\t<\/a>\n\t\t\t\t<\/div>\n\t\t\t\t<\/div><\/div><\/div><\/div><\/div><div id=\"pg-13-1\"  class=\"panel-grid panel-has-style\" ><div class=\"panel-row-style panel-row-style-for-13-1\" ><div id=\"pgc-13-1-0\"  class=\"panel-grid-cell\" ><div id=\"panel-13-1-0-0\" class=\"so-panel widget_siteorigin-panels-builder panel-first-child panel-last-child\" data-index=\"1\" ><div id=\"pl-w5a8c3f66bd75a\"  class=\"panel-layout\" ><div id=\"pg-w5a8c3f66bd75a-0\"  class=\"panel-grid panel-has-style\" ><div class=\"panel-row-style panel-row-style-for-w5a8c3f66bd75a-0\" ><div id=\"pgc-w5a8c3f66bd75a-0-0\"  class=\"panel-grid-cell\" ><div id=\"panel-w5a8c3f66bd75a-0-0-0\" class=\"so-panel widget_sow-editor panel-first-child panel-last-child\" data-index=\"0\" ><div class=\"panel-widget-style panel-widget-style-for-w5a8c3f66bd75a-0-0-0\" ><div\n\t\t\t\n\t\t\tclass=\"so-widget-sow-editor so-widget-sow-editor-base\"\n\t\t\t\n\t\t>\n<div class=\"siteorigin-widget-tinymce textwidget\">\n\t<h2>T\u00e9l\u00e9phonez-nous ou envoyez nous une demande d'information<\/h2>\n<p>+33 5 49 09 69 62<\/p>\n<p><span style=\"color: #0073aa;\"><a style=\"color: #0073aa;\" href=\"mailto:contact@praxium.fr\">contact@praxium.com<\/a><\/span><\/p>\n<\/div>\n<\/div><\/div><\/div><\/div><div id=\"pgc-w5a8c3f66bd75a-0-1\"  class=\"panel-grid-cell\" ><div id=\"panel-w5a8c3f66bd75a-0-1-0\" class=\"so-panel widget_sow-editor panel-first-child panel-last-child\" data-index=\"1\" ><div class=\"panel-widget-style panel-widget-style-for-w5a8c3f66bd75a-0-1-0\" ><div\n\t\t\t\n\t\t\tclass=\"so-widget-sow-editor so-widget-sow-editor-base\"\n\t\t\t\n\t\t>\n<div class=\"siteorigin-widget-tinymce textwidget\">\n\t<h2>Envoyez-nous un courrier<\/h2>\n<p class=\"h5\">Praxium<\/p>\n<p class=\"h5\">4, rue de la Maill\u00e9e<\/p>\n<p class=\"h5\">Mons<\/p>\n<p class=\"h5\">FR 79400<\/p>\n<p class=\"h5\">Azay-le-Br\u00fbl\u00e9<\/p>\n<\/div>\n<\/div><\/div><\/div><\/div><div id=\"pgc-w5a8c3f66bd75a-0-2\"  class=\"panel-grid-cell\" ><div id=\"panel-w5a8c3f66bd75a-0-2-0\" class=\"so-panel widget_sow-hero panel-first-child panel-last-child\" data-index=\"2\" ><div class=\"panel-widget-style panel-widget-style-for-w5a8c3f66bd75a-0-2-0\" ><div\n\t\t\t\n\t\t\tclass=\"so-widget-sow-hero so-widget-sow-hero-default-01fb8cb0fbe3 so-widget-fittext-wrapper\"\n\t\t\t data-fit-text-compressor=\"0.85\"\n\t\t>\t\t\t\t<div class=\"sow-slider-base\" style=\"display: none\" tabindex=\"0\">\n\t\t\t\t\t<ul\n\t\t\t\t\tclass=\"sow-slider-images\"\n\t\t\t\t\tdata-settings=\"{&quot;pagination&quot;:true,&quot;speed&quot;:800,&quot;timeout&quot;:8000,&quot;paused&quot;:false,&quot;pause_on_hover&quot;:false,&quot;swipe&quot;:true,&quot;nav_always_show_desktop&quot;:&quot;&quot;,&quot;nav_always_show_mobile&quot;:&quot;&quot;,&quot;breakpoint&quot;:&quot;780px&quot;,&quot;unmute&quot;:false,&quot;anchor&quot;:null}\"\n\t\t\t\t\t\t\t\t\t\tdata-anchor-id=\"\"\n\t\t\t\t>\t\t<li class=\"sow-slider-image\" style=\"visibility: visible;;background-color: #000000;cursor: pointer;\" data-url=\"{&quot;url&quot;:&quot;https:\\\/\\\/www.praxium.fr\\\/WordPress3\\\/notre-adn\\\/contact\\\/&quot;,&quot;new_window&quot;:false}\" >\n\t\t\t\t\t<div class=\"sow-slider-image-container\">\n\t\t\t<div class=\"sow-slider-image-wrapper\">\n\t\t\t\t<h2 class=\"h5\" style=\"text-align: center\"><span style=\"color: #ffffff\">Travaillons ensemble !<\/span><\/h2>\n<p style=\"text-align: center\"><span style=\"color: #ffffff\">Vous partagez nos valeurs ? <\/span><\/p>\n<p style=\"text-align: center\"><span style=\"color: #ffffff\">Vous pensez que l'humain est prioritaire ? <\/span><\/p>\n<p style=\"text-align: center\"><span style=\"color: #ffffff\">Envoyez-nous une demande !<\/span><\/p>\n<div class=\"sow-hero-buttons\" style=\"text-align: center\"><div\n\t\t\t\n\t\t\tclass=\"so-widget-sow-button so-widget-sow-button-wire-e8e572685e2c\"\n\t\t\t\n\t\t><div class=\"ow-button-base ow-button-align-center\">\n\t\t\t<a\n\t\t\t\t\thref=\"https:\/\/www.praxium.fr\/WordPress3\/demande-de-renseignement\/\"\n\t\t\t\t\tclass=\"sowb-button ow-icon-placement-left ow-button-hover\" \t>\n\t\t<span>\n\t\t\t\n\t\t\tC'EST PARTI\t\t<\/span>\n\t\t\t<\/a>\n\t<\/div>\n<\/div><\/div>\t\t\t<\/div>\n\t\t<\/div>\n\t\t\t\t<\/li>\n\t\t<\/ul>\t\t\t\t<ol class=\"sow-slider-pagination\">\n\t\t\t\t\t\t\t\t\t\t\t<li><a href=\"#\" data-goto=\"0\" aria-label=\"afficher la diapositive 1\"><\/a><\/li>\n\t\t\t\t\t\t\t\t\t<\/ol>\n\n\t\t\t\t<div class=\"sow-slide-nav sow-slide-nav-next\">\n\t\t\t\t\t<a href=\"#\" data-goto=\"next\" aria-label=\"diapositive suivante\" data-action=\"next\">\n\t\t\t\t\t\t<em class=\"sow-sld-icon-thin-right\"><\/em>\n\t\t\t\t\t<\/a>\n\t\t\t\t<\/div>\n\n\t\t\t\t<div class=\"sow-slide-nav sow-slide-nav-prev\">\n\t\t\t\t\t<a href=\"#\" data-goto=\"previous\" aria-label=\"diapositive pr\u00e9c\u00e9dente\" data-action=\"prev\">\n\t\t\t\t\t\t<em class=\"sow-sld-icon-thin-left\"><\/em>\n\t\t\t\t\t<\/a>\n\t\t\t\t<\/div>\n\t\t\t\t<\/div><\/div><\/div><\/div><\/div><\/div><\/div><\/div><\/div><\/div><\/div><\/div><div id=\"pg-13-2\"  class=\"panel-grid panel-no-style\" ><div id=\"pgc-13-2-0\"  class=\"panel-grid-cell\" ><div id=\"panel-13-2-0-0\" class=\"so-panel widget_sow-google-map panel-first-child panel-last-child\" data-index=\"2\" ><div\n\t\t\t\n\t\t\tclass=\"so-widget-sow-google-map so-widget-sow-google-map-default-05ebfd8f3122-13\"\n\t\t\t\n\t\t>\n<div class=\"sow-google-map-canvas\"\n\tstyle=\"\"\n\tid=\"map-canvas-6ce2d35db3d883e08d821c3dffa1448e\"\n\tdata-options=\"{&quot;address&quot;:&quot;Azay-le-Br\\u00fbl\\u00e9, 79400&quot;,&quot;zoom&quot;:10,&quot;mobileZoom&quot;:10,&quot;gestureHandling&quot;:&quot;greedy&quot;,&quot;disableUi&quot;:false,&quot;markerIcon&quot;:&quot;&quot;,&quot;markersDraggable&quot;:false,&quot;markerAtCenter&quot;:true,&quot;markerInfoDisplay&quot;:&quot;click&quot;,&quot;markerInfoMultiple&quot;:true,&quot;markerPositions&quot;:&quot;&quot;,&quot;mapName&quot;:&quot;&quot;,&quot;mapStyles&quot;:&quot;&quot;,&quot;directions&quot;:&quot;&quot;,&quot;apiKey&quot;:&quot;&quot;,&quot;breakpoint&quot;:&quot;780&quot;}\"\n\tdata-fallback-image=\"{&quot;img&quot;:&quot;&quot;}\"><\/div>\n<\/div><\/div><\/div><\/div><\/div>","protected":false},"excerpt":{"rendered":"<p>Contactez-nousVous avez des d\u00e9fis \u00e0 relever,Vous souhaitez faire accompagner vos \u00e9quipes T\u00e9l\u00e9phonez-nous ou envoyez nous une demande d&#8217;information +33 5 49 09 69 62 contact@praxium.com Envoyez-nous un courrier Praxium 4, rue de la Maill\u00e9e Mons FR 79400 Azay-le-Br\u00fbl\u00e9 Travaillons ensemble ! Vous partagez nos valeurs ? Vous pensez que l&#8217;humain est prioritaire ? Envoyez-nous une<\/p>\n","protected":false},"author":1,"featured_media":0,"parent":2,"menu_order":3,"comment_status":"closed","ping_status":"open","template":"page-fullwidth.php","meta":{"_exactmetrics_skip_tracking":false,"_exactmetrics_sitenote_active":false,"_exactmetrics_sitenote_note":"","_exactmetrics_sitenote_category":0,"footnotes":""},"class_list":["post-13","page","type-page","status-publish","hentry"],"yoast_head":"<!-- This site is optimized with the Yoast SEO plugin v23.7 - https:\/\/yoast.com\/wordpress\/plugins\/seo\/ -->\n<title>contact - Praxium<\/title>\n<meta name=\"description\" content=\"Praxium - pour nous contacter\" \/>\n<meta name=\"robots\" content=\"index, follow, max-snippet:-1, max-image-preview:large, max-video-preview:-1\" \/>\n<link rel=\"canonical\" href=\"https:\/\/www.praxium.fr\/WordPress3\/notre-adn\/contact\/\" \/>\n<meta property=\"og:locale\" content=\"fr_FR\" \/>\n<meta property=\"og:type\" content=\"article\" \/>\n<meta property=\"og:title\" content=\"contact - Praxium\" \/>\n<meta property=\"og:description\" content=\"Praxium - pour nous contacter\" \/>\n<meta property=\"og:url\" content=\"https:\/\/www.praxium.fr\/WordPress3\/notre-adn\/contact\/\" \/>\n<meta property=\"og:site_name\" content=\"Praxium\" \/>\n<meta property=\"article:publisher\" content=\"https:\/\/www.facebook.com\/praxium\/\" \/>\n<meta property=\"article:modified_time\" content=\"2018-02-20T15:31:50+00:00\" \/>\n<meta name=\"twitter:card\" content=\"summary_large_image\" \/>\n<meta name=\"twitter:site\" content=\"@Praxium_fr\" \/>\n<script type=\"application\/ld+json\" class=\"yoast-schema-graph\">{\"@context\":\"https:\/\/schema.org\",\"@graph\":[{\"@type\":\"WebPage\",\"@id\":\"https:\/\/www.praxium.fr\/WordPress3\/notre-adn\/contact\/\",\"url\":\"https:\/\/www.praxium.fr\/WordPress3\/notre-adn\/contact\/\",\"name\":\"contact - Praxium\",\"isPartOf\":{\"@id\":\"https:\/\/www.praxium.fr\/WordPress3\/#website\"},\"datePublished\":\"2015-03-05T17:41:09+00:00\",\"dateModified\":\"2018-02-20T15:31:50+00:00\",\"description\":\"Praxium - pour nous contacter\",\"breadcrumb\":{\"@id\":\"https:\/\/www.praxium.fr\/WordPress3\/notre-adn\/contact\/#breadcrumb\"},\"inLanguage\":\"fr-FR\",\"potentialAction\":[{\"@type\":\"ReadAction\",\"target\":[\"https:\/\/www.praxium.fr\/WordPress3\/notre-adn\/contact\/\"]}]},{\"@type\":\"BreadcrumbList\",\"@id\":\"https:\/\/www.praxium.fr\/WordPress3\/notre-adn\/contact\/#breadcrumb\",\"itemListElement\":[{\"@type\":\"ListItem\",\"position\":1,\"name\":\"Accueil\",\"item\":\"https:\/\/www.praxium.fr\/WordPress3\/\"},{\"@type\":\"ListItem\",\"position\":2,\"name\":\"notre ADN\",\"item\":\"https:\/\/www.praxium.fr\/WordPress3\/notre-adn\/\"},{\"@type\":\"ListItem\",\"position\":3,\"name\":\"contact\"}]},{\"@type\":\"WebSite\",\"@id\":\"https:\/\/www.praxium.fr\/WordPress3\/#website\",\"url\":\"https:\/\/www.praxium.fr\/WordPress3\/\",\"name\":\"Praxium\",\"description\":\"am\u00e9liore votre comp\u00e9titivit\u00e9...\",\"potentialAction\":[{\"@type\":\"SearchAction\",\"target\":{\"@type\":\"EntryPoint\",\"urlTemplate\":\"https:\/\/www.praxium.fr\/WordPress3\/?s={search_term_string}\"},\"query-input\":{\"@type\":\"PropertyValueSpecification\",\"valueRequired\":true,\"valueName\":\"search_term_string\"}}],\"inLanguage\":\"fr-FR\"}]}<\/script>\n<!-- \/ Yoast SEO plugin. -->","yoast_head_json":{"title":"contact - Praxium","description":"Praxium - pour nous contacter","robots":{"index":"index","follow":"follow","max-snippet":"max-snippet:-1","max-image-preview":"max-image-preview:large","max-video-preview":"max-video-preview:-1"},"canonical":"https:\/\/www.praxium.fr\/WordPress3\/notre-adn\/contact\/","og_locale":"fr_FR","og_type":"article","og_title":"contact - Praxium","og_description":"Praxium - pour nous contacter","og_url":"https:\/\/www.praxium.fr\/WordPress3\/notre-adn\/contact\/","og_site_name":"Praxium","article_publisher":"https:\/\/www.facebook.com\/praxium\/","article_modified_time":"2018-02-20T15:31:50+00:00","twitter_card":"summary_large_image","twitter_site":"@Praxium_fr","schema":{"@context":"https:\/\/schema.org","@graph":[{"@type":"WebPage","@id":"https:\/\/www.praxium.fr\/WordPress3\/notre-adn\/contact\/","url":"https:\/\/www.praxium.fr\/WordPress3\/notre-adn\/contact\/","name":"contact - Praxium","isPartOf":{"@id":"https:\/\/www.praxium.fr\/WordPress3\/#website"},"datePublished":"2015-03-05T17:41:09+00:00","dateModified":"2018-02-20T15:31:50+00:00","description":"Praxium - pour nous contacter","breadcrumb":{"@id":"https:\/\/www.praxium.fr\/WordPress3\/notre-adn\/contact\/#breadcrumb"},"inLanguage":"fr-FR","potentialAction":[{"@type":"ReadAction","target":["https:\/\/www.praxium.fr\/WordPress3\/notre-adn\/contact\/"]}]},{"@type":"BreadcrumbList","@id":"https:\/\/www.praxium.fr\/WordPress3\/notre-adn\/contact\/#breadcrumb","itemListElement":[{"@type":"ListItem","position":1,"name":"Accueil","item":"https:\/\/www.praxium.fr\/WordPress3\/"},{"@type":"ListItem","position":2,"name":"notre ADN","item":"https:\/\/www.praxium.fr\/WordPress3\/notre-adn\/"},{"@type":"ListItem","position":3,"name":"contact"}]},{"@type":"WebSite","@id":"https:\/\/www.praxium.fr\/WordPress3\/#website","url":"https:\/\/www.praxium.fr\/WordPress3\/","name":"Praxium","description":"am\u00e9liore votre comp\u00e9titivit\u00e9...","potentialAction":[{"@type":"SearchAction","target":{"@type":"EntryPoint","urlTemplate":"https:\/\/www.praxium.fr\/WordPress3\/?s={search_term_string}"},"query-input":{"@type":"PropertyValueSpecification","valueRequired":true,"valueName":"search_term_string"}}],"inLanguage":"fr-FR"}]}},"jetpack_shortlink":"https:\/\/wp.me\/P5QOhk-d","jetpack_sharing_enabled":false,"_links":{"self":[{"href":"https:\/\/www.praxium.fr\/WordPress3\/wp-json\/wp\/v2\/pages\/13"}],"collection":[{"href":"https:\/\/www.praxium.fr\/WordPress3\/wp-json\/wp\/v2\/pages"}],"about":[{"href":"https:\/\/www.praxium.fr\/WordPress3\/wp-json\/wp\/v2\/types\/page"}],"author":[{"embeddable":true,"href":"https:\/\/www.praxium.fr\/WordPress3\/wp-json\/wp\/v2\/users\/1"}],"replies":[{"embeddable":true,"href":"https:\/\/www.praxium.fr\/WordPress3\/wp-json\/wp\/v2\/comments?post=13"}],"version-history":[{"count":26,"href":"https:\/\/www.praxium.fr\/WordPress3\/wp-json\/wp\/v2\/pages\/13\/revisions"}],"predecessor-version":[{"id":1507,"href":"https:\/\/www.praxium.fr\/WordPress3\/wp-json\/wp\/v2\/pages\/13\/revisions\/1507"}],"up":[{"embeddable":true,"href":"https:\/\/www.praxium.fr\/WordPress3\/wp-json\/wp\/v2\/pages\/2"}],"wp:attachment":[{"href":"https:\/\/www.praxium.fr\/WordPress3\/wp-json\/wp\/v2\/media?parent=13"}],"curies":[{"name":"wp","href":"https:\/\/api.w.org\/{rel}","templated":true}]}}