{"id":153,"date":"2015-03-14T16:13:35","date_gmt":"2015-03-14T15:13:35","guid":{"rendered":"http:\/\/praxium.fr\/WordPress3\/?page_id=153"},"modified":"2018-01-30T15:18:21","modified_gmt":"2018-01-30T14:18:21","slug":"couts","status":"publish","type":"page","link":"https:\/\/www.praxium.fr\/WordPress3\/vos-defis\/couts\/","title":{"rendered":"diminuer les co\u00fbts"},"content":{"rendered":"<div id=\"pl-153\"  class=\"panel-layout\" ><div id=\"pg-153-0\"  class=\"panel-grid panel-no-style\" ><div id=\"pgc-153-0-0\"  class=\"panel-grid-cell\" ><div id=\"panel-153-0-0-0\" class=\"so-panel widget_sow-editor panel-first-child panel-last-child\" data-index=\"0\" ><div\n\t\t\t\n\t\t\tclass=\"so-widget-sow-editor so-widget-sow-editor-base\"\n\t\t\t\n\t\t>\n<div class=\"siteorigin-widget-tinymce textwidget\">\n\t<h1>La r\u00e9duction des co\u00fbts n'est pas une fin en soi, cependant...<\/h1>\n<h2>La r\u00e9duction de vos co\u00fbts entre dans vos\u00a0pr\u00e9occupations principales.<\/h2>\n<blockquote>\n<p>Vous \u00eates confront\u00e9 \u00e0 une d\u00e9gradation de vos marges. Vous devez restaurer la rentabilit\u00e9 de votre entreprise.<\/p>\n<p>Quel Dirigeant\u00a0n'est pas contraint par son march\u00e9, la concurrence, ou ses donneurs d'ordres \u00e0 des baisses r\u00e9guli\u00e8res\u00a0de ses co\u00fbts\u00a0?\u00a0<\/p>\n<\/blockquote>\n<\/div>\n<\/div><\/div><\/div><\/div><div id=\"pg-153-1\"  class=\"panel-grid panel-no-style\" ><div id=\"pgc-153-1-0\"  class=\"panel-grid-cell\" ><div id=\"panel-153-1-0-0\" class=\"so-panel widget_sow-editor panel-first-child panel-last-child\" data-index=\"1\" ><div\n\t\t\t\n\t\t\tclass=\"so-widget-sow-editor so-widget-sow-editor-base\"\n\t\t\t\n\t\t>\n<div class=\"siteorigin-widget-tinymce textwidget\">\n\t<h2><i class=\"fa fa-quote-left fa-pull-left fa-border\"><\/i>vos d\u00e9fis \"charges d'exploitation\"<\/h2>\n<ul>\n<li>R\u00e9duire le\u00a0co\u00fbt de mes achats,<\/li>\n<li>Optimiser le co\u00fbt de ma\u00a0masse salariale<\/li>\n<li>R\u00e9duire mes frais g\u00e9n\u00e9raux<\/li>\n<\/ul>\n<h2><i class=\"fa fa-quote-left fa-pull-left fa-border\"><\/i>vos d\u00e9fis \"productivit\u00e9\"<\/h2>\n<ul>\n<li>Am\u00e9liorer ma productivit\u00e9, l\u2019efficience de mes \u00e9quipes.<\/li>\n<li>Renforcer\u00a0la disponibilit\u00e9 de mes \u00e9quipements.<\/li>\n<li>Am\u00e9liorer le rendement de mes lignes de production (TRS).<\/li>\n<li>R\u00e9duire les temps de changement de s\u00e9ries.<\/li>\n<li>Supprimer les non-valeurs, les gaspillages.<\/li>\n<\/ul>\n<\/div>\n<\/div><\/div><\/div><div id=\"pgc-153-1-1\"  class=\"panel-grid-cell\" ><div id=\"panel-153-1-1-0\" class=\"so-panel widget_sow-editor panel-first-child panel-last-child\" data-index=\"2\" ><div\n\t\t\t\n\t\t\tclass=\"so-widget-sow-editor so-widget-sow-editor-base\"\n\t\t\t\n\t\t>\n<div class=\"siteorigin-widget-tinymce textwidget\">\n\t<h2><i class=\"fa fa-quote-left fa-pull-left fa-border\"><\/i>vos d\u00e9fis \"budg\u00e9taires\"<\/h2>\n<ul>\n<li>Mettre en place un pilotage\u00a0budg\u00e9taire.<\/li>\n<li>Avoir plus de visibilit\u00e9 sur mes co\u00fbts de revient.<\/li>\n<li>Diminuer ou variabiliser mes co\u00fbts de fonctionnement.<\/li>\n<\/ul>\n<h2><i class=\"fa fa-quote-left fa-pull-left fa-border\"><\/i>vos d\u00e9fis \"financiers\"<\/h2>\n<ul>\n<li>Diminuer\u00a0mes co\u00fbts fixes.<\/li>\n<li>Am\u00e9liorer\u00a0mon\u00a0seuil de rentabilit\u00e9.<\/li>\n<li>R\u00e9duire mon BFR.<\/li>\n<li>Am\u00e9liorer ma tr\u00e9sorerie.<\/li>\n<\/ul>\n<\/div>\n<\/div><\/div><\/div><\/div><div id=\"pg-153-2\"  class=\"panel-grid panel-no-style\" ><div id=\"pgc-153-2-0\"  class=\"panel-grid-cell panel-grid-cell-mobile-last\" ><div id=\"panel-153-2-0-0\" class=\"so-panel widget_sow-cta panel-first-child panel-last-child\" data-index=\"3\" ><div\n\t\t\t\n\t\t\tclass=\"so-widget-sow-cta so-widget-sow-cta-default-0c8116875683-153\"\n\t\t\t\n\t\t><div\n\tclass=\"sow-cta-base\"\n\t>\n\t\n\t<div class=\"sow-cta-wrapper\">\n\n\t\t<div class=\"sow-cta-text\">\n\t\t\t\t\t\t\t<h4 class=\"sow-cta-title\">\n\t\t\t\t\tVous \u00eates pr\u00eat \u00e0 relever ce type de d\u00e9fis\t\t\t\t<\/h4>\n\t\t\t\n\t\t\t\t\t\t\t<h4 class=\"sow-cta-subtitle\">\n\t\t\t\t\tNous pouvons vous accompagner\t\t\t\t<\/h4>\n\t\t\t\t\t<\/div>\n\n\t\t<div\n\t\t\t\n\t\t\tclass=\"so-widget-sow-button so-widget-sow-button-atom-5adfeb6846a8\"\n\t\t\t\n\t\t><div class=\"ow-button-base ow-button-align-center\">\n\t\t\t<a\n\t\t\t\t\thref=\"https:\/\/www.praxium.fr\/WordPress3\/demande-de-renseignement\/\"\n\t\t\t\t\tclass=\"sowb-button ow-icon-placement-left ow-button-hover\" \t>\n\t\t<span>\n\t\t\t<span class=\"sow-icon-fontawesome sow-fas\" data-sow-icon=\"&#xf0a9;\"\n\t\tstyle=\"\" \n\t\taria-hidden=\"true\"><\/span>\n\t\t\tcontactez-nous !\t\t<\/span>\n\t\t\t<\/a>\n\t<\/div>\n<\/div>\n\t<\/div>\n\n\t<\/div>\n<\/div><\/div><\/div><div id=\"pgc-153-2-1\"  class=\"panel-grid-cell panel-grid-cell-empty\" ><\/div><\/div><\/div>","protected":false},"excerpt":{"rendered":"<p>La r\u00e9duction des co\u00fbts n&#8217;est pas une fin en soi, cependant&#8230;La r\u00e9duction de vos co\u00fbts entre dans vos\u00a0pr\u00e9occupations principales.Vous \u00eates confront\u00e9 \u00e0 une d\u00e9gradation de vos marges. Vous devez restaurer la rentabilit\u00e9 de votre entreprise.Quel Dirigeant\u00a0n&#8217;est pas contraint par son march\u00e9, la concurrence, ou ses donneurs d&#8217;ordres \u00e0 des baisses r\u00e9guli\u00e8res\u00a0de ses co\u00fbts\u00a0?\u00a0 vos d\u00e9fis<\/p>\n","protected":false},"author":2,"featured_media":0,"parent":741,"menu_order":2,"comment_status":"closed","ping_status":"open","template":"page-fullwidth.php","meta":{"_exactmetrics_skip_tracking":false,"_exactmetrics_sitenote_active":false,"_exactmetrics_sitenote_note":"","_exactmetrics_sitenote_category":0,"footnotes":""},"class_list":["post-153","page","type-page","status-publish","hentry"],"yoast_head":"<!-- This site is optimized with the Yoast SEO plugin v23.7 - https:\/\/yoast.com\/wordpress\/plugins\/seo\/ -->\n<title>diminuer les co\u00fbts - Praxium<\/title>\n<meta name=\"description\" content=\"Vous avez besoin de r\u00e9duire vos co\u00fbts. Nous vous accompagnons pour am\u00e9liorer votre r\u00e9sultat d&#039;exploitation, votre productivit\u00e9.\" \/>\n<meta name=\"robots\" content=\"index, follow, max-snippet:-1, max-image-preview:large, max-video-preview:-1\" \/>\n<link rel=\"canonical\" href=\"https:\/\/www.praxium.fr\/WordPress3\/vos-defis\/couts\/\" \/>\n<meta property=\"og:locale\" content=\"fr_FR\" \/>\n<meta property=\"og:type\" content=\"article\" \/>\n<meta property=\"og:title\" content=\"diminuer les co\u00fbts - Praxium\" \/>\n<meta property=\"og:description\" content=\"Vous avez besoin de r\u00e9duire vos co\u00fbts. Nous vous accompagnons pour am\u00e9liorer votre r\u00e9sultat d&#039;exploitation, votre productivit\u00e9.\" \/>\n<meta property=\"og:url\" content=\"https:\/\/www.praxium.fr\/WordPress3\/vos-defis\/couts\/\" \/>\n<meta property=\"og:site_name\" content=\"Praxium\" \/>\n<meta property=\"article:publisher\" content=\"https:\/\/www.facebook.com\/praxium\/\" \/>\n<meta property=\"article:modified_time\" content=\"2018-01-30T14:18:21+00:00\" \/>\n<meta name=\"twitter:card\" content=\"summary_large_image\" \/>\n<meta name=\"twitter:site\" content=\"@Praxium_fr\" \/>\n<meta name=\"twitter:label1\" content=\"Dur\u00e9e de lecture estim\u00e9e\" \/>\n\t<meta name=\"twitter:data1\" content=\"1 minute\" \/>\n<script type=\"application\/ld+json\" class=\"yoast-schema-graph\">{\"@context\":\"https:\/\/schema.org\",\"@graph\":[{\"@type\":\"WebPage\",\"@id\":\"https:\/\/www.praxium.fr\/WordPress3\/vos-defis\/couts\/\",\"url\":\"https:\/\/www.praxium.fr\/WordPress3\/vos-defis\/couts\/\",\"name\":\"diminuer les co\u00fbts - Praxium\",\"isPartOf\":{\"@id\":\"https:\/\/www.praxium.fr\/WordPress3\/#website\"},\"datePublished\":\"2015-03-14T15:13:35+00:00\",\"dateModified\":\"2018-01-30T14:18:21+00:00\",\"description\":\"Vous avez besoin de r\u00e9duire vos co\u00fbts. Nous vous accompagnons pour am\u00e9liorer votre r\u00e9sultat d'exploitation, votre productivit\u00e9.\",\"breadcrumb\":{\"@id\":\"https:\/\/www.praxium.fr\/WordPress3\/vos-defis\/couts\/#breadcrumb\"},\"inLanguage\":\"fr-FR\",\"potentialAction\":[{\"@type\":\"ReadAction\",\"target\":[\"https:\/\/www.praxium.fr\/WordPress3\/vos-defis\/couts\/\"]}]},{\"@type\":\"BreadcrumbList\",\"@id\":\"https:\/\/www.praxium.fr\/WordPress3\/vos-defis\/couts\/#breadcrumb\",\"itemListElement\":[{\"@type\":\"ListItem\",\"position\":1,\"name\":\"Accueil\",\"item\":\"https:\/\/www.praxium.fr\/WordPress3\/\"},{\"@type\":\"ListItem\",\"position\":2,\"name\":\"vos d\u00e9fis pour am\u00e9liorer votre comp\u00e9titivit\u00e9\",\"item\":\"https:\/\/www.praxium.fr\/WordPress3\/vos-defis\/\"},{\"@type\":\"ListItem\",\"position\":3,\"name\":\"diminuer les co\u00fbts\"}]},{\"@type\":\"WebSite\",\"@id\":\"https:\/\/www.praxium.fr\/WordPress3\/#website\",\"url\":\"https:\/\/www.praxium.fr\/WordPress3\/\",\"name\":\"Praxium\",\"description\":\"am\u00e9liore votre comp\u00e9titivit\u00e9...\",\"potentialAction\":[{\"@type\":\"SearchAction\",\"target\":{\"@type\":\"EntryPoint\",\"urlTemplate\":\"https:\/\/www.praxium.fr\/WordPress3\/?s={search_term_string}\"},\"query-input\":{\"@type\":\"PropertyValueSpecification\",\"valueRequired\":true,\"valueName\":\"search_term_string\"}}],\"inLanguage\":\"fr-FR\"}]}<\/script>\n<!-- \/ Yoast SEO plugin. -->","yoast_head_json":{"title":"diminuer les co\u00fbts - Praxium","description":"Vous avez besoin de r\u00e9duire vos co\u00fbts. Nous vous accompagnons pour am\u00e9liorer votre r\u00e9sultat d'exploitation, votre productivit\u00e9.","robots":{"index":"index","follow":"follow","max-snippet":"max-snippet:-1","max-image-preview":"max-image-preview:large","max-video-preview":"max-video-preview:-1"},"canonical":"https:\/\/www.praxium.fr\/WordPress3\/vos-defis\/couts\/","og_locale":"fr_FR","og_type":"article","og_title":"diminuer les co\u00fbts - Praxium","og_description":"Vous avez besoin de r\u00e9duire vos co\u00fbts. Nous vous accompagnons pour am\u00e9liorer votre r\u00e9sultat d'exploitation, votre productivit\u00e9.","og_url":"https:\/\/www.praxium.fr\/WordPress3\/vos-defis\/couts\/","og_site_name":"Praxium","article_publisher":"https:\/\/www.facebook.com\/praxium\/","article_modified_time":"2018-01-30T14:18:21+00:00","twitter_card":"summary_large_image","twitter_site":"@Praxium_fr","twitter_misc":{"Dur\u00e9e de lecture estim\u00e9e":"1 minute"},"schema":{"@context":"https:\/\/schema.org","@graph":[{"@type":"WebPage","@id":"https:\/\/www.praxium.fr\/WordPress3\/vos-defis\/couts\/","url":"https:\/\/www.praxium.fr\/WordPress3\/vos-defis\/couts\/","name":"diminuer les co\u00fbts - Praxium","isPartOf":{"@id":"https:\/\/www.praxium.fr\/WordPress3\/#website"},"datePublished":"2015-03-14T15:13:35+00:00","dateModified":"2018-01-30T14:18:21+00:00","description":"Vous avez besoin de r\u00e9duire vos co\u00fbts. Nous vous accompagnons pour am\u00e9liorer votre r\u00e9sultat d'exploitation, votre productivit\u00e9.","breadcrumb":{"@id":"https:\/\/www.praxium.fr\/WordPress3\/vos-defis\/couts\/#breadcrumb"},"inLanguage":"fr-FR","potentialAction":[{"@type":"ReadAction","target":["https:\/\/www.praxium.fr\/WordPress3\/vos-defis\/couts\/"]}]},{"@type":"BreadcrumbList","@id":"https:\/\/www.praxium.fr\/WordPress3\/vos-defis\/couts\/#breadcrumb","itemListElement":[{"@type":"ListItem","position":1,"name":"Accueil","item":"https:\/\/www.praxium.fr\/WordPress3\/"},{"@type":"ListItem","position":2,"name":"vos d\u00e9fis pour am\u00e9liorer votre comp\u00e9titivit\u00e9","item":"https:\/\/www.praxium.fr\/WordPress3\/vos-defis\/"},{"@type":"ListItem","position":3,"name":"diminuer les co\u00fbts"}]},{"@type":"WebSite","@id":"https:\/\/www.praxium.fr\/WordPress3\/#website","url":"https:\/\/www.praxium.fr\/WordPress3\/","name":"Praxium","description":"am\u00e9liore votre comp\u00e9titivit\u00e9...","potentialAction":[{"@type":"SearchAction","target":{"@type":"EntryPoint","urlTemplate":"https:\/\/www.praxium.fr\/WordPress3\/?s={search_term_string}"},"query-input":{"@type":"PropertyValueSpecification","valueRequired":true,"valueName":"search_term_string"}}],"inLanguage":"fr-FR"}]}},"jetpack_shortlink":"https:\/\/wp.me\/P5QOhk-2t","jetpack_sharing_enabled":true,"_links":{"self":[{"href":"https:\/\/www.praxium.fr\/WordPress3\/wp-json\/wp\/v2\/pages\/153"}],"collection":[{"href":"https:\/\/www.praxium.fr\/WordPress3\/wp-json\/wp\/v2\/pages"}],"about":[{"href":"https:\/\/www.praxium.fr\/WordPress3\/wp-json\/wp\/v2\/types\/page"}],"author":[{"embeddable":true,"href":"https:\/\/www.praxium.fr\/WordPress3\/wp-json\/wp\/v2\/users\/2"}],"replies":[{"embeddable":true,"href":"https:\/\/www.praxium.fr\/WordPress3\/wp-json\/wp\/v2\/comments?post=153"}],"version-history":[{"count":38,"href":"https:\/\/www.praxium.fr\/WordPress3\/wp-json\/wp\/v2\/pages\/153\/revisions"}],"predecessor-version":[{"id":1356,"href":"https:\/\/www.praxium.fr\/WordPress3\/wp-json\/wp\/v2\/pages\/153\/revisions\/1356"}],"up":[{"embeddable":true,"href":"https:\/\/www.praxium.fr\/WordPress3\/wp-json\/wp\/v2\/pages\/741"}],"wp:attachment":[{"href":"https:\/\/www.praxium.fr\/WordPress3\/wp-json\/wp\/v2\/media?parent=153"}],"curies":[{"name":"wp","href":"https:\/\/api.w.org\/{rel}","templated":true}]}}