{"id":155,"date":"2015-03-14T16:14:53","date_gmt":"2015-03-14T15:14:53","guid":{"rendered":"http:\/\/praxium.fr\/WordPress3\/?page_id=155"},"modified":"2018-02-20T15:21:59","modified_gmt":"2018-02-20T14:21:59","slug":"depense-ajoutee","status":"publish","type":"page","link":"https:\/\/www.praxium.fr\/WordPress3\/vos-defis\/depense-ajoutee\/","title":{"rendered":"r\u00e9duire les d\u00e9penses ajout\u00e9es"},"content":{"rendered":"<div id=\"pl-155\"  class=\"panel-layout\" ><div id=\"pg-155-0\"  class=\"panel-grid panel-no-style\" ><div id=\"pgc-155-0-0\"  class=\"panel-grid-cell\" ><div id=\"panel-155-0-0-0\" class=\"so-panel widget_sow-editor panel-first-child panel-last-child\" data-index=\"0\" ><div\n\t\t\t\n\t\t\tclass=\"so-widget-sow-editor so-widget-sow-editor-base\"\n\t\t\t\n\t\t>\n<div class=\"siteorigin-widget-tinymce textwidget\">\n\t<h1>il est courant d'identifier 20 \u00e0 30% de d\u00e9pense ajout\u00e9e chez\u00a0nos clients.<\/h1>\n<h2><em>Tout ce qui n'est pas valeur ajout\u00e9e est de la d\u00e9pense ajout\u00e9e... au d\u00e9triment de la rentabilit\u00e9 !<\/em><\/h2>\n<blockquote>\n<p>Vous constatez tous les jours des gaspillages dans votre organisation. Vos \u00e9quipes consacrent trop d'\u00e9nergie \u00e0 des t\u00e2ches inutiles. Ils vous font part\u00a0de dysfonctionnements ou de probl\u00e8mes r\u00e9currents qui les irritent. Vous cr\u00e9ez de la d\u00e9pense ajout\u00e9e.<\/p>\n<p>Votre d\u00e9fi est d'identifier et de r\u00e9duire ces d\u00e9penses ajout\u00e9es pour cr\u00e9er de la valeur.<\/p>\n<\/blockquote>\n<\/div>\n<\/div><\/div><\/div><\/div><div id=\"pg-155-1\"  class=\"panel-grid panel-no-style\" ><div id=\"pgc-155-1-0\"  class=\"panel-grid-cell\" ><div id=\"panel-155-1-0-0\" class=\"so-panel widget_sow-editor panel-first-child panel-last-child\" data-index=\"1\" ><div\n\t\t\t\n\t\t\tclass=\"so-widget-sow-editor so-widget-sow-editor-base\"\n\t\t\t\n\t\t>\n<div class=\"siteorigin-widget-tinymce textwidget\">\n\t<h2><i class=\"fa fa-quote-left fa-pull-left fa-border\"><\/i> vos d\u00e9fis \"gaspillages\"<\/h2>\n<p>Vous avez d\u00e9cid\u00e9\u00a0de lancer une \"chasse aux gaspis\" sur les sujets suivants :<\/p>\n<ol>\n<li><span style=\"text-decoration: underline;\">Surproduction<\/span> : vous produisez plus que n\u00e9cessaire<\/li>\n<li><span style=\"text-decoration: underline;\">Attente<\/span> : vous constatez des travaux en attente, des collaborateurs dans l'attente<\/li>\n<li><span style=\"text-decoration: underline;\">Transport<\/span> :\u00a0il y a trop de mouvements inutiles trop de d\u00e9placements de vos produits<\/li>\n<li><span style=\"text-decoration: underline;\">Retouches et d\u00e9fauts<\/span> : vous constatez des anomalies dans le traitement des op\u00e9rations<\/li>\n<li><span style=\"text-decoration: underline;\">Mouvements inutiles<\/span> : l'implantation g\u00e9n\u00e8re beaucoup de d\u00e9placements pour vos \u00e9quipes<\/li>\n<li><span style=\"text-decoration: underline;\">Qualit\u00e9 excessive<\/span> : vous produisez \u00e0 un niveau de qualit\u00e9 sup\u00e9rieur aux engagements\u00a0clients<\/li>\n<li><span style=\"text-decoration: underline;\">Stocks<\/span> : vous avez trop de produits ou de travail en \"r\u00e9serve\"<\/li>\n<\/ol>\n<\/div>\n<\/div><\/div><\/div><div id=\"pgc-155-1-1\"  class=\"panel-grid-cell\" ><div id=\"panel-155-1-1-0\" class=\"so-panel widget_sow-editor panel-first-child panel-last-child\" data-index=\"2\" ><div\n\t\t\t\n\t\t\tclass=\"so-widget-sow-editor so-widget-sow-editor-base\"\n\t\t\t\n\t\t>\n<div class=\"siteorigin-widget-tinymce textwidget\">\n\t<h2><i class=\"fa fa-quote-left fa-pull-left fa-border\"><\/i> vos d\u00e9fis \"irritants\"<\/h2>\n<p>Vos responsables et vos \u00e9quipes vous font part de\u00a0sujets r\u00e9currents qui les irritent au\u00a0quotidien. Vous avez d\u00e9cid\u00e9 de r\u00e9duire ces \"irritants\" pour que vos \u00e9quipes se consacrent <span style=\"text-decoration: underline;\">sereinement<\/span> \u00e0 la cr\u00e9ation de valeur.<\/p>\n<ul>\n<li title=\"\" data-original-title=\"\">trop de documents redondants\u00a0\u00e0\u00a0compl\u00e9ter<\/li>\n<li title=\"\" data-original-title=\"\">des t\u00e2ches administratives historiques qui ne sont pas remises en cause<\/li>\n<li title=\"\" data-original-title=\"\">de nombreux contr\u00f4les alors que l'on s'est am\u00e9lior\u00e9<\/li>\n<li title=\"\" data-original-title=\"\">beaucoup de paperasse \u00e0 remplir<\/li>\n<li title=\"\" data-original-title=\"\">trop de proc\u00e9dures compliqu\u00e9es<\/li>\n<li title=\"\" data-original-title=\"\">certains collaborateurs cherchent leur\u00a0mat\u00e9riel pour travailler<\/li>\n<li title=\"\" data-original-title=\"\">les temps d'attente sur l'ordinateur sont trop longs<\/li>\n<\/ul>\n<\/div>\n<\/div><\/div><\/div><\/div><div id=\"pg-155-2\"  class=\"panel-grid panel-no-style\" ><div id=\"pgc-155-2-0\"  class=\"panel-grid-cell panel-grid-cell-mobile-last\" ><div id=\"panel-155-2-0-0\" class=\"so-panel widget_sow-cta panel-first-child panel-last-child\" data-index=\"3\" ><div\n\t\t\t\n\t\t\tclass=\"so-widget-sow-cta so-widget-sow-cta-default-0c8116875683-155\"\n\t\t\t\n\t\t><div\n\tclass=\"sow-cta-base\"\n\t>\n\t\n\t<div class=\"sow-cta-wrapper\">\n\n\t\t<div class=\"sow-cta-text\">\n\t\t\t\t\t\t\t<h4 class=\"sow-cta-title\">\n\t\t\t\t\tVous \u00eates pr\u00eats \u00e0 r\u00e9duire vos d\u00e9penses ajout\u00e9es\t\t\t\t<\/h4>\n\t\t\t\n\t\t\t\t\t\t\t<h4 class=\"sow-cta-subtitle\">\n\t\t\t\t\tNous pouvons vous accompagner\t\t\t\t<\/h4>\n\t\t\t\t\t<\/div>\n\n\t\t<div\n\t\t\t\n\t\t\tclass=\"so-widget-sow-button so-widget-sow-button-atom-5adfeb6846a8\"\n\t\t\t\n\t\t><div class=\"ow-button-base ow-button-align-center\">\n\t\t\t<a\n\t\t\t\t\thref=\"https:\/\/www.praxium.fr\/WordPress3\/demande-de-renseignement\/\"\n\t\t\t\t\tclass=\"sowb-button ow-icon-placement-left ow-button-hover\" target=\"_blank\" rel=\"noopener noreferrer\" \t>\n\t\t<span>\n\t\t\t<span class=\"sow-icon-fontawesome sow-fas\" data-sow-icon=\"&#xf0a9;\"\n\t\tstyle=\"\" \n\t\taria-hidden=\"true\"><\/span>\n\t\t\tcontactez-nous !\t\t<\/span>\n\t\t\t<\/a>\n\t<\/div>\n<\/div>\n\t<\/div>\n\n\t<\/div>\n<\/div><\/div><\/div><div id=\"pgc-155-2-1\"  class=\"panel-grid-cell panel-grid-cell-empty\" ><\/div><\/div><\/div>","protected":false},"excerpt":{"rendered":"<p>il est courant d&#8217;identifier 20 \u00e0 30% de d\u00e9pense ajout\u00e9e chez\u00a0nos clients.Tout ce qui n&#8217;est pas valeur ajout\u00e9e est de la d\u00e9pense ajout\u00e9e&#8230; au d\u00e9triment de la rentabilit\u00e9 !Vous constatez tous les jours des gaspillages dans votre organisation. Vos \u00e9quipes consacrent trop d&#8217;\u00e9nergie \u00e0 des t\u00e2ches inutiles. Ils vous font part\u00a0de dysfonctionnements ou de probl\u00e8mes<\/p>\n","protected":false},"author":2,"featured_media":0,"parent":741,"menu_order":4,"comment_status":"closed","ping_status":"open","template":"page-fullwidth.php","meta":{"_exactmetrics_skip_tracking":false,"_exactmetrics_sitenote_active":false,"_exactmetrics_sitenote_note":"","_exactmetrics_sitenote_category":0,"footnotes":""},"class_list":["post-155","page","type-page","status-publish","hentry"],"yoast_head":"<!-- This site is optimized with the Yoast SEO plugin v23.7 - https:\/\/yoast.com\/wordpress\/plugins\/seo\/ -->\n<title>r\u00e9duire les d\u00e9penses ajout\u00e9es - Praxium<\/title>\n<meta name=\"description\" content=\"Trop de d\u00e9pense ajout\u00e9e dans votre organisation. Nous pouvons tous accompagner pour diminuer les gaspillages et r\u00e9duire les &quot;irritants&quot; pour vos \u00e9quipes.\" \/>\n<meta name=\"robots\" content=\"index, follow, max-snippet:-1, max-image-preview:large, max-video-preview:-1\" \/>\n<link rel=\"canonical\" href=\"https:\/\/www.praxium.fr\/WordPress3\/vos-defis\/depense-ajoutee\/\" \/>\n<meta property=\"og:locale\" content=\"fr_FR\" \/>\n<meta property=\"og:type\" content=\"article\" \/>\n<meta property=\"og:title\" content=\"r\u00e9duire les d\u00e9penses ajout\u00e9es - Praxium\" \/>\n<meta property=\"og:description\" content=\"Trop de d\u00e9pense ajout\u00e9e dans votre organisation. Nous pouvons tous accompagner pour diminuer les gaspillages et r\u00e9duire les &quot;irritants&quot; pour vos \u00e9quipes.\" \/>\n<meta property=\"og:url\" content=\"https:\/\/www.praxium.fr\/WordPress3\/vos-defis\/depense-ajoutee\/\" \/>\n<meta property=\"og:site_name\" content=\"Praxium\" \/>\n<meta property=\"article:publisher\" content=\"https:\/\/www.facebook.com\/praxium\/\" \/>\n<meta property=\"article:modified_time\" content=\"2018-02-20T14:21:59+00:00\" \/>\n<meta name=\"twitter:card\" content=\"summary_large_image\" \/>\n<meta name=\"twitter:site\" content=\"@Praxium_fr\" \/>\n<meta name=\"twitter:label1\" content=\"Dur\u00e9e de lecture estim\u00e9e\" \/>\n\t<meta name=\"twitter:data1\" content=\"2 minutes\" \/>\n<script type=\"application\/ld+json\" class=\"yoast-schema-graph\">{\"@context\":\"https:\/\/schema.org\",\"@graph\":[{\"@type\":\"WebPage\",\"@id\":\"https:\/\/www.praxium.fr\/WordPress3\/vos-defis\/depense-ajoutee\/\",\"url\":\"https:\/\/www.praxium.fr\/WordPress3\/vos-defis\/depense-ajoutee\/\",\"name\":\"r\u00e9duire les d\u00e9penses ajout\u00e9es - Praxium\",\"isPartOf\":{\"@id\":\"https:\/\/www.praxium.fr\/WordPress3\/#website\"},\"datePublished\":\"2015-03-14T15:14:53+00:00\",\"dateModified\":\"2018-02-20T14:21:59+00:00\",\"description\":\"Trop de d\u00e9pense ajout\u00e9e dans votre organisation. Nous pouvons tous accompagner pour diminuer les gaspillages et r\u00e9duire les \\\"irritants\\\" pour vos \u00e9quipes.\",\"breadcrumb\":{\"@id\":\"https:\/\/www.praxium.fr\/WordPress3\/vos-defis\/depense-ajoutee\/#breadcrumb\"},\"inLanguage\":\"fr-FR\",\"potentialAction\":[{\"@type\":\"ReadAction\",\"target\":[\"https:\/\/www.praxium.fr\/WordPress3\/vos-defis\/depense-ajoutee\/\"]}]},{\"@type\":\"BreadcrumbList\",\"@id\":\"https:\/\/www.praxium.fr\/WordPress3\/vos-defis\/depense-ajoutee\/#breadcrumb\",\"itemListElement\":[{\"@type\":\"ListItem\",\"position\":1,\"name\":\"Accueil\",\"item\":\"https:\/\/www.praxium.fr\/WordPress3\/\"},{\"@type\":\"ListItem\",\"position\":2,\"name\":\"vos d\u00e9fis pour am\u00e9liorer votre comp\u00e9titivit\u00e9\",\"item\":\"https:\/\/www.praxium.fr\/WordPress3\/vos-defis\/\"},{\"@type\":\"ListItem\",\"position\":3,\"name\":\"r\u00e9duire les d\u00e9penses ajout\u00e9es\"}]},{\"@type\":\"WebSite\",\"@id\":\"https:\/\/www.praxium.fr\/WordPress3\/#website\",\"url\":\"https:\/\/www.praxium.fr\/WordPress3\/\",\"name\":\"Praxium\",\"description\":\"am\u00e9liore votre comp\u00e9titivit\u00e9...\",\"potentialAction\":[{\"@type\":\"SearchAction\",\"target\":{\"@type\":\"EntryPoint\",\"urlTemplate\":\"https:\/\/www.praxium.fr\/WordPress3\/?s={search_term_string}\"},\"query-input\":{\"@type\":\"PropertyValueSpecification\",\"valueRequired\":true,\"valueName\":\"search_term_string\"}}],\"inLanguage\":\"fr-FR\"}]}<\/script>\n<!-- \/ Yoast SEO plugin. -->","yoast_head_json":{"title":"r\u00e9duire les d\u00e9penses ajout\u00e9es - Praxium","description":"Trop de d\u00e9pense ajout\u00e9e dans votre organisation. Nous pouvons tous accompagner pour diminuer les gaspillages et r\u00e9duire les \"irritants\" pour vos \u00e9quipes.","robots":{"index":"index","follow":"follow","max-snippet":"max-snippet:-1","max-image-preview":"max-image-preview:large","max-video-preview":"max-video-preview:-1"},"canonical":"https:\/\/www.praxium.fr\/WordPress3\/vos-defis\/depense-ajoutee\/","og_locale":"fr_FR","og_type":"article","og_title":"r\u00e9duire les d\u00e9penses ajout\u00e9es - Praxium","og_description":"Trop de d\u00e9pense ajout\u00e9e dans votre organisation. Nous pouvons tous accompagner pour diminuer les gaspillages et r\u00e9duire les \"irritants\" pour vos \u00e9quipes.","og_url":"https:\/\/www.praxium.fr\/WordPress3\/vos-defis\/depense-ajoutee\/","og_site_name":"Praxium","article_publisher":"https:\/\/www.facebook.com\/praxium\/","article_modified_time":"2018-02-20T14:21:59+00:00","twitter_card":"summary_large_image","twitter_site":"@Praxium_fr","twitter_misc":{"Dur\u00e9e de lecture estim\u00e9e":"2 minutes"},"schema":{"@context":"https:\/\/schema.org","@graph":[{"@type":"WebPage","@id":"https:\/\/www.praxium.fr\/WordPress3\/vos-defis\/depense-ajoutee\/","url":"https:\/\/www.praxium.fr\/WordPress3\/vos-defis\/depense-ajoutee\/","name":"r\u00e9duire les d\u00e9penses ajout\u00e9es - Praxium","isPartOf":{"@id":"https:\/\/www.praxium.fr\/WordPress3\/#website"},"datePublished":"2015-03-14T15:14:53+00:00","dateModified":"2018-02-20T14:21:59+00:00","description":"Trop de d\u00e9pense ajout\u00e9e dans votre organisation. Nous pouvons tous accompagner pour diminuer les gaspillages et r\u00e9duire les \"irritants\" pour vos \u00e9quipes.","breadcrumb":{"@id":"https:\/\/www.praxium.fr\/WordPress3\/vos-defis\/depense-ajoutee\/#breadcrumb"},"inLanguage":"fr-FR","potentialAction":[{"@type":"ReadAction","target":["https:\/\/www.praxium.fr\/WordPress3\/vos-defis\/depense-ajoutee\/"]}]},{"@type":"BreadcrumbList","@id":"https:\/\/www.praxium.fr\/WordPress3\/vos-defis\/depense-ajoutee\/#breadcrumb","itemListElement":[{"@type":"ListItem","position":1,"name":"Accueil","item":"https:\/\/www.praxium.fr\/WordPress3\/"},{"@type":"ListItem","position":2,"name":"vos d\u00e9fis pour am\u00e9liorer votre comp\u00e9titivit\u00e9","item":"https:\/\/www.praxium.fr\/WordPress3\/vos-defis\/"},{"@type":"ListItem","position":3,"name":"r\u00e9duire les d\u00e9penses ajout\u00e9es"}]},{"@type":"WebSite","@id":"https:\/\/www.praxium.fr\/WordPress3\/#website","url":"https:\/\/www.praxium.fr\/WordPress3\/","name":"Praxium","description":"am\u00e9liore votre comp\u00e9titivit\u00e9...","potentialAction":[{"@type":"SearchAction","target":{"@type":"EntryPoint","urlTemplate":"https:\/\/www.praxium.fr\/WordPress3\/?s={search_term_string}"},"query-input":{"@type":"PropertyValueSpecification","valueRequired":true,"valueName":"search_term_string"}}],"inLanguage":"fr-FR"}]}},"jetpack_shortlink":"https:\/\/wp.me\/P5QOhk-2v","jetpack_sharing_enabled":true,"_links":{"self":[{"href":"https:\/\/www.praxium.fr\/WordPress3\/wp-json\/wp\/v2\/pages\/155"}],"collection":[{"href":"https:\/\/www.praxium.fr\/WordPress3\/wp-json\/wp\/v2\/pages"}],"about":[{"href":"https:\/\/www.praxium.fr\/WordPress3\/wp-json\/wp\/v2\/types\/page"}],"author":[{"embeddable":true,"href":"https:\/\/www.praxium.fr\/WordPress3\/wp-json\/wp\/v2\/users\/2"}],"replies":[{"embeddable":true,"href":"https:\/\/www.praxium.fr\/WordPress3\/wp-json\/wp\/v2\/comments?post=155"}],"version-history":[{"count":16,"href":"https:\/\/www.praxium.fr\/WordPress3\/wp-json\/wp\/v2\/pages\/155\/revisions"}],"predecessor-version":[{"id":1460,"href":"https:\/\/www.praxium.fr\/WordPress3\/wp-json\/wp\/v2\/pages\/155\/revisions\/1460"}],"up":[{"embeddable":true,"href":"https:\/\/www.praxium.fr\/WordPress3\/wp-json\/wp\/v2\/pages\/741"}],"wp:attachment":[{"href":"https:\/\/www.praxium.fr\/WordPress3\/wp-json\/wp\/v2\/media?parent=155"}],"curies":[{"name":"wp","href":"https:\/\/api.w.org\/{rel}","templated":true}]}}