{"id":43,"date":"2015-03-13T12:43:53","date_gmt":"2015-03-13T11:43:53","guid":{"rendered":"http:\/\/praxium.fr\/WordPress3\/?page_id=43"},"modified":"2018-02-20T15:50:52","modified_gmt":"2018-02-20T14:50:52","slug":"mentions-legales","status":"publish","type":"page","link":"https:\/\/www.praxium.fr\/WordPress3\/notre-adn\/mentions-legales\/","title":{"rendered":"mentions l\u00e9gales"},"content":{"rendered":"<h3>1. Editeur<\/h3>\n<p>Praxium, domicili\u00e9 4, rue de la Maill\u00e9e, 79400 Azay-le-Brul\u00e9, France<br \/>\nSiret 539 975 003 00010<br \/>\nn\u00b0TVA FR9253997500300010<br \/>\nLe site <a href=\"https:\/\/www.praxium.fr\/WordPress3\/\">praxium.fr <\/a>est la cr\u00e9ation et la propri\u00e9t\u00e9 de Jean-Luc M\u00e9nard<\/p>\n<h3>2. H\u00e9bergement du site<\/h3>\n<p>L\u2019h\u00e9bergement du site est fourni par\u00a0: Soci\u00e9t\u00e9 OVH 140 quai de Sartel &#8211; 59100 Roubaix<\/p>\n<h3>3. Responsabilit\u00e9<\/h3>\n<p>Praxium n&#8217;est li\u00e9e que par une obligation de moyens et ne saurait, en aucun cas, \u00eatre tenue responsable des pr\u00e9judices indirects (actions dirig\u00e9es par des tiers \u00e0 l\u2019encontre l&#8217;Utilisateur).<br \/>\nPraxium se d\u00e9gage de toute responsabilit\u00e9 en cas d&#8217;utilisation de son site Internet qui ne serait pas conforme aux pr\u00e9sentes conditions et ne pourra \u00eatre tenue responsable en cas de poursuites judiciaires \u00e0 l&#8217;encontre de l&#8217;Utilisateur du fait de l&#8217;usage de son site.<br \/>\nPlus g\u00e9n\u00e9ralement,\u00a0Praxium\u00a0ne pourra en aucun cas \u00eatre responsable en cas de dommages directs et\/ou indirects r\u00e9sultant de l\u2019utilisation de ce Site.<\/p>\n<h3>4. Donn\u00e9es personnelles<\/h3>\n<p>Toute information personnelle que vous seriez amen\u00e9s \u00e0 transmettre via le site praxium est soumise aux dispositions de la Loi n\u00b0 78-17 Informatique et Libert\u00e9s du 06 janvier 1978. A ce titre, vous disposez donc d&#8217;un droit d&#8217;acc\u00e8s, de rectification et de suppression des informations personnelles vous concernant.<br \/>\nCe droit peut \u00eatre exerc\u00e9 \u00e0 tout moment en faisant la demande par \u00e9crit \u00e0 l&#8217;adresse de Praxium ou via la messagerie \u00e0 l&#8217;adresse\u00a0<a href=\"mailto:contact@praxium.fr\">contact@praxium.fr<\/a>\u00a0en pr\u00e9cisant votre nom, pr\u00e9nom et adresse.<\/p>\n<h3>5. Propri\u00e9t\u00e9 intellectuelle<\/h3>\n<p>Le site Praxium et l&#8217;ensemble des \u00e9l\u00e9ments \u00e9dit\u00e9s sur ce site, incluant notamment les textes, photographies, infographies, logos, marques\u2026 constituent des \u0153uvres au sens du code de la Propri\u00e9t\u00e9 Intellectuelle. Ils rel\u00e8vent de la l\u00e9gislation fran\u00e7aise et internationale notamment celle relative au droit d\u2019auteur, aux bases de donn\u00e9es et \u00e0 la propri\u00e9t\u00e9 intellectuelle. En cons\u00e9quence, toute repr\u00e9sentation ou reproduction, int\u00e9grale ou partielle, qui pourrait \u00eatre faite sans le consentement de leurs auteurs ou de leurs ayants droit, est illicite. Toutes les autres marques cit\u00e9es sont la propri\u00e9t\u00e9 de leurs titulaires respectifs.<\/p>\n<h3>6. Liens hypertextes<\/h3>\n<p>Praxium\u00a0d\u00e9cline toute responsabilit\u00e9 quant aux sites Internet qui poss\u00e8dent un lien vers le site Internet praxium. Les liens pr\u00e9sents sur ces pages peuvent conduire l&#8217;utilisateur sur des sites qui ne d\u00e9pendent pas de Praxium.<\/p>\n","protected":false},"excerpt":{"rendered":"<p>1. Editeur Praxium, domicili\u00e9 4, rue de la Maill\u00e9e, 79400 Azay-le-Brul\u00e9, France Siret 539 975 003 00010 n\u00b0TVA FR9253997500300010 Le site praxium.fr est la cr\u00e9ation et la propri\u00e9t\u00e9 de Jean-Luc M\u00e9nard 2. H\u00e9bergement du site L\u2019h\u00e9bergement du site est fourni par\u00a0: Soci\u00e9t\u00e9 OVH 140 quai de Sartel &#8211; 59100 Roubaix 3. Responsabilit\u00e9 Praxium n&#8217;est li\u00e9e<\/p>\n","protected":false},"author":2,"featured_media":0,"parent":2,"menu_order":4,"comment_status":"closed","ping_status":"closed","template":"page-fullwidth.php","meta":{"_exactmetrics_skip_tracking":false,"_exactmetrics_sitenote_active":false,"_exactmetrics_sitenote_note":"","_exactmetrics_sitenote_category":0,"footnotes":""},"class_list":["post-43","page","type-page","status-publish","hentry"],"yoast_head":"<!-- This site is optimized with the Yoast SEO plugin v23.7 - https:\/\/yoast.com\/wordpress\/plugins\/seo\/ -->\n<title>mentions l\u00e9gales - Praxium<\/title>\n<meta name=\"description\" content=\"1. Editeur Praxium, domicili\u00e9 4, rue de la Maill\u00e9e, 79400 Azay-le-Brul\u00e9, France Siret 539 975 003 00010 n\u00b0TVA FR9253997500300010 Le site praxium.fr est la\" \/>\n<meta name=\"robots\" content=\"index, nofollow, max-snippet:-1, max-image-preview:large, max-video-preview:-1\" \/>\n<link rel=\"canonical\" href=\"https:\/\/www.praxium.fr\/WordPress3\/notre-adn\/mentions-legales\/\" \/>\n<meta property=\"og:locale\" content=\"fr_FR\" \/>\n<meta property=\"og:type\" content=\"article\" \/>\n<meta property=\"og:title\" content=\"mentions l\u00e9gales - Praxium\" \/>\n<meta property=\"og:description\" content=\"1. Editeur Praxium, domicili\u00e9 4, rue de la Maill\u00e9e, 79400 Azay-le-Brul\u00e9, France Siret 539 975 003 00010 n\u00b0TVA FR9253997500300010 Le site praxium.fr est la\" \/>\n<meta property=\"og:url\" content=\"https:\/\/www.praxium.fr\/WordPress3\/notre-adn\/mentions-legales\/\" \/>\n<meta property=\"og:site_name\" content=\"Praxium\" \/>\n<meta property=\"article:publisher\" content=\"https:\/\/www.facebook.com\/praxium\/\" \/>\n<meta property=\"article:modified_time\" content=\"2018-02-20T14:50:52+00:00\" \/>\n<meta name=\"twitter:card\" content=\"summary_large_image\" \/>\n<meta name=\"twitter:site\" content=\"@Praxium_fr\" \/>\n<meta name=\"twitter:label1\" content=\"Dur\u00e9e de lecture estim\u00e9e\" \/>\n\t<meta name=\"twitter:data1\" content=\"2 minutes\" \/>\n<script type=\"application\/ld+json\" class=\"yoast-schema-graph\">{\"@context\":\"https:\/\/schema.org\",\"@graph\":[{\"@type\":\"WebPage\",\"@id\":\"https:\/\/www.praxium.fr\/WordPress3\/notre-adn\/mentions-legales\/\",\"url\":\"https:\/\/www.praxium.fr\/WordPress3\/notre-adn\/mentions-legales\/\",\"name\":\"mentions l\u00e9gales - Praxium\",\"isPartOf\":{\"@id\":\"https:\/\/www.praxium.fr\/WordPress3\/#website\"},\"datePublished\":\"2015-03-13T11:43:53+00:00\",\"dateModified\":\"2018-02-20T14:50:52+00:00\",\"description\":\"1. Editeur Praxium, domicili\u00e9 4, rue de la Maill\u00e9e, 79400 Azay-le-Brul\u00e9, France Siret 539 975 003 00010 n\u00b0TVA FR9253997500300010 Le site praxium.fr est la\",\"breadcrumb\":{\"@id\":\"https:\/\/www.praxium.fr\/WordPress3\/notre-adn\/mentions-legales\/#breadcrumb\"},\"inLanguage\":\"fr-FR\",\"potentialAction\":[{\"@type\":\"ReadAction\",\"target\":[\"https:\/\/www.praxium.fr\/WordPress3\/notre-adn\/mentions-legales\/\"]}]},{\"@type\":\"BreadcrumbList\",\"@id\":\"https:\/\/www.praxium.fr\/WordPress3\/notre-adn\/mentions-legales\/#breadcrumb\",\"itemListElement\":[{\"@type\":\"ListItem\",\"position\":1,\"name\":\"Accueil\",\"item\":\"https:\/\/www.praxium.fr\/WordPress3\/\"},{\"@type\":\"ListItem\",\"position\":2,\"name\":\"notre ADN\",\"item\":\"https:\/\/www.praxium.fr\/WordPress3\/notre-adn\/\"},{\"@type\":\"ListItem\",\"position\":3,\"name\":\"mentions l\u00e9gales\"}]},{\"@type\":\"WebSite\",\"@id\":\"https:\/\/www.praxium.fr\/WordPress3\/#website\",\"url\":\"https:\/\/www.praxium.fr\/WordPress3\/\",\"name\":\"Praxium\",\"description\":\"am\u00e9liore votre comp\u00e9titivit\u00e9...\",\"potentialAction\":[{\"@type\":\"SearchAction\",\"target\":{\"@type\":\"EntryPoint\",\"urlTemplate\":\"https:\/\/www.praxium.fr\/WordPress3\/?s={search_term_string}\"},\"query-input\":{\"@type\":\"PropertyValueSpecification\",\"valueRequired\":true,\"valueName\":\"search_term_string\"}}],\"inLanguage\":\"fr-FR\"}]}<\/script>\n<!-- \/ Yoast SEO plugin. -->","yoast_head_json":{"title":"mentions l\u00e9gales - Praxium","description":"1. Editeur Praxium, domicili\u00e9 4, rue de la Maill\u00e9e, 79400 Azay-le-Brul\u00e9, France Siret 539 975 003 00010 n\u00b0TVA FR9253997500300010 Le site praxium.fr est la","robots":{"index":"index","follow":"nofollow","max-snippet":"max-snippet:-1","max-image-preview":"max-image-preview:large","max-video-preview":"max-video-preview:-1"},"canonical":"https:\/\/www.praxium.fr\/WordPress3\/notre-adn\/mentions-legales\/","og_locale":"fr_FR","og_type":"article","og_title":"mentions l\u00e9gales - Praxium","og_description":"1. Editeur Praxium, domicili\u00e9 4, rue de la Maill\u00e9e, 79400 Azay-le-Brul\u00e9, France Siret 539 975 003 00010 n\u00b0TVA FR9253997500300010 Le site praxium.fr est la","og_url":"https:\/\/www.praxium.fr\/WordPress3\/notre-adn\/mentions-legales\/","og_site_name":"Praxium","article_publisher":"https:\/\/www.facebook.com\/praxium\/","article_modified_time":"2018-02-20T14:50:52+00:00","twitter_card":"summary_large_image","twitter_site":"@Praxium_fr","twitter_misc":{"Dur\u00e9e de lecture estim\u00e9e":"2 minutes"},"schema":{"@context":"https:\/\/schema.org","@graph":[{"@type":"WebPage","@id":"https:\/\/www.praxium.fr\/WordPress3\/notre-adn\/mentions-legales\/","url":"https:\/\/www.praxium.fr\/WordPress3\/notre-adn\/mentions-legales\/","name":"mentions l\u00e9gales - Praxium","isPartOf":{"@id":"https:\/\/www.praxium.fr\/WordPress3\/#website"},"datePublished":"2015-03-13T11:43:53+00:00","dateModified":"2018-02-20T14:50:52+00:00","description":"1. Editeur Praxium, domicili\u00e9 4, rue de la Maill\u00e9e, 79400 Azay-le-Brul\u00e9, France Siret 539 975 003 00010 n\u00b0TVA FR9253997500300010 Le site praxium.fr est la","breadcrumb":{"@id":"https:\/\/www.praxium.fr\/WordPress3\/notre-adn\/mentions-legales\/#breadcrumb"},"inLanguage":"fr-FR","potentialAction":[{"@type":"ReadAction","target":["https:\/\/www.praxium.fr\/WordPress3\/notre-adn\/mentions-legales\/"]}]},{"@type":"BreadcrumbList","@id":"https:\/\/www.praxium.fr\/WordPress3\/notre-adn\/mentions-legales\/#breadcrumb","itemListElement":[{"@type":"ListItem","position":1,"name":"Accueil","item":"https:\/\/www.praxium.fr\/WordPress3\/"},{"@type":"ListItem","position":2,"name":"notre ADN","item":"https:\/\/www.praxium.fr\/WordPress3\/notre-adn\/"},{"@type":"ListItem","position":3,"name":"mentions l\u00e9gales"}]},{"@type":"WebSite","@id":"https:\/\/www.praxium.fr\/WordPress3\/#website","url":"https:\/\/www.praxium.fr\/WordPress3\/","name":"Praxium","description":"am\u00e9liore votre comp\u00e9titivit\u00e9...","potentialAction":[{"@type":"SearchAction","target":{"@type":"EntryPoint","urlTemplate":"https:\/\/www.praxium.fr\/WordPress3\/?s={search_term_string}"},"query-input":{"@type":"PropertyValueSpecification","valueRequired":true,"valueName":"search_term_string"}}],"inLanguage":"fr-FR"}]}},"jetpack_shortlink":"https:\/\/wp.me\/P5QOhk-H","jetpack_sharing_enabled":true,"_links":{"self":[{"href":"https:\/\/www.praxium.fr\/WordPress3\/wp-json\/wp\/v2\/pages\/43"}],"collection":[{"href":"https:\/\/www.praxium.fr\/WordPress3\/wp-json\/wp\/v2\/pages"}],"about":[{"href":"https:\/\/www.praxium.fr\/WordPress3\/wp-json\/wp\/v2\/types\/page"}],"author":[{"embeddable":true,"href":"https:\/\/www.praxium.fr\/WordPress3\/wp-json\/wp\/v2\/users\/2"}],"replies":[{"embeddable":true,"href":"https:\/\/www.praxium.fr\/WordPress3\/wp-json\/wp\/v2\/comments?post=43"}],"version-history":[{"count":6,"href":"https:\/\/www.praxium.fr\/WordPress3\/wp-json\/wp\/v2\/pages\/43\/revisions"}],"predecessor-version":[{"id":1469,"href":"https:\/\/www.praxium.fr\/WordPress3\/wp-json\/wp\/v2\/pages\/43\/revisions\/1469"}],"up":[{"embeddable":true,"href":"https:\/\/www.praxium.fr\/WordPress3\/wp-json\/wp\/v2\/pages\/2"}],"wp:attachment":[{"href":"https:\/\/www.praxium.fr\/WordPress3\/wp-json\/wp\/v2\/media?parent=43"}],"curies":[{"name":"wp","href":"https:\/\/api.w.org\/{rel}","templated":true}]}}