{"id":45,"date":"2015-03-12T19:15:07","date_gmt":"2015-03-12T18:15:07","guid":{"rendered":"http:\/\/praxium.fr\/WordPress3\/?page_id=45"},"modified":"2018-02-20T17:05:01","modified_gmt":"2018-02-20T16:05:01","slug":"vocation","status":"publish","type":"page","link":"https:\/\/www.praxium.fr\/WordPress3\/notre-adn\/vocation\/","title":{"rendered":"vocation"},"content":{"rendered":"<h1><i class=\"fa fa-cubes fa-lg\"><\/i> notre vocation est d&#8217;am\u00e9liorer votre comp\u00e9titivit\u00e9<\/h1>\n<p style=\"padding-left: 60px;\">Nous accompagnons nos clients dans leur plan de progr\u00e8s pour :<\/p>\n<h2><i class=\"fa fa-quote-left\"><\/i> d\u00e9ployer une culture d&#8217;Excellence Op\u00e9rationnelle<\/h2>\n<ul>\n<li>identifier les gisements et leviers d&#8217;am\u00e9lioration<\/li>\n<li>impliquer l&#8217;ensemble des collaborateurs<\/li>\n<li>d\u00e9ployer le juste n\u00e9cessaire<\/li>\n<li>s&#8217;am\u00e9liorer en continu<\/li>\n<\/ul>\n<h2><i class=\"fa fa-quote-left\"><\/i> assurer la conduite du changement<\/h2>\n<ul>\n<li>D\u00e9finir et partager la cible<\/li>\n<li>Associer les acteurs en amont<\/li>\n<li>Communiquer<\/li>\n<li>Former pour diffuser le savoir<\/li>\n<li>Accompagner les acteurs sur le savoir-faire et le savoir-\u00eatre<\/li>\n<\/ul>\n<p>pour transformer sur le TERRAIN\u00a0les pratiques quotidiennes.<\/p>\n<blockquote><p><em>Nous pouvons vous rencontrer pour vous pr\u00e9senter notre d\u00e9marche<\/em><\/p><\/blockquote>\n<a class=\" enigma_btn_blue enigma_btn_large  \" href=\"https:\/\/www.praxium.fr\/WordPress3\/demande-de-renseignement\/\" target=\"\">prenez-rendez-vous<\/a>\n","protected":false},"excerpt":{"rendered":"<p>notre vocation est d&#8217;am\u00e9liorer votre comp\u00e9titivit\u00e9 Nous accompagnons nos clients dans leur plan de progr\u00e8s pour : d\u00e9ployer une culture d&#8217;Excellence Op\u00e9rationnelle identifier les gisements et leviers d&#8217;am\u00e9lioration impliquer l&#8217;ensemble des collaborateurs d\u00e9ployer le juste n\u00e9cessaire s&#8217;am\u00e9liorer en continu assurer la conduite du changement D\u00e9finir et partager la cible Associer les acteurs en amont Communiquer<\/p>\n","protected":false},"author":2,"featured_media":930,"parent":2,"menu_order":0,"comment_status":"closed","ping_status":"closed","template":"page-fullwidth.php","meta":{"_exactmetrics_skip_tracking":false,"_exactmetrics_sitenote_active":false,"_exactmetrics_sitenote_note":"","_exactmetrics_sitenote_category":0,"footnotes":""},"class_list":["post-45","page","type-page","status-publish","has-post-thumbnail","hentry"],"yoast_head":"<!-- This site is optimized with the Yoast SEO plugin v23.7 - https:\/\/yoast.com\/wordpress\/plugins\/seo\/ -->\n<title>vocation - Praxium<\/title>\n<meta name=\"description\" content=\"Praxium - Notre Vocation : d\u00e9ployer l&#039;Excellence Op\u00e9rationnelle et assurer la conduite du changement\" \/>\n<meta name=\"robots\" content=\"index, follow, max-snippet:-1, max-image-preview:large, max-video-preview:-1\" \/>\n<link rel=\"canonical\" href=\"https:\/\/www.praxium.fr\/WordPress3\/notre-adn\/vocation\/\" \/>\n<meta property=\"og:locale\" content=\"fr_FR\" \/>\n<meta property=\"og:type\" content=\"article\" \/>\n<meta property=\"og:title\" content=\"vocation - Praxium\" \/>\n<meta property=\"og:description\" content=\"Praxium - Notre Vocation : d\u00e9ployer l&#039;Excellence Op\u00e9rationnelle et assurer la conduite du changement\" \/>\n<meta property=\"og:url\" content=\"https:\/\/www.praxium.fr\/WordPress3\/notre-adn\/vocation\/\" \/>\n<meta property=\"og:site_name\" content=\"Praxium\" \/>\n<meta property=\"article:publisher\" content=\"https:\/\/www.facebook.com\/praxium\/\" \/>\n<meta property=\"article:modified_time\" content=\"2018-02-20T16:05:01+00:00\" \/>\n<meta property=\"og:image\" content=\"https:\/\/www.praxium.fr\/WordPress3\/wp-content\/uploads\/2016\/03\/vocation.png\" \/>\n\t<meta property=\"og:image:width\" content=\"900\" \/>\n\t<meta property=\"og:image:height\" content=\"150\" \/>\n\t<meta property=\"og:image:type\" content=\"image\/png\" \/>\n<meta name=\"twitter:card\" content=\"summary_large_image\" \/>\n<meta name=\"twitter:site\" content=\"@Praxium_fr\" \/>\n<meta name=\"twitter:label1\" content=\"Dur\u00e9e de lecture estim\u00e9e\" \/>\n\t<meta name=\"twitter:data1\" content=\"1 minute\" \/>\n<script type=\"application\/ld+json\" class=\"yoast-schema-graph\">{\"@context\":\"https:\/\/schema.org\",\"@graph\":[{\"@type\":\"WebPage\",\"@id\":\"https:\/\/www.praxium.fr\/WordPress3\/notre-adn\/vocation\/\",\"url\":\"https:\/\/www.praxium.fr\/WordPress3\/notre-adn\/vocation\/\",\"name\":\"vocation - Praxium\",\"isPartOf\":{\"@id\":\"https:\/\/www.praxium.fr\/WordPress3\/#website\"},\"primaryImageOfPage\":{\"@id\":\"https:\/\/www.praxium.fr\/WordPress3\/notre-adn\/vocation\/#primaryimage\"},\"image\":{\"@id\":\"https:\/\/www.praxium.fr\/WordPress3\/notre-adn\/vocation\/#primaryimage\"},\"thumbnailUrl\":\"https:\/\/www.praxium.fr\/WordPress3\/wp-content\/uploads\/2016\/03\/vocation.png\",\"datePublished\":\"2015-03-12T18:15:07+00:00\",\"dateModified\":\"2018-02-20T16:05:01+00:00\",\"description\":\"Praxium - Notre Vocation : d\u00e9ployer l'Excellence Op\u00e9rationnelle et assurer la conduite du changement\",\"breadcrumb\":{\"@id\":\"https:\/\/www.praxium.fr\/WordPress3\/notre-adn\/vocation\/#breadcrumb\"},\"inLanguage\":\"fr-FR\",\"potentialAction\":[{\"@type\":\"ReadAction\",\"target\":[\"https:\/\/www.praxium.fr\/WordPress3\/notre-adn\/vocation\/\"]}]},{\"@type\":\"ImageObject\",\"inLanguage\":\"fr-FR\",\"@id\":\"https:\/\/www.praxium.fr\/WordPress3\/notre-adn\/vocation\/#primaryimage\",\"url\":\"https:\/\/www.praxium.fr\/WordPress3\/wp-content\/uploads\/2016\/03\/vocation.png\",\"contentUrl\":\"https:\/\/www.praxium.fr\/WordPress3\/wp-content\/uploads\/2016\/03\/vocation.png\",\"width\":900,\"height\":150},{\"@type\":\"BreadcrumbList\",\"@id\":\"https:\/\/www.praxium.fr\/WordPress3\/notre-adn\/vocation\/#breadcrumb\",\"itemListElement\":[{\"@type\":\"ListItem\",\"position\":1,\"name\":\"Accueil\",\"item\":\"https:\/\/www.praxium.fr\/WordPress3\/\"},{\"@type\":\"ListItem\",\"position\":2,\"name\":\"notre ADN\",\"item\":\"https:\/\/www.praxium.fr\/WordPress3\/notre-adn\/\"},{\"@type\":\"ListItem\",\"position\":3,\"name\":\"vocation\"}]},{\"@type\":\"WebSite\",\"@id\":\"https:\/\/www.praxium.fr\/WordPress3\/#website\",\"url\":\"https:\/\/www.praxium.fr\/WordPress3\/\",\"name\":\"Praxium\",\"description\":\"am\u00e9liore votre comp\u00e9titivit\u00e9...\",\"potentialAction\":[{\"@type\":\"SearchAction\",\"target\":{\"@type\":\"EntryPoint\",\"urlTemplate\":\"https:\/\/www.praxium.fr\/WordPress3\/?s={search_term_string}\"},\"query-input\":{\"@type\":\"PropertyValueSpecification\",\"valueRequired\":true,\"valueName\":\"search_term_string\"}}],\"inLanguage\":\"fr-FR\"}]}<\/script>\n<!-- \/ Yoast SEO plugin. -->","yoast_head_json":{"title":"vocation - Praxium","description":"Praxium - Notre Vocation : d\u00e9ployer l'Excellence Op\u00e9rationnelle et assurer la conduite du changement","robots":{"index":"index","follow":"follow","max-snippet":"max-snippet:-1","max-image-preview":"max-image-preview:large","max-video-preview":"max-video-preview:-1"},"canonical":"https:\/\/www.praxium.fr\/WordPress3\/notre-adn\/vocation\/","og_locale":"fr_FR","og_type":"article","og_title":"vocation - Praxium","og_description":"Praxium - Notre Vocation : d\u00e9ployer l'Excellence Op\u00e9rationnelle et assurer la conduite du changement","og_url":"https:\/\/www.praxium.fr\/WordPress3\/notre-adn\/vocation\/","og_site_name":"Praxium","article_publisher":"https:\/\/www.facebook.com\/praxium\/","article_modified_time":"2018-02-20T16:05:01+00:00","og_image":[{"width":900,"height":150,"url":"https:\/\/www.praxium.fr\/WordPress3\/wp-content\/uploads\/2016\/03\/vocation.png","type":"image\/png"}],"twitter_card":"summary_large_image","twitter_site":"@Praxium_fr","twitter_misc":{"Dur\u00e9e de lecture estim\u00e9e":"1 minute"},"schema":{"@context":"https:\/\/schema.org","@graph":[{"@type":"WebPage","@id":"https:\/\/www.praxium.fr\/WordPress3\/notre-adn\/vocation\/","url":"https:\/\/www.praxium.fr\/WordPress3\/notre-adn\/vocation\/","name":"vocation - Praxium","isPartOf":{"@id":"https:\/\/www.praxium.fr\/WordPress3\/#website"},"primaryImageOfPage":{"@id":"https:\/\/www.praxium.fr\/WordPress3\/notre-adn\/vocation\/#primaryimage"},"image":{"@id":"https:\/\/www.praxium.fr\/WordPress3\/notre-adn\/vocation\/#primaryimage"},"thumbnailUrl":"https:\/\/www.praxium.fr\/WordPress3\/wp-content\/uploads\/2016\/03\/vocation.png","datePublished":"2015-03-12T18:15:07+00:00","dateModified":"2018-02-20T16:05:01+00:00","description":"Praxium - Notre Vocation : d\u00e9ployer l'Excellence Op\u00e9rationnelle et assurer la conduite du changement","breadcrumb":{"@id":"https:\/\/www.praxium.fr\/WordPress3\/notre-adn\/vocation\/#breadcrumb"},"inLanguage":"fr-FR","potentialAction":[{"@type":"ReadAction","target":["https:\/\/www.praxium.fr\/WordPress3\/notre-adn\/vocation\/"]}]},{"@type":"ImageObject","inLanguage":"fr-FR","@id":"https:\/\/www.praxium.fr\/WordPress3\/notre-adn\/vocation\/#primaryimage","url":"https:\/\/www.praxium.fr\/WordPress3\/wp-content\/uploads\/2016\/03\/vocation.png","contentUrl":"https:\/\/www.praxium.fr\/WordPress3\/wp-content\/uploads\/2016\/03\/vocation.png","width":900,"height":150},{"@type":"BreadcrumbList","@id":"https:\/\/www.praxium.fr\/WordPress3\/notre-adn\/vocation\/#breadcrumb","itemListElement":[{"@type":"ListItem","position":1,"name":"Accueil","item":"https:\/\/www.praxium.fr\/WordPress3\/"},{"@type":"ListItem","position":2,"name":"notre ADN","item":"https:\/\/www.praxium.fr\/WordPress3\/notre-adn\/"},{"@type":"ListItem","position":3,"name":"vocation"}]},{"@type":"WebSite","@id":"https:\/\/www.praxium.fr\/WordPress3\/#website","url":"https:\/\/www.praxium.fr\/WordPress3\/","name":"Praxium","description":"am\u00e9liore votre comp\u00e9titivit\u00e9...","potentialAction":[{"@type":"SearchAction","target":{"@type":"EntryPoint","urlTemplate":"https:\/\/www.praxium.fr\/WordPress3\/?s={search_term_string}"},"query-input":{"@type":"PropertyValueSpecification","valueRequired":true,"valueName":"search_term_string"}}],"inLanguage":"fr-FR"}]}},"jetpack_shortlink":"https:\/\/wp.me\/P5QOhk-J","jetpack_sharing_enabled":true,"_links":{"self":[{"href":"https:\/\/www.praxium.fr\/WordPress3\/wp-json\/wp\/v2\/pages\/45"}],"collection":[{"href":"https:\/\/www.praxium.fr\/WordPress3\/wp-json\/wp\/v2\/pages"}],"about":[{"href":"https:\/\/www.praxium.fr\/WordPress3\/wp-json\/wp\/v2\/types\/page"}],"author":[{"embeddable":true,"href":"https:\/\/www.praxium.fr\/WordPress3\/wp-json\/wp\/v2\/users\/2"}],"replies":[{"embeddable":true,"href":"https:\/\/www.praxium.fr\/WordPress3\/wp-json\/wp\/v2\/comments?post=45"}],"version-history":[{"count":34,"href":"https:\/\/www.praxium.fr\/WordPress3\/wp-json\/wp\/v2\/pages\/45\/revisions"}],"predecessor-version":[{"id":1511,"href":"https:\/\/www.praxium.fr\/WordPress3\/wp-json\/wp\/v2\/pages\/45\/revisions\/1511"}],"up":[{"embeddable":true,"href":"https:\/\/www.praxium.fr\/WordPress3\/wp-json\/wp\/v2\/pages\/2"}],"wp:featuredmedia":[{"embeddable":true,"href":"https:\/\/www.praxium.fr\/WordPress3\/wp-json\/wp\/v2\/media\/930"}],"wp:attachment":[{"href":"https:\/\/www.praxium.fr\/WordPress3\/wp-json\/wp\/v2\/media?parent=45"}],"curies":[{"name":"wp","href":"https:\/\/api.w.org\/{rel}","templated":true}]}}