{"id":533,"date":"2016-02-13T19:04:19","date_gmt":"2016-02-13T18:04:19","guid":{"rendered":"http:\/\/praxium.fr\/WordPress3\/?page_id=533"},"modified":"2018-02-13T11:00:57","modified_gmt":"2018-02-13T10:00:57","slug":"organisme-de-formation","status":"publish","type":"page","link":"https:\/\/www.praxium.fr\/WordPress3\/nos-competences\/organisme-de-formation\/","title":{"rendered":"Organisme de Formation"},"content":{"rendered":"<h1>Nos comp\u00e9tences en tant qu&#8217;Organisme de Formation<\/h1>\n<blockquote><p>Praxium est organisme de formation enregistr\u00e9 sous le n\u00b054 79 01062 79. Cet enregistrement ne vaut pas agr\u00e9ment de l\u2019\u00c9tat. Nous sommes certifi\u00e9 par la FFP (<a href=\"http:\/\/ffp.org\/\" target=\"_blank\" rel=\"noopener\">F\u00e9d\u00e9ration de la Formation Professionnelle<\/a>).<\/p><\/blockquote>\n<h3>Comp\u00e9tences valid\u00e9es par la FFP :<\/h3>\n<ol>\n<li>Identifier la probl\u00e9matique globale de l&#8217;entreprise afin de r\u00e9diger une offre de formation adapt\u00e9e.<\/li>\n<li>Concevoir l\u2019ing\u00e9nierie d&#8217;un dispositif de formation adapt\u00e9 aux attentes du commanditaire.<\/li>\n<li>Formaliser une offre de formation adapt\u00e9e au profil des stagiaires et permettant d&#8217;atteindre les r\u00e9sultats vis\u00e9s.<\/li>\n<li>Animer des actions de formation en utilisant des d\u00e9marches techniques et m\u00e9thodes adapt\u00e9es aux objectifs poursuivis et aux profils des participants.<\/li>\n<li>g\u00e9rer la dynamique d&#8217;un groupe pour favoriser l&#8217;apprentissage des apprenants.<\/li>\n<li>D\u00e9finir, \u00e9laborer et mettre en \u0153uvre une strat\u00e9gie et des outils d&#8217;\u00e9valuation et les r\u00e9sultats attendus en formation.<\/li>\n<\/ol>\n<h2>Domaines de formation<\/h2>\n<p>Nos formations s&#8217;inscrivent dans les domaines suivants (classification <a href=\"http:\/\/formacode.centre-inffo.fr\/spip.php?page=thesaurus\" target=\"_blank\" rel=\"noopener\">Formacode\u00ae v12.0<\/a>) :<\/p>\n<ul>\n<li style=\"list-style-type: none;\">\n<ul>\n<li>150 D\u00c9VELOPPEMENT PERSONNEL ET PROFESSIONNEL<\/li>\n<li>316 G\u00c9NIE INDUSTRIEL<\/li>\n<li>313 QUALIT\u00c9<\/li>\n<li>320 DIRECTION ENTREPRISE<\/li>\n<li>340 GESTION COMMERCIALE<\/li>\n<li>463 COMMUNICATION INFORMATION<\/li>\n<li>310 INFORMATIQUE<\/li>\n<\/ul>\n<\/li>\n<\/ul>\n<h2>Principes<\/h2>\n<p>Nous privil\u00e9gions les actions de formation adapt\u00e9es au contexte de l&#8217;organisation. C&#8217;est pourquoi nos programmes sont adapt\u00e9s au cas par cas.\u00a0Nous mettons au point des modules adapt\u00e9s aux besoins de formation valid\u00e9s avec nos clients.<\/p>\n<h3>Ing\u00e9nierie de Formation<\/h3>\n<p>Les parcours que nous proposons s&#8217;inscrivent dans les plans de progr\u00e8s \u00e9tablis avec la direction, sur base d&#8217;un \u00e9tat des lieux et des attentes. Les objectifs de formation sont d\u00e9finis puis partag\u00e9s. Ils servent alors de r\u00e9f\u00e9rence dans nos dispositifs d&#8217;\u00e9valuation.<\/p>\n<h3>Ing\u00e9nierie P\u00e9dagogique<\/h3>\n<p>Nous privil\u00e9gions les m\u00e9thodes ternaires :<\/p>\n<ol>\n<li>Activit\u00e9 heuristique : la d\u00e9couverte<\/li>\n<li>Activit\u00e9 d\u00e9monstrative : l&#8217;expos\u00e9<\/li>\n<li>Activit\u00e9 applicative : l&#8217;entra\u00eenement.<\/li>\n<\/ol>\n<p>Nous d\u00e9veloppons et adaptons des outils adapt\u00e9s au contexte de l&#8217;entreprise et des besoins des stagiaires.<\/p>\n<ul>\n<li>Jeux de r\u00f4le,<\/li>\n<li>Jeux p\u00e9dagogiques,<\/li>\n<li>Ateliers de mise en situation.<\/li>\n<\/ul>\n<h3>Dispositifs d&#8217;\u00e9valuation<\/h3>\n<p>Nous d\u00e9veloppons des dispositifs d&#8217;\u00e9valuation au cas par cas, en fin de formation ou post-formation sur des p\u00e9riodes de plusieurs mois. Parce qu&#8217;en moyenne il reste moins de 25% des acquis de formation apr\u00e8s un an, nous privil\u00e9gions des dispositifs qui s&#8217;inscrivent dans la dur\u00e9e.<\/p>\n<p>Nos \u00e9valuation portent sur les axes suivants :<\/p>\n<ul>\n<li>les savoirs : sous forme de questionnaires normatifs, QCM<\/li>\n<li>savoir-faire (techniques, proc\u00e9dures,&#8230;) : audit et entretiens<\/li>\n<li>savoir-\u00eatre (relationnels et comportementaux) : mises en situation sur le terrain<\/li>\n<\/ul>\n<p>&nbsp;<\/p>\n<a class=\" enigma_btn_blue enigma_btn_large  \" href=\"https:\/\/www.praxium.fr\/WordPress3\/nos-services\/programme-formations\/\" target=\"\">Consultez nos programmes de formation<\/a>\n<p>&nbsp;<\/p>\n","protected":false},"excerpt":{"rendered":"<p>Nos comp\u00e9tences en tant qu&#8217;Organisme de Formation Praxium est organisme de formation enregistr\u00e9 sous le n\u00b054 79 01062 79. Cet enregistrement ne vaut pas agr\u00e9ment de l\u2019\u00c9tat. Nous sommes certifi\u00e9 par la FFP (F\u00e9d\u00e9ration de la Formation Professionnelle). Comp\u00e9tences valid\u00e9es par la FFP : Identifier la probl\u00e9matique globale de l&#8217;entreprise afin de r\u00e9diger une offre<\/p>\n","protected":false},"author":2,"featured_media":730,"parent":61,"menu_order":4,"comment_status":"closed","ping_status":"closed","template":"page-fullwidth.php","meta":{"_exactmetrics_skip_tracking":false,"_exactmetrics_sitenote_active":false,"_exactmetrics_sitenote_note":"","_exactmetrics_sitenote_category":0,"footnotes":""},"class_list":["post-533","page","type-page","status-publish","has-post-thumbnail","hentry"],"yoast_head":"<!-- This site is optimized with the Yoast SEO plugin v23.7 - https:\/\/yoast.com\/wordpress\/plugins\/seo\/ -->\n<title>Organisme de Formation - Praxium<\/title>\n<meta name=\"description\" content=\"Praxium est organisme de formation enregistr\u00e9 en pr\u00e9fecture ex r\u00e9gion Poitou-Charentes sous le n\u00b054 79 01062 79. Nous sommes certifi\u00e9 par la FFP (F\u00e9d\u00e9ration de la Formation Professionnelle).Nous privil\u00e9gions les actions de formation adapt\u00e9es au contexte de l&#039;organisation.\" \/>\n<meta name=\"robots\" content=\"index, follow, max-snippet:-1, max-image-preview:large, max-video-preview:-1\" \/>\n<link rel=\"canonical\" href=\"https:\/\/www.praxium.fr\/WordPress3\/nos-competences\/organisme-de-formation\/\" \/>\n<meta property=\"og:locale\" content=\"fr_FR\" \/>\n<meta property=\"og:type\" content=\"article\" \/>\n<meta property=\"og:title\" content=\"Organisme de Formation - Praxium\" \/>\n<meta property=\"og:description\" content=\"Praxium est organisme de formation enregistr\u00e9 en pr\u00e9fecture ex r\u00e9gion Poitou-Charentes sous le n\u00b054 79 01062 79. Nous sommes certifi\u00e9 par la FFP (F\u00e9d\u00e9ration de la Formation Professionnelle).Nous privil\u00e9gions les actions de formation adapt\u00e9es au contexte de l&#039;organisation.\" \/>\n<meta property=\"og:url\" content=\"https:\/\/www.praxium.fr\/WordPress3\/nos-competences\/organisme-de-formation\/\" \/>\n<meta property=\"og:site_name\" content=\"Praxium\" \/>\n<meta property=\"article:publisher\" content=\"https:\/\/www.facebook.com\/praxium\/\" \/>\n<meta property=\"article:modified_time\" content=\"2018-02-13T10:00:57+00:00\" \/>\n<meta property=\"og:image\" content=\"https:\/\/www.praxium.fr\/WordPress3\/wp-content\/uploads\/2015\/05\/innovation3.jpg\" \/>\n\t<meta property=\"og:image:width\" content=\"1400\" \/>\n\t<meta property=\"og:image:height\" content=\"470\" \/>\n\t<meta property=\"og:image:type\" content=\"image\/jpeg\" \/>\n<meta name=\"twitter:card\" content=\"summary_large_image\" \/>\n<meta name=\"twitter:site\" content=\"@Praxium_fr\" \/>\n<meta name=\"twitter:label1\" content=\"Dur\u00e9e de lecture estim\u00e9e\" \/>\n\t<meta name=\"twitter:data1\" content=\"2 minutes\" \/>\n<script type=\"application\/ld+json\" class=\"yoast-schema-graph\">{\"@context\":\"https:\/\/schema.org\",\"@graph\":[{\"@type\":\"WebPage\",\"@id\":\"https:\/\/www.praxium.fr\/WordPress3\/nos-competences\/organisme-de-formation\/\",\"url\":\"https:\/\/www.praxium.fr\/WordPress3\/nos-competences\/organisme-de-formation\/\",\"name\":\"Organisme de Formation - Praxium\",\"isPartOf\":{\"@id\":\"https:\/\/www.praxium.fr\/WordPress3\/#website\"},\"primaryImageOfPage\":{\"@id\":\"https:\/\/www.praxium.fr\/WordPress3\/nos-competences\/organisme-de-formation\/#primaryimage\"},\"image\":{\"@id\":\"https:\/\/www.praxium.fr\/WordPress3\/nos-competences\/organisme-de-formation\/#primaryimage\"},\"thumbnailUrl\":\"https:\/\/www.praxium.fr\/WordPress3\/wp-content\/uploads\/2015\/05\/innovation3.jpg\",\"datePublished\":\"2016-02-13T18:04:19+00:00\",\"dateModified\":\"2018-02-13T10:00:57+00:00\",\"description\":\"Praxium est organisme de formation enregistr\u00e9 en pr\u00e9fecture ex r\u00e9gion Poitou-Charentes sous le n\u00b054 79 01062 79. Nous sommes certifi\u00e9 par la FFP (F\u00e9d\u00e9ration de la Formation Professionnelle).Nous privil\u00e9gions les actions de formation adapt\u00e9es au contexte de l'organisation.\",\"breadcrumb\":{\"@id\":\"https:\/\/www.praxium.fr\/WordPress3\/nos-competences\/organisme-de-formation\/#breadcrumb\"},\"inLanguage\":\"fr-FR\",\"potentialAction\":[{\"@type\":\"ReadAction\",\"target\":[\"https:\/\/www.praxium.fr\/WordPress3\/nos-competences\/organisme-de-formation\/\"]}]},{\"@type\":\"ImageObject\",\"inLanguage\":\"fr-FR\",\"@id\":\"https:\/\/www.praxium.fr\/WordPress3\/nos-competences\/organisme-de-formation\/#primaryimage\",\"url\":\"https:\/\/www.praxium.fr\/WordPress3\/wp-content\/uploads\/2015\/05\/innovation3.jpg\",\"contentUrl\":\"https:\/\/www.praxium.fr\/WordPress3\/wp-content\/uploads\/2015\/05\/innovation3.jpg\",\"width\":1400,\"height\":470},{\"@type\":\"BreadcrumbList\",\"@id\":\"https:\/\/www.praxium.fr\/WordPress3\/nos-competences\/organisme-de-formation\/#breadcrumb\",\"itemListElement\":[{\"@type\":\"ListItem\",\"position\":1,\"name\":\"Accueil\",\"item\":\"https:\/\/www.praxium.fr\/WordPress3\/\"},{\"@type\":\"ListItem\",\"position\":2,\"name\":\"nos comp\u00e9tences\",\"item\":\"https:\/\/www.praxium.fr\/WordPress3\/nos-competences\/\"},{\"@type\":\"ListItem\",\"position\":3,\"name\":\"Organisme de Formation\"}]},{\"@type\":\"WebSite\",\"@id\":\"https:\/\/www.praxium.fr\/WordPress3\/#website\",\"url\":\"https:\/\/www.praxium.fr\/WordPress3\/\",\"name\":\"Praxium\",\"description\":\"am\u00e9liore votre comp\u00e9titivit\u00e9...\",\"potentialAction\":[{\"@type\":\"SearchAction\",\"target\":{\"@type\":\"EntryPoint\",\"urlTemplate\":\"https:\/\/www.praxium.fr\/WordPress3\/?s={search_term_string}\"},\"query-input\":{\"@type\":\"PropertyValueSpecification\",\"valueRequired\":true,\"valueName\":\"search_term_string\"}}],\"inLanguage\":\"fr-FR\"}]}<\/script>\n<!-- \/ Yoast SEO plugin. -->","yoast_head_json":{"title":"Organisme de Formation - Praxium","description":"Praxium est organisme de formation enregistr\u00e9 en pr\u00e9fecture ex r\u00e9gion Poitou-Charentes sous le n\u00b054 79 01062 79. Nous sommes certifi\u00e9 par la FFP (F\u00e9d\u00e9ration de la Formation Professionnelle).Nous privil\u00e9gions les actions de formation adapt\u00e9es au contexte de l'organisation.","robots":{"index":"index","follow":"follow","max-snippet":"max-snippet:-1","max-image-preview":"max-image-preview:large","max-video-preview":"max-video-preview:-1"},"canonical":"https:\/\/www.praxium.fr\/WordPress3\/nos-competences\/organisme-de-formation\/","og_locale":"fr_FR","og_type":"article","og_title":"Organisme de Formation - Praxium","og_description":"Praxium est organisme de formation enregistr\u00e9 en pr\u00e9fecture ex r\u00e9gion Poitou-Charentes sous le n\u00b054 79 01062 79. Nous sommes certifi\u00e9 par la FFP (F\u00e9d\u00e9ration de la Formation Professionnelle).Nous privil\u00e9gions les actions de formation adapt\u00e9es au contexte de l'organisation.","og_url":"https:\/\/www.praxium.fr\/WordPress3\/nos-competences\/organisme-de-formation\/","og_site_name":"Praxium","article_publisher":"https:\/\/www.facebook.com\/praxium\/","article_modified_time":"2018-02-13T10:00:57+00:00","og_image":[{"width":1400,"height":470,"url":"https:\/\/www.praxium.fr\/WordPress3\/wp-content\/uploads\/2015\/05\/innovation3.jpg","type":"image\/jpeg"}],"twitter_card":"summary_large_image","twitter_site":"@Praxium_fr","twitter_misc":{"Dur\u00e9e de lecture estim\u00e9e":"2 minutes"},"schema":{"@context":"https:\/\/schema.org","@graph":[{"@type":"WebPage","@id":"https:\/\/www.praxium.fr\/WordPress3\/nos-competences\/organisme-de-formation\/","url":"https:\/\/www.praxium.fr\/WordPress3\/nos-competences\/organisme-de-formation\/","name":"Organisme de Formation - Praxium","isPartOf":{"@id":"https:\/\/www.praxium.fr\/WordPress3\/#website"},"primaryImageOfPage":{"@id":"https:\/\/www.praxium.fr\/WordPress3\/nos-competences\/organisme-de-formation\/#primaryimage"},"image":{"@id":"https:\/\/www.praxium.fr\/WordPress3\/nos-competences\/organisme-de-formation\/#primaryimage"},"thumbnailUrl":"https:\/\/www.praxium.fr\/WordPress3\/wp-content\/uploads\/2015\/05\/innovation3.jpg","datePublished":"2016-02-13T18:04:19+00:00","dateModified":"2018-02-13T10:00:57+00:00","description":"Praxium est organisme de formation enregistr\u00e9 en pr\u00e9fecture ex r\u00e9gion Poitou-Charentes sous le n\u00b054 79 01062 79. Nous sommes certifi\u00e9 par la FFP (F\u00e9d\u00e9ration de la Formation Professionnelle).Nous privil\u00e9gions les actions de formation adapt\u00e9es au contexte de l'organisation.","breadcrumb":{"@id":"https:\/\/www.praxium.fr\/WordPress3\/nos-competences\/organisme-de-formation\/#breadcrumb"},"inLanguage":"fr-FR","potentialAction":[{"@type":"ReadAction","target":["https:\/\/www.praxium.fr\/WordPress3\/nos-competences\/organisme-de-formation\/"]}]},{"@type":"ImageObject","inLanguage":"fr-FR","@id":"https:\/\/www.praxium.fr\/WordPress3\/nos-competences\/organisme-de-formation\/#primaryimage","url":"https:\/\/www.praxium.fr\/WordPress3\/wp-content\/uploads\/2015\/05\/innovation3.jpg","contentUrl":"https:\/\/www.praxium.fr\/WordPress3\/wp-content\/uploads\/2015\/05\/innovation3.jpg","width":1400,"height":470},{"@type":"BreadcrumbList","@id":"https:\/\/www.praxium.fr\/WordPress3\/nos-competences\/organisme-de-formation\/#breadcrumb","itemListElement":[{"@type":"ListItem","position":1,"name":"Accueil","item":"https:\/\/www.praxium.fr\/WordPress3\/"},{"@type":"ListItem","position":2,"name":"nos comp\u00e9tences","item":"https:\/\/www.praxium.fr\/WordPress3\/nos-competences\/"},{"@type":"ListItem","position":3,"name":"Organisme de Formation"}]},{"@type":"WebSite","@id":"https:\/\/www.praxium.fr\/WordPress3\/#website","url":"https:\/\/www.praxium.fr\/WordPress3\/","name":"Praxium","description":"am\u00e9liore votre comp\u00e9titivit\u00e9...","potentialAction":[{"@type":"SearchAction","target":{"@type":"EntryPoint","urlTemplate":"https:\/\/www.praxium.fr\/WordPress3\/?s={search_term_string}"},"query-input":{"@type":"PropertyValueSpecification","valueRequired":true,"valueName":"search_term_string"}}],"inLanguage":"fr-FR"}]}},"jetpack_shortlink":"https:\/\/wp.me\/P5QOhk-8B","jetpack_sharing_enabled":true,"_links":{"self":[{"href":"https:\/\/www.praxium.fr\/WordPress3\/wp-json\/wp\/v2\/pages\/533"}],"collection":[{"href":"https:\/\/www.praxium.fr\/WordPress3\/wp-json\/wp\/v2\/pages"}],"about":[{"href":"https:\/\/www.praxium.fr\/WordPress3\/wp-json\/wp\/v2\/types\/page"}],"author":[{"embeddable":true,"href":"https:\/\/www.praxium.fr\/WordPress3\/wp-json\/wp\/v2\/users\/2"}],"replies":[{"embeddable":true,"href":"https:\/\/www.praxium.fr\/WordPress3\/wp-json\/wp\/v2\/comments?post=533"}],"version-history":[{"count":16,"href":"https:\/\/www.praxium.fr\/WordPress3\/wp-json\/wp\/v2\/pages\/533\/revisions"}],"predecessor-version":[{"id":1388,"href":"https:\/\/www.praxium.fr\/WordPress3\/wp-json\/wp\/v2\/pages\/533\/revisions\/1388"}],"up":[{"embeddable":true,"href":"https:\/\/www.praxium.fr\/WordPress3\/wp-json\/wp\/v2\/pages\/61"}],"wp:featuredmedia":[{"embeddable":true,"href":"https:\/\/www.praxium.fr\/WordPress3\/wp-json\/wp\/v2\/media\/730"}],"wp:attachment":[{"href":"https:\/\/www.praxium.fr\/WordPress3\/wp-json\/wp\/v2\/media?parent=533"}],"curies":[{"name":"wp","href":"https:\/\/api.w.org\/{rel}","templated":true}]}}