{"id":61,"date":"2015-03-13T15:45:40","date_gmt":"2015-03-13T14:45:40","guid":{"rendered":"http:\/\/praxium.fr\/WordPress3\/?page_id=61"},"modified":"2018-02-20T16:04:28","modified_gmt":"2018-02-20T15:04:28","slug":"nos-competences","status":"publish","type":"page","link":"https:\/\/www.praxium.fr\/WordPress3\/nos-competences\/","title":{"rendered":"nos comp\u00e9tences"},"content":{"rendered":"<h6>Photo by <a href=\"https:\/\/unsplash.com\/photos\/8XDfQmFImtQ?utm_source=unsplash&amp;utm_medium=referral&amp;utm_content=creditCopyText\">Ricardo Gomez Angel<\/a><\/h6>\n<hr \/>\n<h2>Nos comp\u00e9tences<\/h2>\n<blockquote><p>Plus de 25 ann\u00e9es d&#8217;accompagnement nous ont permis de d\u00e9velopper nos comp\u00e9tences dans les domaines suivants :<\/p><\/blockquote>\n<ul>\n<li>\n<h3><a href=\"https:\/\/www.praxium.fr\/WordPress3\/nos-competences\/excellence-operationnelle\/\">Excellence op\u00e9rationnelle<\/a><\/h3>\n<\/li>\n<li>\n<h3><a href=\"https:\/\/www.praxium.fr\/WordPress3\/nos-competences\/transformation-lean\/\">Transformation Lean <\/a><\/h3>\n<\/li>\n<li>\n<h3><a href=\"https:\/\/www.praxium.fr\/WordPress3\/nos-competences\/maitrise-des-flux\/\">Ma\u00eetrise des Flux<\/a><\/h3>\n<\/li>\n<li>\n<h3><a href=\"https:\/\/www.praxium.fr\/WordPress3\/nos-competences\/innovation\/\">Innovation<\/a><\/h3>\n<\/li>\n<li>\n<h3><a href=\"https:\/\/www.praxium.fr\/WordPress3\/nos-competences\/organisme-de-formation\/\">Formation<\/a><\/h3>\n<\/li>\n<\/ul>\n","protected":false},"excerpt":{"rendered":"<p>Photo by Ricardo Gomez Angel Nos comp\u00e9tences Plus de 25 ann\u00e9es d&#8217;accompagnement nous ont permis de d\u00e9velopper nos comp\u00e9tences dans les domaines suivants : Excellence op\u00e9rationnelle Transformation Lean Ma\u00eetrise des Flux Innovation Formation<\/p>\n","protected":false},"author":2,"featured_media":1268,"parent":0,"menu_order":3,"comment_status":"closed","ping_status":"open","template":"page-fullwidth.php","meta":{"_exactmetrics_skip_tracking":false,"_exactmetrics_sitenote_active":false,"_exactmetrics_sitenote_note":"","_exactmetrics_sitenote_category":0,"footnotes":""},"class_list":["post-61","page","type-page","status-publish","has-post-thumbnail","hentry"],"yoast_head":"<!-- This site is optimized with the Yoast SEO plugin v23.7 - https:\/\/yoast.com\/wordpress\/plugins\/seo\/ -->\n<title>nos comp\u00e9tences - Praxium<\/title>\n<meta name=\"description\" content=\"25 ann\u00e9es de conseil et d&#039;accompagnement sur nos comp\u00e9tences en Excellence Op\u00e9rationnelle, transformation Lean, ma\u00eetrise des flux, innovation. Praxium est aussi organisme de formation.\" \/>\n<meta name=\"robots\" content=\"index, follow, max-snippet:-1, max-image-preview:large, max-video-preview:-1\" \/>\n<link rel=\"canonical\" href=\"https:\/\/www.praxium.fr\/WordPress3\/nos-competences\/\" \/>\n<meta property=\"og:locale\" content=\"fr_FR\" \/>\n<meta property=\"og:type\" content=\"article\" \/>\n<meta property=\"og:title\" content=\"nos comp\u00e9tences - Praxium\" \/>\n<meta property=\"og:description\" content=\"25 ann\u00e9es de conseil et d&#039;accompagnement sur nos comp\u00e9tences en Excellence Op\u00e9rationnelle, transformation Lean, ma\u00eetrise des flux, innovation. Praxium est aussi organisme de formation.\" \/>\n<meta property=\"og:url\" content=\"https:\/\/www.praxium.fr\/WordPress3\/nos-competences\/\" \/>\n<meta property=\"og:site_name\" content=\"Praxium\" \/>\n<meta property=\"article:publisher\" content=\"https:\/\/www.facebook.com\/praxium\/\" \/>\n<meta property=\"article:modified_time\" content=\"2018-02-20T15:04:28+00:00\" \/>\n<meta property=\"og:image\" content=\"https:\/\/www.praxium.fr\/WordPress3\/wp-content\/uploads\/2018\/01\/ricardo-gomez-angel-202862-e1516706376517.jpg\" \/>\n\t<meta property=\"og:image:width\" content=\"1900\" \/>\n\t<meta property=\"og:image:height\" content=\"998\" \/>\n\t<meta property=\"og:image:type\" content=\"image\/jpeg\" \/>\n<meta name=\"twitter:card\" content=\"summary_large_image\" \/>\n<meta name=\"twitter:site\" content=\"@Praxium_fr\" \/>\n<script type=\"application\/ld+json\" class=\"yoast-schema-graph\">{\"@context\":\"https:\/\/schema.org\",\"@graph\":[{\"@type\":\"WebPage\",\"@id\":\"https:\/\/www.praxium.fr\/WordPress3\/nos-competences\/\",\"url\":\"https:\/\/www.praxium.fr\/WordPress3\/nos-competences\/\",\"name\":\"nos comp\u00e9tences - Praxium\",\"isPartOf\":{\"@id\":\"https:\/\/www.praxium.fr\/WordPress3\/#website\"},\"primaryImageOfPage\":{\"@id\":\"https:\/\/www.praxium.fr\/WordPress3\/nos-competences\/#primaryimage\"},\"image\":{\"@id\":\"https:\/\/www.praxium.fr\/WordPress3\/nos-competences\/#primaryimage\"},\"thumbnailUrl\":\"https:\/\/www.praxium.fr\/WordPress3\/wp-content\/uploads\/2018\/01\/ricardo-gomez-angel-202862-e1516706376517.jpg\",\"datePublished\":\"2015-03-13T14:45:40+00:00\",\"dateModified\":\"2018-02-20T15:04:28+00:00\",\"description\":\"25 ann\u00e9es de conseil et d'accompagnement sur nos comp\u00e9tences en Excellence Op\u00e9rationnelle, transformation Lean, ma\u00eetrise des flux, innovation. Praxium est aussi organisme de formation.\",\"breadcrumb\":{\"@id\":\"https:\/\/www.praxium.fr\/WordPress3\/nos-competences\/#breadcrumb\"},\"inLanguage\":\"fr-FR\",\"potentialAction\":[{\"@type\":\"ReadAction\",\"target\":[\"https:\/\/www.praxium.fr\/WordPress3\/nos-competences\/\"]}]},{\"@type\":\"ImageObject\",\"inLanguage\":\"fr-FR\",\"@id\":\"https:\/\/www.praxium.fr\/WordPress3\/nos-competences\/#primaryimage\",\"url\":\"https:\/\/www.praxium.fr\/WordPress3\/wp-content\/uploads\/2018\/01\/ricardo-gomez-angel-202862-e1516706376517.jpg\",\"contentUrl\":\"https:\/\/www.praxium.fr\/WordPress3\/wp-content\/uploads\/2018\/01\/ricardo-gomez-angel-202862-e1516706376517.jpg\",\"width\":1900,\"height\":998,\"caption\":\"nos comp\u00e9tences\"},{\"@type\":\"BreadcrumbList\",\"@id\":\"https:\/\/www.praxium.fr\/WordPress3\/nos-competences\/#breadcrumb\",\"itemListElement\":[{\"@type\":\"ListItem\",\"position\":1,\"name\":\"Accueil\",\"item\":\"https:\/\/www.praxium.fr\/WordPress3\/\"},{\"@type\":\"ListItem\",\"position\":2,\"name\":\"nos comp\u00e9tences\"}]},{\"@type\":\"WebSite\",\"@id\":\"https:\/\/www.praxium.fr\/WordPress3\/#website\",\"url\":\"https:\/\/www.praxium.fr\/WordPress3\/\",\"name\":\"Praxium\",\"description\":\"am\u00e9liore votre comp\u00e9titivit\u00e9...\",\"potentialAction\":[{\"@type\":\"SearchAction\",\"target\":{\"@type\":\"EntryPoint\",\"urlTemplate\":\"https:\/\/www.praxium.fr\/WordPress3\/?s={search_term_string}\"},\"query-input\":{\"@type\":\"PropertyValueSpecification\",\"valueRequired\":true,\"valueName\":\"search_term_string\"}}],\"inLanguage\":\"fr-FR\"}]}<\/script>\n<!-- \/ Yoast SEO plugin. -->","yoast_head_json":{"title":"nos comp\u00e9tences - Praxium","description":"25 ann\u00e9es de conseil et d'accompagnement sur nos comp\u00e9tences en Excellence Op\u00e9rationnelle, transformation Lean, ma\u00eetrise des flux, innovation. Praxium est aussi organisme de formation.","robots":{"index":"index","follow":"follow","max-snippet":"max-snippet:-1","max-image-preview":"max-image-preview:large","max-video-preview":"max-video-preview:-1"},"canonical":"https:\/\/www.praxium.fr\/WordPress3\/nos-competences\/","og_locale":"fr_FR","og_type":"article","og_title":"nos comp\u00e9tences - Praxium","og_description":"25 ann\u00e9es de conseil et d'accompagnement sur nos comp\u00e9tences en Excellence Op\u00e9rationnelle, transformation Lean, ma\u00eetrise des flux, innovation. Praxium est aussi organisme de formation.","og_url":"https:\/\/www.praxium.fr\/WordPress3\/nos-competences\/","og_site_name":"Praxium","article_publisher":"https:\/\/www.facebook.com\/praxium\/","article_modified_time":"2018-02-20T15:04:28+00:00","og_image":[{"width":1900,"height":998,"url":"https:\/\/www.praxium.fr\/WordPress3\/wp-content\/uploads\/2018\/01\/ricardo-gomez-angel-202862-e1516706376517.jpg","type":"image\/jpeg"}],"twitter_card":"summary_large_image","twitter_site":"@Praxium_fr","schema":{"@context":"https:\/\/schema.org","@graph":[{"@type":"WebPage","@id":"https:\/\/www.praxium.fr\/WordPress3\/nos-competences\/","url":"https:\/\/www.praxium.fr\/WordPress3\/nos-competences\/","name":"nos comp\u00e9tences - Praxium","isPartOf":{"@id":"https:\/\/www.praxium.fr\/WordPress3\/#website"},"primaryImageOfPage":{"@id":"https:\/\/www.praxium.fr\/WordPress3\/nos-competences\/#primaryimage"},"image":{"@id":"https:\/\/www.praxium.fr\/WordPress3\/nos-competences\/#primaryimage"},"thumbnailUrl":"https:\/\/www.praxium.fr\/WordPress3\/wp-content\/uploads\/2018\/01\/ricardo-gomez-angel-202862-e1516706376517.jpg","datePublished":"2015-03-13T14:45:40+00:00","dateModified":"2018-02-20T15:04:28+00:00","description":"25 ann\u00e9es de conseil et d'accompagnement sur nos comp\u00e9tences en Excellence Op\u00e9rationnelle, transformation Lean, ma\u00eetrise des flux, innovation. Praxium est aussi organisme de formation.","breadcrumb":{"@id":"https:\/\/www.praxium.fr\/WordPress3\/nos-competences\/#breadcrumb"},"inLanguage":"fr-FR","potentialAction":[{"@type":"ReadAction","target":["https:\/\/www.praxium.fr\/WordPress3\/nos-competences\/"]}]},{"@type":"ImageObject","inLanguage":"fr-FR","@id":"https:\/\/www.praxium.fr\/WordPress3\/nos-competences\/#primaryimage","url":"https:\/\/www.praxium.fr\/WordPress3\/wp-content\/uploads\/2018\/01\/ricardo-gomez-angel-202862-e1516706376517.jpg","contentUrl":"https:\/\/www.praxium.fr\/WordPress3\/wp-content\/uploads\/2018\/01\/ricardo-gomez-angel-202862-e1516706376517.jpg","width":1900,"height":998,"caption":"nos comp\u00e9tences"},{"@type":"BreadcrumbList","@id":"https:\/\/www.praxium.fr\/WordPress3\/nos-competences\/#breadcrumb","itemListElement":[{"@type":"ListItem","position":1,"name":"Accueil","item":"https:\/\/www.praxium.fr\/WordPress3\/"},{"@type":"ListItem","position":2,"name":"nos comp\u00e9tences"}]},{"@type":"WebSite","@id":"https:\/\/www.praxium.fr\/WordPress3\/#website","url":"https:\/\/www.praxium.fr\/WordPress3\/","name":"Praxium","description":"am\u00e9liore votre comp\u00e9titivit\u00e9...","potentialAction":[{"@type":"SearchAction","target":{"@type":"EntryPoint","urlTemplate":"https:\/\/www.praxium.fr\/WordPress3\/?s={search_term_string}"},"query-input":{"@type":"PropertyValueSpecification","valueRequired":true,"valueName":"search_term_string"}}],"inLanguage":"fr-FR"}]}},"jetpack_shortlink":"https:\/\/wp.me\/P5QOhk-Z","jetpack_sharing_enabled":true,"_links":{"self":[{"href":"https:\/\/www.praxium.fr\/WordPress3\/wp-json\/wp\/v2\/pages\/61"}],"collection":[{"href":"https:\/\/www.praxium.fr\/WordPress3\/wp-json\/wp\/v2\/pages"}],"about":[{"href":"https:\/\/www.praxium.fr\/WordPress3\/wp-json\/wp\/v2\/types\/page"}],"author":[{"embeddable":true,"href":"https:\/\/www.praxium.fr\/WordPress3\/wp-json\/wp\/v2\/users\/2"}],"replies":[{"embeddable":true,"href":"https:\/\/www.praxium.fr\/WordPress3\/wp-json\/wp\/v2\/comments?post=61"}],"version-history":[{"count":18,"href":"https:\/\/www.praxium.fr\/WordPress3\/wp-json\/wp\/v2\/pages\/61\/revisions"}],"predecessor-version":[{"id":1470,"href":"https:\/\/www.praxium.fr\/WordPress3\/wp-json\/wp\/v2\/pages\/61\/revisions\/1470"}],"wp:featuredmedia":[{"embeddable":true,"href":"https:\/\/www.praxium.fr\/WordPress3\/wp-json\/wp\/v2\/media\/1268"}],"wp:attachment":[{"href":"https:\/\/www.praxium.fr\/WordPress3\/wp-json\/wp\/v2\/media?parent=61"}],"curies":[{"name":"wp","href":"https:\/\/api.w.org\/{rel}","templated":true}]}}