{"id":62,"date":"2015-03-13T15:45:29","date_gmt":"2015-03-13T14:45:29","guid":{"rendered":"http:\/\/praxium.fr\/WordPress3\/?page_id=62"},"modified":"2018-01-30T18:23:39","modified_gmt":"2018-01-30T17:23:39","slug":"maitrise-des-flux","status":"publish","type":"page","link":"https:\/\/www.praxium.fr\/WordPress3\/nos-competences\/maitrise-des-flux\/","title":{"rendered":"Ma\u00eetrise des Flux"},"content":{"rendered":"<h1>nos comp\u00e9tences en\u00a0Ma\u00eetrise des Flux<\/h1>\n<h2>notre mod\u00e8le<\/h2>\n<blockquote><p>Nous appuyons nos actions sur le r\u00e9f\u00e9rentiel de l&#8217;<a href=\"http:\/\/www.apics.org\/\" target=\"_blank\" rel=\"noopener\">APICS<\/a>.<\/p><\/blockquote>\n<p>Nous travaillons\u00a0sur l&#8217;ensemble de la Supply Chain et nous pilotons des projets coordonn\u00e9es sur les th\u00e8mes suivants :<\/p>\n<ol>\n<li>structuration de l&#8217;offre<\/li>\n<li>gestion de la demande<\/li>\n<li>contraintes industrielles<\/li>\n<li>politique stocks<\/li>\n<li>dimensionnement<\/li>\n<li>planification, ordonnancement<\/li>\n<li>production<\/li>\n<li>pilotage<\/li>\n<li>distribution<\/li>\n<li>communication<\/li>\n<\/ol>\n<h2>exemples d&#8217;actions d&#8217;optimisation de la Supply Chain<\/h2>\n<ul>\n<li>optimiser les flux physiques et d\u2019information<\/li>\n<li>am\u00e9liorer le taux de service Client<\/li>\n<li>fiabiliser les pr\u00e9visions, la gestion de la demande<\/li>\n<li>d\u00e9ployer des outils de dimensionnement, planification, ordonnancement, pilotage<\/li>\n<li>optimiser les stocks<\/li>\n<li>mise en flux tir\u00e9s<\/li>\n<\/ul>\n<h2>nos r\u00e9sultats<\/h2>\n<ul>\n<li>Am\u00e9lioration du Taux de Service Client, (OTD)<\/li>\n<li>Fiabilisation des pr\u00e9visions<\/li>\n<li>Optimisation des Stocks<\/li>\n<li>&#8230;<\/li>\n<\/ul>\n<hr \/>\n<blockquote><p>Vous souhaitez plus d&#8217;informations&#8230;<\/p><\/blockquote>\n<a class=\" enigma_btn_blue enigma_btn_large  \" href=\"https:\/\/www.praxium.fr\/WordPress3\/notre-adn\/contact\/\" target=\"\">Contactez-nous<\/a>\n<p>&nbsp;<\/p>\n","protected":false},"excerpt":{"rendered":"<p>nos comp\u00e9tences en\u00a0Ma\u00eetrise des Flux notre mod\u00e8le Nous appuyons nos actions sur le r\u00e9f\u00e9rentiel de l&#8217;APICS. Nous travaillons\u00a0sur l&#8217;ensemble de la Supply Chain et nous pilotons des projets coordonn\u00e9es sur les th\u00e8mes suivants : structuration de l&#8217;offre gestion de la demande contraintes industrielles politique stocks dimensionnement planification, ordonnancement production pilotage distribution communication exemples d&#8217;actions d&#8217;optimisation<\/p>\n","protected":false},"author":2,"featured_media":1368,"parent":61,"menu_order":2,"comment_status":"closed","ping_status":"open","template":"page-fullwidth.php","meta":{"_exactmetrics_skip_tracking":false,"_exactmetrics_sitenote_active":false,"_exactmetrics_sitenote_note":"","_exactmetrics_sitenote_category":0,"footnotes":""},"class_list":["post-62","page","type-page","status-publish","has-post-thumbnail","hentry"],"yoast_head":"<!-- This site is optimized with the Yoast SEO plugin v23.7 - https:\/\/yoast.com\/wordpress\/plugins\/seo\/ -->\n<title>Ma\u00eetrise des Flux - Praxium<\/title>\n<meta name=\"description\" content=\"Nous menons des actions d&#039;am\u00e9lioration de la supply chain en agissant sur les flux physiques et les flux d&#039;information. nos d\u00e9marche s&#039;appuient sur le r\u00e9f\u00e9rentiel de l&#039;APICS.\" \/>\n<meta name=\"robots\" content=\"index, follow, max-snippet:-1, max-image-preview:large, max-video-preview:-1\" \/>\n<link rel=\"canonical\" href=\"https:\/\/www.praxium.fr\/WordPress3\/nos-competences\/maitrise-des-flux\/\" \/>\n<meta property=\"og:locale\" content=\"fr_FR\" \/>\n<meta property=\"og:type\" content=\"article\" \/>\n<meta property=\"og:title\" content=\"Ma\u00eetrise des Flux - Praxium\" \/>\n<meta property=\"og:description\" content=\"Nous menons des actions d&#039;am\u00e9lioration de la supply chain en agissant sur les flux physiques et les flux d&#039;information. nos d\u00e9marche s&#039;appuient sur le r\u00e9f\u00e9rentiel de l&#039;APICS.\" \/>\n<meta property=\"og:url\" content=\"https:\/\/www.praxium.fr\/WordPress3\/nos-competences\/maitrise-des-flux\/\" \/>\n<meta property=\"og:site_name\" content=\"Praxium\" \/>\n<meta property=\"article:publisher\" content=\"https:\/\/www.facebook.com\/praxium\/\" \/>\n<meta property=\"article:modified_time\" content=\"2018-01-30T17:23:39+00:00\" \/>\n<meta property=\"og:image\" content=\"https:\/\/www.praxium.fr\/WordPress3\/wp-content\/uploads\/2018\/01\/jj-ying-chain-e1517332371397.jpg\" \/>\n\t<meta property=\"og:image:width\" content=\"1899\" \/>\n\t<meta property=\"og:image:height\" content=\"786\" \/>\n\t<meta property=\"og:image:type\" content=\"image\/jpeg\" \/>\n<meta name=\"twitter:card\" content=\"summary_large_image\" \/>\n<meta name=\"twitter:site\" content=\"@Praxium_fr\" \/>\n<meta name=\"twitter:label1\" content=\"Dur\u00e9e de lecture estim\u00e9e\" \/>\n\t<meta name=\"twitter:data1\" content=\"1 minute\" \/>\n<script type=\"application\/ld+json\" class=\"yoast-schema-graph\">{\"@context\":\"https:\/\/schema.org\",\"@graph\":[{\"@type\":\"WebPage\",\"@id\":\"https:\/\/www.praxium.fr\/WordPress3\/nos-competences\/maitrise-des-flux\/\",\"url\":\"https:\/\/www.praxium.fr\/WordPress3\/nos-competences\/maitrise-des-flux\/\",\"name\":\"Ma\u00eetrise des Flux - Praxium\",\"isPartOf\":{\"@id\":\"https:\/\/www.praxium.fr\/WordPress3\/#website\"},\"primaryImageOfPage\":{\"@id\":\"https:\/\/www.praxium.fr\/WordPress3\/nos-competences\/maitrise-des-flux\/#primaryimage\"},\"image\":{\"@id\":\"https:\/\/www.praxium.fr\/WordPress3\/nos-competences\/maitrise-des-flux\/#primaryimage\"},\"thumbnailUrl\":\"https:\/\/www.praxium.fr\/WordPress3\/wp-content\/uploads\/2018\/01\/jj-ying-chain-e1517332371397.jpg\",\"datePublished\":\"2015-03-13T14:45:29+00:00\",\"dateModified\":\"2018-01-30T17:23:39+00:00\",\"description\":\"Nous menons des actions d'am\u00e9lioration de la supply chain en agissant sur les flux physiques et les flux d'information. nos d\u00e9marche s'appuient sur le r\u00e9f\u00e9rentiel de l'APICS.\",\"breadcrumb\":{\"@id\":\"https:\/\/www.praxium.fr\/WordPress3\/nos-competences\/maitrise-des-flux\/#breadcrumb\"},\"inLanguage\":\"fr-FR\",\"potentialAction\":[{\"@type\":\"ReadAction\",\"target\":[\"https:\/\/www.praxium.fr\/WordPress3\/nos-competences\/maitrise-des-flux\/\"]}]},{\"@type\":\"ImageObject\",\"inLanguage\":\"fr-FR\",\"@id\":\"https:\/\/www.praxium.fr\/WordPress3\/nos-competences\/maitrise-des-flux\/#primaryimage\",\"url\":\"https:\/\/www.praxium.fr\/WordPress3\/wp-content\/uploads\/2018\/01\/jj-ying-chain-e1517332371397.jpg\",\"contentUrl\":\"https:\/\/www.praxium.fr\/WordPress3\/wp-content\/uploads\/2018\/01\/jj-ying-chain-e1517332371397.jpg\",\"width\":1899,\"height\":786,\"caption\":\"Supply chain\"},{\"@type\":\"BreadcrumbList\",\"@id\":\"https:\/\/www.praxium.fr\/WordPress3\/nos-competences\/maitrise-des-flux\/#breadcrumb\",\"itemListElement\":[{\"@type\":\"ListItem\",\"position\":1,\"name\":\"Accueil\",\"item\":\"https:\/\/www.praxium.fr\/WordPress3\/\"},{\"@type\":\"ListItem\",\"position\":2,\"name\":\"nos comp\u00e9tences\",\"item\":\"https:\/\/www.praxium.fr\/WordPress3\/nos-competences\/\"},{\"@type\":\"ListItem\",\"position\":3,\"name\":\"Ma\u00eetrise des Flux\"}]},{\"@type\":\"WebSite\",\"@id\":\"https:\/\/www.praxium.fr\/WordPress3\/#website\",\"url\":\"https:\/\/www.praxium.fr\/WordPress3\/\",\"name\":\"Praxium\",\"description\":\"am\u00e9liore votre comp\u00e9titivit\u00e9...\",\"potentialAction\":[{\"@type\":\"SearchAction\",\"target\":{\"@type\":\"EntryPoint\",\"urlTemplate\":\"https:\/\/www.praxium.fr\/WordPress3\/?s={search_term_string}\"},\"query-input\":{\"@type\":\"PropertyValueSpecification\",\"valueRequired\":true,\"valueName\":\"search_term_string\"}}],\"inLanguage\":\"fr-FR\"}]}<\/script>\n<!-- \/ Yoast SEO plugin. -->","yoast_head_json":{"title":"Ma\u00eetrise des Flux - Praxium","description":"Nous menons des actions d'am\u00e9lioration de la supply chain en agissant sur les flux physiques et les flux d'information. nos d\u00e9marche s'appuient sur le r\u00e9f\u00e9rentiel de l'APICS.","robots":{"index":"index","follow":"follow","max-snippet":"max-snippet:-1","max-image-preview":"max-image-preview:large","max-video-preview":"max-video-preview:-1"},"canonical":"https:\/\/www.praxium.fr\/WordPress3\/nos-competences\/maitrise-des-flux\/","og_locale":"fr_FR","og_type":"article","og_title":"Ma\u00eetrise des Flux - Praxium","og_description":"Nous menons des actions d'am\u00e9lioration de la supply chain en agissant sur les flux physiques et les flux d'information. nos d\u00e9marche s'appuient sur le r\u00e9f\u00e9rentiel de l'APICS.","og_url":"https:\/\/www.praxium.fr\/WordPress3\/nos-competences\/maitrise-des-flux\/","og_site_name":"Praxium","article_publisher":"https:\/\/www.facebook.com\/praxium\/","article_modified_time":"2018-01-30T17:23:39+00:00","og_image":[{"width":1899,"height":786,"url":"https:\/\/www.praxium.fr\/WordPress3\/wp-content\/uploads\/2018\/01\/jj-ying-chain-e1517332371397.jpg","type":"image\/jpeg"}],"twitter_card":"summary_large_image","twitter_site":"@Praxium_fr","twitter_misc":{"Dur\u00e9e de lecture estim\u00e9e":"1 minute"},"schema":{"@context":"https:\/\/schema.org","@graph":[{"@type":"WebPage","@id":"https:\/\/www.praxium.fr\/WordPress3\/nos-competences\/maitrise-des-flux\/","url":"https:\/\/www.praxium.fr\/WordPress3\/nos-competences\/maitrise-des-flux\/","name":"Ma\u00eetrise des Flux - Praxium","isPartOf":{"@id":"https:\/\/www.praxium.fr\/WordPress3\/#website"},"primaryImageOfPage":{"@id":"https:\/\/www.praxium.fr\/WordPress3\/nos-competences\/maitrise-des-flux\/#primaryimage"},"image":{"@id":"https:\/\/www.praxium.fr\/WordPress3\/nos-competences\/maitrise-des-flux\/#primaryimage"},"thumbnailUrl":"https:\/\/www.praxium.fr\/WordPress3\/wp-content\/uploads\/2018\/01\/jj-ying-chain-e1517332371397.jpg","datePublished":"2015-03-13T14:45:29+00:00","dateModified":"2018-01-30T17:23:39+00:00","description":"Nous menons des actions d'am\u00e9lioration de la supply chain en agissant sur les flux physiques et les flux d'information. nos d\u00e9marche s'appuient sur le r\u00e9f\u00e9rentiel de l'APICS.","breadcrumb":{"@id":"https:\/\/www.praxium.fr\/WordPress3\/nos-competences\/maitrise-des-flux\/#breadcrumb"},"inLanguage":"fr-FR","potentialAction":[{"@type":"ReadAction","target":["https:\/\/www.praxium.fr\/WordPress3\/nos-competences\/maitrise-des-flux\/"]}]},{"@type":"ImageObject","inLanguage":"fr-FR","@id":"https:\/\/www.praxium.fr\/WordPress3\/nos-competences\/maitrise-des-flux\/#primaryimage","url":"https:\/\/www.praxium.fr\/WordPress3\/wp-content\/uploads\/2018\/01\/jj-ying-chain-e1517332371397.jpg","contentUrl":"https:\/\/www.praxium.fr\/WordPress3\/wp-content\/uploads\/2018\/01\/jj-ying-chain-e1517332371397.jpg","width":1899,"height":786,"caption":"Supply chain"},{"@type":"BreadcrumbList","@id":"https:\/\/www.praxium.fr\/WordPress3\/nos-competences\/maitrise-des-flux\/#breadcrumb","itemListElement":[{"@type":"ListItem","position":1,"name":"Accueil","item":"https:\/\/www.praxium.fr\/WordPress3\/"},{"@type":"ListItem","position":2,"name":"nos comp\u00e9tences","item":"https:\/\/www.praxium.fr\/WordPress3\/nos-competences\/"},{"@type":"ListItem","position":3,"name":"Ma\u00eetrise des Flux"}]},{"@type":"WebSite","@id":"https:\/\/www.praxium.fr\/WordPress3\/#website","url":"https:\/\/www.praxium.fr\/WordPress3\/","name":"Praxium","description":"am\u00e9liore votre comp\u00e9titivit\u00e9...","potentialAction":[{"@type":"SearchAction","target":{"@type":"EntryPoint","urlTemplate":"https:\/\/www.praxium.fr\/WordPress3\/?s={search_term_string}"},"query-input":{"@type":"PropertyValueSpecification","valueRequired":true,"valueName":"search_term_string"}}],"inLanguage":"fr-FR"}]}},"jetpack_shortlink":"https:\/\/wp.me\/P5QOhk-10","jetpack_sharing_enabled":true,"_links":{"self":[{"href":"https:\/\/www.praxium.fr\/WordPress3\/wp-json\/wp\/v2\/pages\/62"}],"collection":[{"href":"https:\/\/www.praxium.fr\/WordPress3\/wp-json\/wp\/v2\/pages"}],"about":[{"href":"https:\/\/www.praxium.fr\/WordPress3\/wp-json\/wp\/v2\/types\/page"}],"author":[{"embeddable":true,"href":"https:\/\/www.praxium.fr\/WordPress3\/wp-json\/wp\/v2\/users\/2"}],"replies":[{"embeddable":true,"href":"https:\/\/www.praxium.fr\/WordPress3\/wp-json\/wp\/v2\/comments?post=62"}],"version-history":[{"count":11,"href":"https:\/\/www.praxium.fr\/WordPress3\/wp-json\/wp\/v2\/pages\/62\/revisions"}],"predecessor-version":[{"id":75,"href":"https:\/\/www.praxium.fr\/WordPress3\/wp-json\/wp\/v2\/pages\/62\/revisions\/75"}],"up":[{"embeddable":true,"href":"https:\/\/www.praxium.fr\/WordPress3\/wp-json\/wp\/v2\/pages\/61"}],"wp:featuredmedia":[{"embeddable":true,"href":"https:\/\/www.praxium.fr\/WordPress3\/wp-json\/wp\/v2\/media\/1368"}],"wp:attachment":[{"href":"https:\/\/www.praxium.fr\/WordPress3\/wp-json\/wp\/v2\/media?parent=62"}],"curies":[{"name":"wp","href":"https:\/\/api.w.org\/{rel}","templated":true}]}}