{"id":63,"date":"2015-03-13T15:45:37","date_gmt":"2015-03-13T14:45:37","guid":{"rendered":"http:\/\/praxium.fr\/WordPress3\/?page_id=63"},"modified":"2018-01-30T12:48:58","modified_gmt":"2018-01-30T11:48:58","slug":"programme-formations","status":"publish","type":"page","link":"https:\/\/www.praxium.fr\/WordPress3\/nos-services\/programme-formations\/","title":{"rendered":"Programme Formations"},"content":{"rendered":"<h1>Nos programmes de formation<\/h1>\n<ul>\n<li>150 D\u00c9VELOPPEMENT PERSONNEL ET PROFESSIONNEL<\/li>\n<li>316 G\u00c9NIE INDUSTRIEL<\/li>\n<li>313 QUALIT\u00c9<\/li>\n<li>320 DIRECTION ENTREPRISE<\/li>\n<li>340 GESTION COMMERCIALE<\/li>\n<li>463 COMMUNICATION INFORMATION<\/li>\n<li>310 INFORMATIQUE<\/li>\n<\/ul>\n<h2><\/h2>\n<p>&nbsp;<\/p>\n<hr \/>\n<blockquote>\n<h3>Contactez-nous si vous souhaitez des pr\u00e9cisions<\/h3>\n<\/blockquote>\n<div data-test='contact-form' id='contact-form-63' class='wp-block-jetpack-contact-form-container '>\n<form action='https:\/\/www.praxium.fr\/WordPress3\/nos-services\/programme-formations\/#contact-form-63' method='post' class='contact-form commentsblock' aria-label=\"Programme Formations\" novalidate>\n\n<div style=\"\" class='grunion-field-name-wrap grunion-field-wrap'  >\n<label\n\t\t\t\tfor='g63-nom'\n\t\t\t\tclass='grunion-field-label name'>Nom<span class=\"grunion-label-required\" aria-hidden=\"true\">(obligatoire)<\/span><\/label>\n<input\n\t\t\t\t\ttype='text'\n\t\t\t\t\tname='g63-nom'\n\t\t\t\t\tid='g63-nom'\n\t\t\t\t\tvalue=''\n\t\t\t\t\tclass='name  grunion-field' \n\t\t\t\t\trequired aria-required='true' \/>\n\t<\/div>\n\n<div style=\"\" class='grunion-field-email-wrap grunion-field-wrap'  >\n<label\n\t\t\t\tfor='g63-email'\n\t\t\t\tclass='grunion-field-label email'>E-mail<span class=\"grunion-label-required\" aria-hidden=\"true\">(obligatoire)<\/span><\/label>\n<input\n\t\t\t\t\ttype='email'\n\t\t\t\t\tname='g63-email'\n\t\t\t\t\tid='g63-email'\n\t\t\t\t\tvalue=''\n\t\t\t\t\tclass='email  grunion-field' \n\t\t\t\t\trequired aria-required='true' \/>\n\t<\/div>\n\n<div style=\"\" class='grunion-field-url-wrap grunion-field-wrap'  >\n<label\n\t\t\t\tfor='g63-siteweb'\n\t\t\t\tclass='grunion-field-label url'>Site Web<\/label>\n<input\n\t\t\t\t\ttype='text'\n\t\t\t\t\tname='g63-siteweb'\n\t\t\t\t\tid='g63-siteweb'\n\t\t\t\t\tvalue=''\n\t\t\t\t\tclass='url  grunion-field' \n\t\t\t\t\ttitle=\"Veuillez saisir une URL valide - https:\/\/www.exemple.fr\" oninvalid=\"setCustomValidity(&quot;Veuillez saisir une URL valide - https:\/\/www.exemple.fr&quot;)\" oninput=\"setCustomValidity(&quot;&quot;)\" pattern=\"(([:\\\/a-zA-Z0-9_\\-]+)?(\\.[a-zA-Z0-9_\\-\\\/]+)+)\" data-type-override=\"url\"  \/>\n\t<\/div>\n\n<div style=\"\" class='grunion-field-textarea-wrap grunion-field-wrap'  >\n<label\n\t\t\t\tfor='contact-form-comment-g63-mercideprciservotrequestion'\n\t\t\t\tclass='grunion-field-label textarea'>merci de pr\u00e9ciser votre question<span class=\"grunion-label-required\" aria-hidden=\"true\">(obligatoire)<\/span><\/label>\n<textarea\n\t\t                style=''\n\t\t                name='g63-mercideprciservotrequestion'\n\t\t                id='contact-form-comment-g63-mercideprciservotrequestion'\n\t\t                rows='20' class='textarea  grunion-field'  required aria-required='true'><\/textarea>\n\t<\/div>\n\t<p class='contact-submit'>\n\t\t<button type='submit' class='pushbutton-wide'>Envoyer<\/button>\t\t<input type='hidden' name='contact-form-id' value='63' \/>\n\t\t<input type='hidden' name='action' value='grunion-contact-form' \/>\n\t\t<input type='hidden' name='contact-form-hash' value='4a508c8b86f5fc0e3fdd01a758f9e88e15482905' \/>\n\t<\/p>\n<\/form>\n<\/div>\n","protected":false},"excerpt":{"rendered":"<p>Nos programmes de formation 150 D\u00c9VELOPPEMENT PERSONNEL ET PROFESSIONNEL 316 G\u00c9NIE INDUSTRIEL 313 QUALIT\u00c9 320 DIRECTION ENTREPRISE 340 GESTION COMMERCIALE 463 COMMUNICATION INFORMATION 310 INFORMATIQUE &nbsp; Contactez-nous si vous souhaitez des pr\u00e9cisions<\/p>\n","protected":false},"author":2,"featured_media":0,"parent":102,"menu_order":4,"comment_status":"closed","ping_status":"open","template":"page-fullwidth.php","meta":{"_exactmetrics_skip_tracking":false,"_exactmetrics_sitenote_active":false,"_exactmetrics_sitenote_note":"","_exactmetrics_sitenote_category":0,"footnotes":""},"class_list":["post-63","page","type-page","status-publish","hentry"],"yoast_head":"<!-- This site is optimized with the Yoast SEO plugin v23.7 - https:\/\/yoast.com\/wordpress\/plugins\/seo\/ -->\n<title>Programme Formations - Praxium<\/title>\n<meta name=\"description\" content=\"Nos programmes de formation 150 D\u00c9VELOPPEMENT PERSONNEL ET PROFESSIONNEL 316 G\u00c9NIE INDUSTRIEL 313 QUALIT\u00c9 320 DIRECTION ENTREPRISE 340 GESTION COMMERCIALE\" \/>\n<meta name=\"robots\" content=\"index, follow, max-snippet:-1, max-image-preview:large, max-video-preview:-1\" \/>\n<link rel=\"canonical\" href=\"https:\/\/www.praxium.fr\/WordPress3\/nos-services\/programme-formations\/\" \/>\n<meta property=\"og:locale\" content=\"fr_FR\" \/>\n<meta property=\"og:type\" content=\"article\" \/>\n<meta property=\"og:title\" content=\"Programme Formations - Praxium\" \/>\n<meta property=\"og:description\" content=\"Nos programmes de formation 150 D\u00c9VELOPPEMENT PERSONNEL ET PROFESSIONNEL 316 G\u00c9NIE INDUSTRIEL 313 QUALIT\u00c9 320 DIRECTION ENTREPRISE 340 GESTION COMMERCIALE\" \/>\n<meta property=\"og:url\" content=\"https:\/\/www.praxium.fr\/WordPress3\/nos-services\/programme-formations\/\" \/>\n<meta property=\"og:site_name\" content=\"Praxium\" \/>\n<meta property=\"article:publisher\" content=\"https:\/\/www.facebook.com\/praxium\/\" \/>\n<meta property=\"article:modified_time\" content=\"2018-01-30T11:48:58+00:00\" \/>\n<meta name=\"twitter:card\" content=\"summary_large_image\" \/>\n<meta name=\"twitter:site\" content=\"@Praxium_fr\" \/>\n<script type=\"application\/ld+json\" class=\"yoast-schema-graph\">{\"@context\":\"https:\/\/schema.org\",\"@graph\":[{\"@type\":\"WebPage\",\"@id\":\"https:\/\/www.praxium.fr\/WordPress3\/nos-services\/programme-formations\/\",\"url\":\"https:\/\/www.praxium.fr\/WordPress3\/nos-services\/programme-formations\/\",\"name\":\"Programme Formations - Praxium\",\"isPartOf\":{\"@id\":\"https:\/\/www.praxium.fr\/WordPress3\/#website\"},\"datePublished\":\"2015-03-13T14:45:37+00:00\",\"dateModified\":\"2018-01-30T11:48:58+00:00\",\"description\":\"Nos programmes de formation 150 D\u00c9VELOPPEMENT PERSONNEL ET PROFESSIONNEL 316 G\u00c9NIE INDUSTRIEL 313 QUALIT\u00c9 320 DIRECTION ENTREPRISE 340 GESTION COMMERCIALE\",\"breadcrumb\":{\"@id\":\"https:\/\/www.praxium.fr\/WordPress3\/nos-services\/programme-formations\/#breadcrumb\"},\"inLanguage\":\"fr-FR\",\"potentialAction\":[{\"@type\":\"ReadAction\",\"target\":[\"https:\/\/www.praxium.fr\/WordPress3\/nos-services\/programme-formations\/\"]}]},{\"@type\":\"BreadcrumbList\",\"@id\":\"https:\/\/www.praxium.fr\/WordPress3\/nos-services\/programme-formations\/#breadcrumb\",\"itemListElement\":[{\"@type\":\"ListItem\",\"position\":1,\"name\":\"Accueil\",\"item\":\"https:\/\/www.praxium.fr\/WordPress3\/\"},{\"@type\":\"ListItem\",\"position\":2,\"name\":\"Services\",\"item\":\"https:\/\/www.praxium.fr\/WordPress3\/nos-services\/\"},{\"@type\":\"ListItem\",\"position\":3,\"name\":\"Programme Formations\"}]},{\"@type\":\"WebSite\",\"@id\":\"https:\/\/www.praxium.fr\/WordPress3\/#website\",\"url\":\"https:\/\/www.praxium.fr\/WordPress3\/\",\"name\":\"Praxium\",\"description\":\"am\u00e9liore votre comp\u00e9titivit\u00e9...\",\"potentialAction\":[{\"@type\":\"SearchAction\",\"target\":{\"@type\":\"EntryPoint\",\"urlTemplate\":\"https:\/\/www.praxium.fr\/WordPress3\/?s={search_term_string}\"},\"query-input\":{\"@type\":\"PropertyValueSpecification\",\"valueRequired\":true,\"valueName\":\"search_term_string\"}}],\"inLanguage\":\"fr-FR\"}]}<\/script>\n<!-- \/ Yoast SEO plugin. -->","yoast_head_json":{"title":"Programme Formations - Praxium","description":"Nos programmes de formation 150 D\u00c9VELOPPEMENT PERSONNEL ET PROFESSIONNEL 316 G\u00c9NIE INDUSTRIEL 313 QUALIT\u00c9 320 DIRECTION ENTREPRISE 340 GESTION COMMERCIALE","robots":{"index":"index","follow":"follow","max-snippet":"max-snippet:-1","max-image-preview":"max-image-preview:large","max-video-preview":"max-video-preview:-1"},"canonical":"https:\/\/www.praxium.fr\/WordPress3\/nos-services\/programme-formations\/","og_locale":"fr_FR","og_type":"article","og_title":"Programme Formations - Praxium","og_description":"Nos programmes de formation 150 D\u00c9VELOPPEMENT PERSONNEL ET PROFESSIONNEL 316 G\u00c9NIE INDUSTRIEL 313 QUALIT\u00c9 320 DIRECTION ENTREPRISE 340 GESTION COMMERCIALE","og_url":"https:\/\/www.praxium.fr\/WordPress3\/nos-services\/programme-formations\/","og_site_name":"Praxium","article_publisher":"https:\/\/www.facebook.com\/praxium\/","article_modified_time":"2018-01-30T11:48:58+00:00","twitter_card":"summary_large_image","twitter_site":"@Praxium_fr","schema":{"@context":"https:\/\/schema.org","@graph":[{"@type":"WebPage","@id":"https:\/\/www.praxium.fr\/WordPress3\/nos-services\/programme-formations\/","url":"https:\/\/www.praxium.fr\/WordPress3\/nos-services\/programme-formations\/","name":"Programme Formations - Praxium","isPartOf":{"@id":"https:\/\/www.praxium.fr\/WordPress3\/#website"},"datePublished":"2015-03-13T14:45:37+00:00","dateModified":"2018-01-30T11:48:58+00:00","description":"Nos programmes de formation 150 D\u00c9VELOPPEMENT PERSONNEL ET PROFESSIONNEL 316 G\u00c9NIE INDUSTRIEL 313 QUALIT\u00c9 320 DIRECTION ENTREPRISE 340 GESTION COMMERCIALE","breadcrumb":{"@id":"https:\/\/www.praxium.fr\/WordPress3\/nos-services\/programme-formations\/#breadcrumb"},"inLanguage":"fr-FR","potentialAction":[{"@type":"ReadAction","target":["https:\/\/www.praxium.fr\/WordPress3\/nos-services\/programme-formations\/"]}]},{"@type":"BreadcrumbList","@id":"https:\/\/www.praxium.fr\/WordPress3\/nos-services\/programme-formations\/#breadcrumb","itemListElement":[{"@type":"ListItem","position":1,"name":"Accueil","item":"https:\/\/www.praxium.fr\/WordPress3\/"},{"@type":"ListItem","position":2,"name":"Services","item":"https:\/\/www.praxium.fr\/WordPress3\/nos-services\/"},{"@type":"ListItem","position":3,"name":"Programme Formations"}]},{"@type":"WebSite","@id":"https:\/\/www.praxium.fr\/WordPress3\/#website","url":"https:\/\/www.praxium.fr\/WordPress3\/","name":"Praxium","description":"am\u00e9liore votre comp\u00e9titivit\u00e9...","potentialAction":[{"@type":"SearchAction","target":{"@type":"EntryPoint","urlTemplate":"https:\/\/www.praxium.fr\/WordPress3\/?s={search_term_string}"},"query-input":{"@type":"PropertyValueSpecification","valueRequired":true,"valueName":"search_term_string"}}],"inLanguage":"fr-FR"}]}},"jetpack_shortlink":"https:\/\/wp.me\/P5QOhk-11","jetpack_sharing_enabled":true,"_links":{"self":[{"href":"https:\/\/www.praxium.fr\/WordPress3\/wp-json\/wp\/v2\/pages\/63"}],"collection":[{"href":"https:\/\/www.praxium.fr\/WordPress3\/wp-json\/wp\/v2\/pages"}],"about":[{"href":"https:\/\/www.praxium.fr\/WordPress3\/wp-json\/wp\/v2\/types\/page"}],"author":[{"embeddable":true,"href":"https:\/\/www.praxium.fr\/WordPress3\/wp-json\/wp\/v2\/users\/2"}],"replies":[{"embeddable":true,"href":"https:\/\/www.praxium.fr\/WordPress3\/wp-json\/wp\/v2\/comments?post=63"}],"version-history":[{"count":9,"href":"https:\/\/www.praxium.fr\/WordPress3\/wp-json\/wp\/v2\/pages\/63\/revisions"}],"predecessor-version":[{"id":1344,"href":"https:\/\/www.praxium.fr\/WordPress3\/wp-json\/wp\/v2\/pages\/63\/revisions\/1344"}],"up":[{"embeddable":true,"href":"https:\/\/www.praxium.fr\/WordPress3\/wp-json\/wp\/v2\/pages\/102"}],"wp:attachment":[{"href":"https:\/\/www.praxium.fr\/WordPress3\/wp-json\/wp\/v2\/media?parent=63"}],"curies":[{"name":"wp","href":"https:\/\/api.w.org\/{rel}","templated":true}]}}