{"id":633,"date":"2016-02-20T18:50:31","date_gmt":"2016-02-20T17:50:31","guid":{"rendered":"http:\/\/praxium.fr\/WordPress3\/?page_id=633"},"modified":"2018-02-20T15:06:22","modified_gmt":"2018-02-20T14:06:22","slug":"programme-damelioration","status":"publish","type":"page","link":"https:\/\/www.praxium.fr\/WordPress3\/nos-services\/programme-damelioration\/","title":{"rendered":"Programme d&#8217;am\u00e9lioration"},"content":{"rendered":"<h1>Qu&#8217;est-ce qu&#8217;un programme\u00a0d&#8217;am\u00e9lioration ?<\/h1>\n<blockquote><p>Un programme d&#8217;am\u00e9lioration est un dispositif de gestion de projets d&#8217;am\u00e9lioration qui permet au dirigeant de ma\u00eetriser le d\u00e9ploiement de son plan de progr\u00e8s.<\/p><\/blockquote>\n<h2>Quels sont les \u00e9l\u00e9ments constitutifs de nos programmes ?<\/h2>\n<p>Pour assurer le succ\u00e8s de nos interventions, nous mettons en place les \u00e9l\u00e9ments suivants :<\/p>\n<ul>\n<li>un plan de communication formalis\u00e9<\/li>\n<li>un calendrier\u00a0de r\u00e9alisation (de type GANTT) qui d\u00e9taille l&#8217;ensemble des\u00a0actions \u00e0 r\u00e9aliser.<\/li>\n<li>un planning de ressources affect\u00e9es<\/li>\n<li>un budget de r\u00e9alisation<\/li>\n<li>une analyse de risques et contremesures associ\u00e9es<\/li>\n<\/ul>\n<h2>Comment nous assurons-nous du bon d\u00e9roulement du programme ?<\/h2>\n<ul>\n<li>une organisation du programme avec :\n<ul>\n<li>un sponsor, en g\u00e9n\u00e9ral d\u00e9cideur ou donneur d&#8217;ordre<\/li>\n<li>un chef de projet Client clairement identifi\u00e9<\/li>\n<li>une \u00e9quipe projet Client avec le degr\u00e9 de mobilisation pour chaque membre<\/li>\n<li>une \u00e9quipe projet conseil<\/li>\n<\/ul>\n<\/li>\n<li>Des rituels de\u00a0pilotage du programme qui requiert a minima\n<ul>\n<li>des revues d&#8217;avancement<\/li>\n<li>des jalons de fin de phase<\/li>\n<\/ul>\n<\/li>\n<\/ul>\n<blockquote><p><em>Pour des programmes de grande ampleur, nous mettons en place un dispositif d&#8217;audit qualit\u00e9 interne.<\/em><\/p><\/blockquote>\n<hr \/>\n<h2>Pourquoi r\u00e9aliser un programme d&#8217;am\u00e9lioration\u00a0?<\/h2>\n<p>Parce que la n\u00e9cessit\u00e9 de changement n\u00e9cessite d&#8217;intervenir sur plusieurs champs d&#8217;actions qui interagissent entre eux.<\/p>\n<h2>Comment se d\u00e9roule un programme\u00a0d&#8217;am\u00e9lioration ?<\/h2>\n<div id=\"attachment_1096\" style=\"width: 810px\" class=\"wp-caption aligncenter\"><img loading=\"lazy\" decoding=\"async\" aria-describedby=\"caption-attachment-1096\" class=\"wp-image-1096\" title=\"Phases d'un programme d'am\u00e9lioration\" src=\"https:\/\/praxium.fr\/WordPress3\/wp-content\/uploads\/2016\/02\/projet-phases.png\" alt=\"programme d'am\u00e9lioration\" width=\"800\" height=\"463\" \/><p id=\"caption-attachment-1096\" class=\"wp-caption-text\">phases d&#8217;un programme d&#8217;am\u00e9lioration<\/p><\/div>\n<p style=\"text-align: center;\">Dans sa globalit\u00e9, un programme est d\u00e9compos\u00e9 en 4 phases.<\/p>\n<h2>les livrables d&#8217;un programme d&#8217;am\u00e9lioration<\/h2>\n<ul>\n<li>les supports des comit\u00e9s de pilotage, en validation de fin de phases<\/li>\n<li>le dispositif de pilotage avec outils et rituels mis en place<\/li>\n<li>la mesure des impacts du programme<\/li>\n<li>votre questionnaire de \u00a0qualit\u00e9 que nous vous soumettons \u00e0 la fin de notre prestation.<\/li>\n<li>\u00e9ventuellement un retour d&#8217;exp\u00e9rience formalis\u00e9 que nous partageons.<\/li>\n<\/ul>\n<h3>les pr\u00e9-requis<\/h3>\n<ul>\n<li>Un cahier des charges formalis\u00e9 ou une proposition d&#8217;action de notre part.<\/li>\n<li>Un diagnostic, en particulier lorsqu&#8217;on s&#8217;engage sur des am\u00e9liorations quantifiables.<\/li>\n<li>Un plan de progr\u00e8s formalis\u00e9e nous avons partag\u00e9.<\/li>\n<\/ul>\n<p>La mise en oeuvre d&#8217;un mode programme a pour finalit\u00e9 d&#8217;initier le changement. Il s&#8217;agit bien \u00a0d&#8217;une d\u00e9marche qui facilite pour le Dirigeant les changements de son organisation sur les aspects technique et tactiques.<\/p>\n<blockquote><p><em>Le Dirigeant comprend qu&#8217;il s&#8217;agit de son plan de progr\u00e8s et que le Conseil n&#8217;est qu&#8217;une ressource m\u00e9thodologique et tactique qui lui assure le succ\u00e8s de son entreprise. A ce titre, le Conseil fait partie int\u00e9grante de l&#8217;\u00e9quipe programme et s&#8217;inscrit comme tel. D\u00e9s lors, le succ\u00e8s est commun et partag\u00e9&#8230;<\/em><\/p><\/blockquote>\n<h2>\u00a0Quelle est la m\u00e9thodologie, quels outils ?<\/h2>\n<p>Au cas par cas, selon le contexte, le degr\u00e9 d&#8217;urgence, le niveau de maturit\u00e9 de l&#8217;entreprise et surtout selon le contexte culturel de l&#8217;entreprise et le type de management en place.<\/p>\n<p>C&#8217;est bien l\u00e0 le r\u00f4le du Conseil dans le choix de \u00a0la m\u00e9thode.<\/p>\n<hr \/>\n<blockquote><p><em>Contactez-nous si vous souhaitez des pr\u00e9cisions<\/em><\/p><\/blockquote>\n<div data-test='contact-form' id='contact-form-633' class='wp-block-jetpack-contact-form-container '>\n<form action='https:\/\/www.praxium.fr\/WordPress3\/nos-services\/programme-damelioration\/#contact-form-633' method='post' class='contact-form commentsblock' aria-label=\"Programme d&#039;am\u00e9lioration\" novalidate>\n\n<div style=\"\" class='grunion-field-name-wrap grunion-field-wrap'  >\n<label\n\t\t\t\tfor='g633-nom'\n\t\t\t\tclass='grunion-field-label name'>Nom<span class=\"grunion-label-required\" aria-hidden=\"true\">(obligatoire)<\/span><\/label>\n<input\n\t\t\t\t\ttype='text'\n\t\t\t\t\tname='g633-nom'\n\t\t\t\t\tid='g633-nom'\n\t\t\t\t\tvalue=''\n\t\t\t\t\tclass='name  grunion-field' \n\t\t\t\t\trequired aria-required='true' \/>\n\t<\/div>\n\n<div style=\"\" class='grunion-field-email-wrap grunion-field-wrap'  >\n<label\n\t\t\t\tfor='g633-email'\n\t\t\t\tclass='grunion-field-label email'>E-mail<span class=\"grunion-label-required\" aria-hidden=\"true\">(obligatoire)<\/span><\/label>\n<input\n\t\t\t\t\ttype='email'\n\t\t\t\t\tname='g633-email'\n\t\t\t\t\tid='g633-email'\n\t\t\t\t\tvalue=''\n\t\t\t\t\tclass='email  grunion-field' \n\t\t\t\t\trequired aria-required='true' \/>\n\t<\/div>\n\n<div style=\"\" class='grunion-field-url-wrap grunion-field-wrap'  >\n<label\n\t\t\t\tfor='g633-siteweb'\n\t\t\t\tclass='grunion-field-label url'>Site Web<\/label>\n<input\n\t\t\t\t\ttype='text'\n\t\t\t\t\tname='g633-siteweb'\n\t\t\t\t\tid='g633-siteweb'\n\t\t\t\t\tvalue=''\n\t\t\t\t\tclass='url  grunion-field' \n\t\t\t\t\ttitle=\"Veuillez saisir une URL valide - https:\/\/www.exemple.fr\" oninvalid=\"setCustomValidity(&quot;Veuillez saisir une URL valide - https:\/\/www.exemple.fr&quot;)\" oninput=\"setCustomValidity(&quot;&quot;)\" pattern=\"(([:\\\/a-zA-Z0-9_\\-]+)?(\\.[a-zA-Z0-9_\\-\\\/]+)+)\" data-type-override=\"url\"  \/>\n\t<\/div>\n\n<div style=\"\" class='grunion-field-textarea-wrap grunion-field-wrap'  >\n<label\n\t\t\t\tfor='contact-form-comment-g633-mercideprciservotrequestion'\n\t\t\t\tclass='grunion-field-label textarea'>merci de pr\u00e9ciser votre question<span class=\"grunion-label-required\" aria-hidden=\"true\">(obligatoire)<\/span><\/label>\n<textarea\n\t\t                style=''\n\t\t                name='g633-mercideprciservotrequestion'\n\t\t                id='contact-form-comment-g633-mercideprciservotrequestion'\n\t\t                rows='20' class='textarea  grunion-field'  required aria-required='true'><\/textarea>\n\t<\/div>\n\t<p class='contact-submit'>\n\t\t<button type='submit' class='pushbutton-wide'>Envoyer<\/button>\t\t<input type='hidden' name='contact-form-id' value='633' \/>\n\t\t<input type='hidden' name='action' value='grunion-contact-form' \/>\n\t\t<input type='hidden' name='contact-form-hash' value='24d90ee91aa046cbe1a33d00c563495678ba23ec' \/>\n\t<\/p>\n<\/form>\n<\/div>\n","protected":false},"excerpt":{"rendered":"<p>Qu&#8217;est-ce qu&#8217;un programme\u00a0d&#8217;am\u00e9lioration ? Un programme d&#8217;am\u00e9lioration est un dispositif de gestion de projets d&#8217;am\u00e9lioration qui permet au dirigeant de ma\u00eetriser le d\u00e9ploiement de son plan de progr\u00e8s. Quels sont les \u00e9l\u00e9ments constitutifs de nos programmes ? Pour assurer le succ\u00e8s de nos interventions, nous mettons en place les \u00e9l\u00e9ments suivants : un plan de<\/p>\n","protected":false},"author":2,"featured_media":0,"parent":102,"menu_order":3,"comment_status":"closed","ping_status":"closed","template":"page-fullwidth.php","meta":{"_exactmetrics_skip_tracking":false,"_exactmetrics_sitenote_active":false,"_exactmetrics_sitenote_note":"","_exactmetrics_sitenote_category":0,"footnotes":""},"class_list":["post-633","page","type-page","status-publish","hentry"],"yoast_head":"<!-- This site is optimized with the Yoast SEO plugin v23.7 - https:\/\/yoast.com\/wordpress\/plugins\/seo\/ -->\n<title>Programme d&#039;am\u00e9lioration - Praxium<\/title>\n<meta name=\"description\" content=\"Un programme d&#039;am\u00e9lioration est un dispositif de gestion de projets qui permet au dirigeant de ma\u00eetriser le d\u00e9ploiement de son plan de progr\u00e8s.\" \/>\n<meta name=\"robots\" content=\"index, follow, max-snippet:-1, max-image-preview:large, max-video-preview:-1\" \/>\n<link rel=\"canonical\" href=\"https:\/\/www.praxium.fr\/WordPress3\/nos-services\/programme-damelioration\/\" \/>\n<meta property=\"og:locale\" content=\"fr_FR\" \/>\n<meta property=\"og:type\" content=\"article\" \/>\n<meta property=\"og:title\" content=\"Programme d&#039;am\u00e9lioration - Praxium\" \/>\n<meta property=\"og:description\" content=\"Un programme d&#039;am\u00e9lioration est un dispositif de gestion de projets qui permet au dirigeant de ma\u00eetriser le d\u00e9ploiement de son plan de progr\u00e8s.\" \/>\n<meta property=\"og:url\" content=\"https:\/\/www.praxium.fr\/WordPress3\/nos-services\/programme-damelioration\/\" \/>\n<meta property=\"og:site_name\" content=\"Praxium\" \/>\n<meta property=\"article:publisher\" content=\"https:\/\/www.facebook.com\/praxium\/\" \/>\n<meta property=\"article:modified_time\" content=\"2018-02-20T14:06:22+00:00\" \/>\n<meta property=\"og:image\" content=\"https:\/\/praxium.fr\/WordPress3\/wp-content\/uploads\/2016\/02\/projet-phases.png\" \/>\n<meta name=\"twitter:card\" content=\"summary_large_image\" \/>\n<meta name=\"twitter:site\" content=\"@Praxium_fr\" \/>\n<meta name=\"twitter:label1\" content=\"Dur\u00e9e de lecture estim\u00e9e\" \/>\n\t<meta name=\"twitter:data1\" content=\"3 minutes\" \/>\n<script type=\"application\/ld+json\" class=\"yoast-schema-graph\">{\"@context\":\"https:\/\/schema.org\",\"@graph\":[{\"@type\":\"WebPage\",\"@id\":\"https:\/\/www.praxium.fr\/WordPress3\/nos-services\/programme-damelioration\/\",\"url\":\"https:\/\/www.praxium.fr\/WordPress3\/nos-services\/programme-damelioration\/\",\"name\":\"Programme d'am\u00e9lioration - Praxium\",\"isPartOf\":{\"@id\":\"https:\/\/www.praxium.fr\/WordPress3\/#website\"},\"primaryImageOfPage\":{\"@id\":\"https:\/\/www.praxium.fr\/WordPress3\/nos-services\/programme-damelioration\/#primaryimage\"},\"image\":{\"@id\":\"https:\/\/www.praxium.fr\/WordPress3\/nos-services\/programme-damelioration\/#primaryimage\"},\"thumbnailUrl\":\"https:\/\/praxium.fr\/WordPress3\/wp-content\/uploads\/2016\/02\/projet-phases.png\",\"datePublished\":\"2016-02-20T17:50:31+00:00\",\"dateModified\":\"2018-02-20T14:06:22+00:00\",\"description\":\"Un programme d'am\u00e9lioration est un dispositif de gestion de projets qui permet au dirigeant de ma\u00eetriser le d\u00e9ploiement de son plan de progr\u00e8s.\",\"breadcrumb\":{\"@id\":\"https:\/\/www.praxium.fr\/WordPress3\/nos-services\/programme-damelioration\/#breadcrumb\"},\"inLanguage\":\"fr-FR\",\"potentialAction\":[{\"@type\":\"ReadAction\",\"target\":[\"https:\/\/www.praxium.fr\/WordPress3\/nos-services\/programme-damelioration\/\"]}]},{\"@type\":\"ImageObject\",\"inLanguage\":\"fr-FR\",\"@id\":\"https:\/\/www.praxium.fr\/WordPress3\/nos-services\/programme-damelioration\/#primaryimage\",\"url\":\"https:\/\/praxium.fr\/WordPress3\/wp-content\/uploads\/2016\/02\/projet-phases.png\",\"contentUrl\":\"https:\/\/praxium.fr\/WordPress3\/wp-content\/uploads\/2016\/02\/projet-phases.png\"},{\"@type\":\"BreadcrumbList\",\"@id\":\"https:\/\/www.praxium.fr\/WordPress3\/nos-services\/programme-damelioration\/#breadcrumb\",\"itemListElement\":[{\"@type\":\"ListItem\",\"position\":1,\"name\":\"Accueil\",\"item\":\"https:\/\/www.praxium.fr\/WordPress3\/\"},{\"@type\":\"ListItem\",\"position\":2,\"name\":\"Services\",\"item\":\"https:\/\/www.praxium.fr\/WordPress3\/nos-services\/\"},{\"@type\":\"ListItem\",\"position\":3,\"name\":\"Programme d&#8217;am\u00e9lioration\"}]},{\"@type\":\"WebSite\",\"@id\":\"https:\/\/www.praxium.fr\/WordPress3\/#website\",\"url\":\"https:\/\/www.praxium.fr\/WordPress3\/\",\"name\":\"Praxium\",\"description\":\"am\u00e9liore votre comp\u00e9titivit\u00e9...\",\"potentialAction\":[{\"@type\":\"SearchAction\",\"target\":{\"@type\":\"EntryPoint\",\"urlTemplate\":\"https:\/\/www.praxium.fr\/WordPress3\/?s={search_term_string}\"},\"query-input\":{\"@type\":\"PropertyValueSpecification\",\"valueRequired\":true,\"valueName\":\"search_term_string\"}}],\"inLanguage\":\"fr-FR\"}]}<\/script>\n<!-- \/ Yoast SEO plugin. -->","yoast_head_json":{"title":"Programme d'am\u00e9lioration - Praxium","description":"Un programme d'am\u00e9lioration est un dispositif de gestion de projets qui permet au dirigeant de ma\u00eetriser le d\u00e9ploiement de son plan de progr\u00e8s.","robots":{"index":"index","follow":"follow","max-snippet":"max-snippet:-1","max-image-preview":"max-image-preview:large","max-video-preview":"max-video-preview:-1"},"canonical":"https:\/\/www.praxium.fr\/WordPress3\/nos-services\/programme-damelioration\/","og_locale":"fr_FR","og_type":"article","og_title":"Programme d'am\u00e9lioration - Praxium","og_description":"Un programme d'am\u00e9lioration est un dispositif de gestion de projets qui permet au dirigeant de ma\u00eetriser le d\u00e9ploiement de son plan de progr\u00e8s.","og_url":"https:\/\/www.praxium.fr\/WordPress3\/nos-services\/programme-damelioration\/","og_site_name":"Praxium","article_publisher":"https:\/\/www.facebook.com\/praxium\/","article_modified_time":"2018-02-20T14:06:22+00:00","og_image":[{"url":"https:\/\/praxium.fr\/WordPress3\/wp-content\/uploads\/2016\/02\/projet-phases.png"}],"twitter_card":"summary_large_image","twitter_site":"@Praxium_fr","twitter_misc":{"Dur\u00e9e de lecture estim\u00e9e":"3 minutes"},"schema":{"@context":"https:\/\/schema.org","@graph":[{"@type":"WebPage","@id":"https:\/\/www.praxium.fr\/WordPress3\/nos-services\/programme-damelioration\/","url":"https:\/\/www.praxium.fr\/WordPress3\/nos-services\/programme-damelioration\/","name":"Programme d'am\u00e9lioration - Praxium","isPartOf":{"@id":"https:\/\/www.praxium.fr\/WordPress3\/#website"},"primaryImageOfPage":{"@id":"https:\/\/www.praxium.fr\/WordPress3\/nos-services\/programme-damelioration\/#primaryimage"},"image":{"@id":"https:\/\/www.praxium.fr\/WordPress3\/nos-services\/programme-damelioration\/#primaryimage"},"thumbnailUrl":"https:\/\/praxium.fr\/WordPress3\/wp-content\/uploads\/2016\/02\/projet-phases.png","datePublished":"2016-02-20T17:50:31+00:00","dateModified":"2018-02-20T14:06:22+00:00","description":"Un programme d'am\u00e9lioration est un dispositif de gestion de projets qui permet au dirigeant de ma\u00eetriser le d\u00e9ploiement de son plan de progr\u00e8s.","breadcrumb":{"@id":"https:\/\/www.praxium.fr\/WordPress3\/nos-services\/programme-damelioration\/#breadcrumb"},"inLanguage":"fr-FR","potentialAction":[{"@type":"ReadAction","target":["https:\/\/www.praxium.fr\/WordPress3\/nos-services\/programme-damelioration\/"]}]},{"@type":"ImageObject","inLanguage":"fr-FR","@id":"https:\/\/www.praxium.fr\/WordPress3\/nos-services\/programme-damelioration\/#primaryimage","url":"https:\/\/praxium.fr\/WordPress3\/wp-content\/uploads\/2016\/02\/projet-phases.png","contentUrl":"https:\/\/praxium.fr\/WordPress3\/wp-content\/uploads\/2016\/02\/projet-phases.png"},{"@type":"BreadcrumbList","@id":"https:\/\/www.praxium.fr\/WordPress3\/nos-services\/programme-damelioration\/#breadcrumb","itemListElement":[{"@type":"ListItem","position":1,"name":"Accueil","item":"https:\/\/www.praxium.fr\/WordPress3\/"},{"@type":"ListItem","position":2,"name":"Services","item":"https:\/\/www.praxium.fr\/WordPress3\/nos-services\/"},{"@type":"ListItem","position":3,"name":"Programme d&#8217;am\u00e9lioration"}]},{"@type":"WebSite","@id":"https:\/\/www.praxium.fr\/WordPress3\/#website","url":"https:\/\/www.praxium.fr\/WordPress3\/","name":"Praxium","description":"am\u00e9liore votre comp\u00e9titivit\u00e9...","potentialAction":[{"@type":"SearchAction","target":{"@type":"EntryPoint","urlTemplate":"https:\/\/www.praxium.fr\/WordPress3\/?s={search_term_string}"},"query-input":{"@type":"PropertyValueSpecification","valueRequired":true,"valueName":"search_term_string"}}],"inLanguage":"fr-FR"}]}},"jetpack_shortlink":"https:\/\/wp.me\/P5QOhk-ad","jetpack_sharing_enabled":true,"_links":{"self":[{"href":"https:\/\/www.praxium.fr\/WordPress3\/wp-json\/wp\/v2\/pages\/633"}],"collection":[{"href":"https:\/\/www.praxium.fr\/WordPress3\/wp-json\/wp\/v2\/pages"}],"about":[{"href":"https:\/\/www.praxium.fr\/WordPress3\/wp-json\/wp\/v2\/types\/page"}],"author":[{"embeddable":true,"href":"https:\/\/www.praxium.fr\/WordPress3\/wp-json\/wp\/v2\/users\/2"}],"replies":[{"embeddable":true,"href":"https:\/\/www.praxium.fr\/WordPress3\/wp-json\/wp\/v2\/comments?post=633"}],"version-history":[{"count":13,"href":"https:\/\/www.praxium.fr\/WordPress3\/wp-json\/wp\/v2\/pages\/633\/revisions"}],"predecessor-version":[{"id":1458,"href":"https:\/\/www.praxium.fr\/WordPress3\/wp-json\/wp\/v2\/pages\/633\/revisions\/1458"}],"up":[{"embeddable":true,"href":"https:\/\/www.praxium.fr\/WordPress3\/wp-json\/wp\/v2\/pages\/102"}],"wp:attachment":[{"href":"https:\/\/www.praxium.fr\/WordPress3\/wp-json\/wp\/v2\/media?parent=633"}],"curies":[{"name":"wp","href":"https:\/\/api.w.org\/{rel}","templated":true}]}}