{"id":634,"date":"2016-02-20T18:48:30","date_gmt":"2016-02-20T17:48:30","guid":{"rendered":"http:\/\/praxium.fr\/WordPress3\/?page_id=634"},"modified":"2018-02-20T16:19:42","modified_gmt":"2018-02-20T15:19:42","slug":"chantier-damelioration","status":"publish","type":"page","link":"https:\/\/www.praxium.fr\/WordPress3\/nos-services\/chantier-damelioration\/","title":{"rendered":"chantier d&#8217;am\u00e9lioration"},"content":{"rendered":"<h1>Qu&#8217;est-ce qu&#8217;un chantier d&#8217;am\u00e9lioration ?<\/h1>\n<p>Un chantier d&#8217;am\u00e9lioration est\u00a0un dispositif d&#8217;am\u00e9lioration continue qui a pour finalit\u00e9 de traiter un dysfonctionnement identifi\u00e9 ou d&#8217;am\u00e9liorer le fonctionnement d&#8217;un processus de l&#8217;entreprise.<\/p>\n<p>Nous proposons d&#8217;utiliser le DMAIC pour ce type de chantier. D&#8217;autres outils chantiers peuvent \u00eatre mis en oeuvre en fonction du contexte.<\/p>\n<p>Le chantier de type DMAIC est planifi\u00e9 sur 5 ou 6 s\u00e9ances et peut se d\u00e9cliner\u00a0selon plusieurs sch\u00e9mas :<\/p>\n<ul>\n<li><strong>concentr\u00e9 sur une semaine<\/strong> parce qu&#8217;il y a urgence et parce qu&#8217;on dispose des informations et donn\u00e9es de mesure requises.<\/li>\n<li><strong>planifi\u00e9 sur base d&#8217;une s\u00e9ance par semaine<\/strong> parce que l&#8217;urgence est moindre et qu&#8217;il est d\u00e9licat de &#8220;bloquer&#8221; l&#8217;\u00e9quipe sur une semaine.<\/li>\n<li><strong>plus \u00e9tal\u00e9 parce que le sujet est plus complexe<\/strong> et que les donn\u00e9es requises ne sont pas disponibles sans mettre en place des mesures ad hoc.<\/li>\n<\/ul>\n<p>&nbsp;<\/p>\n<p><img loading=\"lazy\" decoding=\"async\" class=\"aligncenter wp-image-1089\" src=\"https:\/\/www.praxium.fr\/WordPress3\/wp-content\/uploads\/2016\/02\/lean-dmaic.png\" alt=\"synoptique DMAIC\" width=\"800\" height=\"474\" \/><\/p>\n<h2>Pourquoi r\u00e9aliser un chantier d&#8217;am\u00e9lioration ?<\/h2>\n<ul>\n<li>Parce que le sujet est cibl\u00e9 sur un p\u00e9rim\u00e8tre.<\/li>\n<li>Parce ce que les r\u00e9sultats sont\u00a0visibles rapidement.<\/li>\n<li>Parce que le co\u00fbt est limit\u00e9 par rapport \u00e0 un <a href=\"https:\/\/www.praxium.fr\/WordPress3\/nos-services\/programme-damelioration\/\">programme d&#8217;am\u00e9lioration<\/a> et plus adapt\u00e9 aux entreprises de petite taille.<\/li>\n<li>Pour initier une\u00a0d\u00e9marche d&#8217;am\u00e9lioration sous forme de <strong>chantier pilote<\/strong>.<\/li>\n<li>Parce le mode chantier implique les personnes directement concern\u00e9es au\u00a0quotidien.<\/li>\n<\/ul>\n<hr \/>\n<h2>Comment se d\u00e9roule un chantier d&#8217;am\u00e9lioration ?<\/h2>\n<ol>\n<li>Construction de la charte du chantier qui pr\u00e9cise a minima le sujet, les objectifs, le p\u00e9rim\u00e8tre, l&#8217;\u00e9quipe, le calendrier,&#8230;<\/li>\n<li>5 \u00e0 6 s\u00e9ances de travail d&#8217;une demi-journ\u00e9e \u00e0 une journ\u00e9e selon l&#8217;ampleur du sujet.<\/li>\n<li>Chaque s\u00e9ance est cadr\u00e9e par un objectif et doit produire des livrables pour passer \u00e0 la s\u00e9ance suivante.<\/li>\n<li>L&#8217;\u00e9quipe chantier s&#8217;appuie sur des outils sp\u00e9cifiques pour chaque \u00e9tape du chantier.<\/li>\n<li>Des travaux inter-s\u00e9ances sont requis.<\/li>\n<li>Une pr\u00e9sentation de l&#8217;avancement du chantier au sponsor en phase interm\u00e9diaire pour valider le plan d&#8217;actions et en phase finale pour mesurer d&#8217;impact et retour d&#8217;exp\u00e9rience.<\/li>\n<li>Enfin, en fin de chantier, il est de bon ton d&#8217;en c\u00e9l\u00e9brer le succ\u00e8s&#8230;<\/li>\n<\/ol>\n<hr \/>\n<h2>Quels livrables attendre d&#8217;un chantier d&#8217;am\u00e9lioration ?<\/h2>\n<p>A la fin du chantier, vous disposez a minima des \u00e9l\u00e9ments suivants :<\/p>\n<ul>\n<li>un plan d&#8217;actions de progr\u00e8s formalis\u00e9 et l&#8217;outil\u00a0pour le piloter<\/li>\n<li>des indicateurs et un\u00a0dispositif de pilotage des progr\u00e8s<\/li>\n<li>un plan de ma\u00eetrise pour assurer la p\u00e9rennit\u00e9 de l&#8217;am\u00e9lioration<\/li>\n<\/ul>\n<hr \/>\n<p>&nbsp;<\/p>\n<blockquote><p><em>Contactez-nous si vous souhaitez des pr\u00e9cisions<\/em><\/p><\/blockquote>\n<div data-test='contact-form' id='contact-form-634' class='wp-block-jetpack-contact-form-container '>\n<form action='https:\/\/www.praxium.fr\/WordPress3\/nos-services\/chantier-damelioration\/#contact-form-634' method='post' class='contact-form commentsblock' aria-label=\"chantier d&#039;am\u00e9lioration\" novalidate>\n\n<div style=\"\" class='grunion-field-name-wrap grunion-field-wrap'  >\n<label\n\t\t\t\tfor='g634-nom'\n\t\t\t\tclass='grunion-field-label name'>Nom<span class=\"grunion-label-required\" aria-hidden=\"true\">(obligatoire)<\/span><\/label>\n<input\n\t\t\t\t\ttype='text'\n\t\t\t\t\tname='g634-nom'\n\t\t\t\t\tid='g634-nom'\n\t\t\t\t\tvalue=''\n\t\t\t\t\tclass='name  grunion-field' \n\t\t\t\t\trequired aria-required='true' \/>\n\t<\/div>\n\n<div style=\"\" class='grunion-field-email-wrap grunion-field-wrap'  >\n<label\n\t\t\t\tfor='g634-email'\n\t\t\t\tclass='grunion-field-label email'>E-mail<span class=\"grunion-label-required\" aria-hidden=\"true\">(obligatoire)<\/span><\/label>\n<input\n\t\t\t\t\ttype='email'\n\t\t\t\t\tname='g634-email'\n\t\t\t\t\tid='g634-email'\n\t\t\t\t\tvalue=''\n\t\t\t\t\tclass='email  grunion-field' \n\t\t\t\t\trequired aria-required='true' \/>\n\t<\/div>\n\n<div style=\"\" class='grunion-field-url-wrap grunion-field-wrap'  >\n<label\n\t\t\t\tfor='g634-siteweb'\n\t\t\t\tclass='grunion-field-label url'>Site Web<\/label>\n<input\n\t\t\t\t\ttype='text'\n\t\t\t\t\tname='g634-siteweb'\n\t\t\t\t\tid='g634-siteweb'\n\t\t\t\t\tvalue=''\n\t\t\t\t\tclass='url  grunion-field' \n\t\t\t\t\ttitle=\"Veuillez saisir une URL valide - https:\/\/www.exemple.fr\" oninvalid=\"setCustomValidity(&quot;Veuillez saisir une URL valide - https:\/\/www.exemple.fr&quot;)\" oninput=\"setCustomValidity(&quot;&quot;)\" pattern=\"(([:\\\/a-zA-Z0-9_\\-]+)?(\\.[a-zA-Z0-9_\\-\\\/]+)+)\" data-type-override=\"url\"  \/>\n\t<\/div>\n\n<div style=\"\" class='grunion-field-textarea-wrap grunion-field-wrap'  >\n<label\n\t\t\t\tfor='contact-form-comment-g634-mercideprciservotrequestion'\n\t\t\t\tclass='grunion-field-label textarea'>merci de pr\u00e9ciser votre question<span class=\"grunion-label-required\" aria-hidden=\"true\">(obligatoire)<\/span><\/label>\n<textarea\n\t\t                style=''\n\t\t                name='g634-mercideprciservotrequestion'\n\t\t                id='contact-form-comment-g634-mercideprciservotrequestion'\n\t\t                rows='20' class='textarea  grunion-field'  required aria-required='true'><\/textarea>\n\t<\/div>\n\t<p class='contact-submit'>\n\t\t<button type='submit' class='pushbutton-wide'>Envoyer<\/button>\t\t<input type='hidden' name='contact-form-id' value='634' \/>\n\t\t<input type='hidden' name='action' value='grunion-contact-form' \/>\n\t\t<input type='hidden' name='contact-form-hash' value='924c5e10f5aa9232f284e50a1993306b300ff9f0' \/>\n\t<\/p>\n<\/form>\n<\/div>\n","protected":false},"excerpt":{"rendered":"<p>Qu&#8217;est-ce qu&#8217;un chantier d&#8217;am\u00e9lioration ? Un chantier d&#8217;am\u00e9lioration est\u00a0un dispositif d&#8217;am\u00e9lioration continue qui a pour finalit\u00e9 de traiter un dysfonctionnement identifi\u00e9 ou d&#8217;am\u00e9liorer le fonctionnement d&#8217;un processus de l&#8217;entreprise. Nous proposons d&#8217;utiliser le DMAIC pour ce type de chantier. D&#8217;autres outils chantiers peuvent \u00eatre mis en oeuvre en fonction du contexte. Le chantier de type<\/p>\n","protected":false},"author":2,"featured_media":0,"parent":102,"menu_order":2,"comment_status":"closed","ping_status":"closed","template":"page-fullwidth.php","meta":{"_exactmetrics_skip_tracking":false,"_exactmetrics_sitenote_active":false,"_exactmetrics_sitenote_note":"","_exactmetrics_sitenote_category":0,"footnotes":""},"class_list":["post-634","page","type-page","status-publish","hentry"],"yoast_head":"<!-- This site is optimized with the Yoast SEO plugin v23.7 - https:\/\/yoast.com\/wordpress\/plugins\/seo\/ -->\n<title>chantier d&#039;am\u00e9lioration - Praxium<\/title>\n<meta name=\"description\" content=\"La finalit\u00e9 d&#039;un chantier d&#039;am\u00e9lioration estde traiter un dysfonctionnement identifi\u00e9 ou d&#039;am\u00e9liorer le fonctionnement d&#039;un processus de l&#039;entreprise.\" \/>\n<meta name=\"robots\" content=\"index, follow, max-snippet:-1, max-image-preview:large, max-video-preview:-1\" \/>\n<link rel=\"canonical\" href=\"https:\/\/www.praxium.fr\/WordPress3\/nos-services\/chantier-damelioration\/\" \/>\n<meta property=\"og:locale\" content=\"fr_FR\" \/>\n<meta property=\"og:type\" content=\"article\" \/>\n<meta property=\"og:title\" content=\"chantier d&#039;am\u00e9lioration - Praxium\" \/>\n<meta property=\"og:description\" content=\"La finalit\u00e9 d&#039;un chantier d&#039;am\u00e9lioration estde traiter un dysfonctionnement identifi\u00e9 ou d&#039;am\u00e9liorer le fonctionnement d&#039;un processus de l&#039;entreprise.\" \/>\n<meta property=\"og:url\" content=\"https:\/\/www.praxium.fr\/WordPress3\/nos-services\/chantier-damelioration\/\" \/>\n<meta property=\"og:site_name\" content=\"Praxium\" \/>\n<meta property=\"article:publisher\" content=\"https:\/\/www.facebook.com\/praxium\/\" \/>\n<meta property=\"article:modified_time\" content=\"2018-02-20T15:19:42+00:00\" \/>\n<meta property=\"og:image\" content=\"https:\/\/www.praxium.fr\/WordPress3\/wp-content\/uploads\/2016\/02\/lean-dmaic.png\" \/>\n<meta name=\"twitter:card\" content=\"summary_large_image\" \/>\n<meta name=\"twitter:site\" content=\"@Praxium_fr\" \/>\n<meta name=\"twitter:label1\" content=\"Dur\u00e9e de lecture estim\u00e9e\" \/>\n\t<meta name=\"twitter:data1\" content=\"2 minutes\" \/>\n<script type=\"application\/ld+json\" class=\"yoast-schema-graph\">{\"@context\":\"https:\/\/schema.org\",\"@graph\":[{\"@type\":\"WebPage\",\"@id\":\"https:\/\/www.praxium.fr\/WordPress3\/nos-services\/chantier-damelioration\/\",\"url\":\"https:\/\/www.praxium.fr\/WordPress3\/nos-services\/chantier-damelioration\/\",\"name\":\"chantier d'am\u00e9lioration - Praxium\",\"isPartOf\":{\"@id\":\"https:\/\/www.praxium.fr\/WordPress3\/#website\"},\"primaryImageOfPage\":{\"@id\":\"https:\/\/www.praxium.fr\/WordPress3\/nos-services\/chantier-damelioration\/#primaryimage\"},\"image\":{\"@id\":\"https:\/\/www.praxium.fr\/WordPress3\/nos-services\/chantier-damelioration\/#primaryimage\"},\"thumbnailUrl\":\"https:\/\/www.praxium.fr\/WordPress3\/wp-content\/uploads\/2016\/02\/lean-dmaic.png\",\"datePublished\":\"2016-02-20T17:48:30+00:00\",\"dateModified\":\"2018-02-20T15:19:42+00:00\",\"description\":\"La finalit\u00e9 d'un chantier d'am\u00e9lioration estde traiter un dysfonctionnement identifi\u00e9 ou d'am\u00e9liorer le fonctionnement d'un processus de l'entreprise.\",\"breadcrumb\":{\"@id\":\"https:\/\/www.praxium.fr\/WordPress3\/nos-services\/chantier-damelioration\/#breadcrumb\"},\"inLanguage\":\"fr-FR\",\"potentialAction\":[{\"@type\":\"ReadAction\",\"target\":[\"https:\/\/www.praxium.fr\/WordPress3\/nos-services\/chantier-damelioration\/\"]}]},{\"@type\":\"ImageObject\",\"inLanguage\":\"fr-FR\",\"@id\":\"https:\/\/www.praxium.fr\/WordPress3\/nos-services\/chantier-damelioration\/#primaryimage\",\"url\":\"https:\/\/www.praxium.fr\/WordPress3\/wp-content\/uploads\/2016\/02\/lean-dmaic.png\",\"contentUrl\":\"https:\/\/www.praxium.fr\/WordPress3\/wp-content\/uploads\/2016\/02\/lean-dmaic.png\",\"width\":1446,\"height\":857,\"caption\":\"synoptique DMAIC\"},{\"@type\":\"BreadcrumbList\",\"@id\":\"https:\/\/www.praxium.fr\/WordPress3\/nos-services\/chantier-damelioration\/#breadcrumb\",\"itemListElement\":[{\"@type\":\"ListItem\",\"position\":1,\"name\":\"Accueil\",\"item\":\"https:\/\/www.praxium.fr\/WordPress3\/\"},{\"@type\":\"ListItem\",\"position\":2,\"name\":\"Services\",\"item\":\"https:\/\/www.praxium.fr\/WordPress3\/nos-services\/\"},{\"@type\":\"ListItem\",\"position\":3,\"name\":\"chantier d&#8217;am\u00e9lioration\"}]},{\"@type\":\"WebSite\",\"@id\":\"https:\/\/www.praxium.fr\/WordPress3\/#website\",\"url\":\"https:\/\/www.praxium.fr\/WordPress3\/\",\"name\":\"Praxium\",\"description\":\"am\u00e9liore votre comp\u00e9titivit\u00e9...\",\"potentialAction\":[{\"@type\":\"SearchAction\",\"target\":{\"@type\":\"EntryPoint\",\"urlTemplate\":\"https:\/\/www.praxium.fr\/WordPress3\/?s={search_term_string}\"},\"query-input\":{\"@type\":\"PropertyValueSpecification\",\"valueRequired\":true,\"valueName\":\"search_term_string\"}}],\"inLanguage\":\"fr-FR\"}]}<\/script>\n<!-- \/ Yoast SEO plugin. -->","yoast_head_json":{"title":"chantier d'am\u00e9lioration - Praxium","description":"La finalit\u00e9 d'un chantier d'am\u00e9lioration estde traiter un dysfonctionnement identifi\u00e9 ou d'am\u00e9liorer le fonctionnement d'un processus de l'entreprise.","robots":{"index":"index","follow":"follow","max-snippet":"max-snippet:-1","max-image-preview":"max-image-preview:large","max-video-preview":"max-video-preview:-1"},"canonical":"https:\/\/www.praxium.fr\/WordPress3\/nos-services\/chantier-damelioration\/","og_locale":"fr_FR","og_type":"article","og_title":"chantier d'am\u00e9lioration - Praxium","og_description":"La finalit\u00e9 d'un chantier d'am\u00e9lioration estde traiter un dysfonctionnement identifi\u00e9 ou d'am\u00e9liorer le fonctionnement d'un processus de l'entreprise.","og_url":"https:\/\/www.praxium.fr\/WordPress3\/nos-services\/chantier-damelioration\/","og_site_name":"Praxium","article_publisher":"https:\/\/www.facebook.com\/praxium\/","article_modified_time":"2018-02-20T15:19:42+00:00","og_image":[{"url":"https:\/\/www.praxium.fr\/WordPress3\/wp-content\/uploads\/2016\/02\/lean-dmaic.png"}],"twitter_card":"summary_large_image","twitter_site":"@Praxium_fr","twitter_misc":{"Dur\u00e9e de lecture estim\u00e9e":"2 minutes"},"schema":{"@context":"https:\/\/schema.org","@graph":[{"@type":"WebPage","@id":"https:\/\/www.praxium.fr\/WordPress3\/nos-services\/chantier-damelioration\/","url":"https:\/\/www.praxium.fr\/WordPress3\/nos-services\/chantier-damelioration\/","name":"chantier d'am\u00e9lioration - Praxium","isPartOf":{"@id":"https:\/\/www.praxium.fr\/WordPress3\/#website"},"primaryImageOfPage":{"@id":"https:\/\/www.praxium.fr\/WordPress3\/nos-services\/chantier-damelioration\/#primaryimage"},"image":{"@id":"https:\/\/www.praxium.fr\/WordPress3\/nos-services\/chantier-damelioration\/#primaryimage"},"thumbnailUrl":"https:\/\/www.praxium.fr\/WordPress3\/wp-content\/uploads\/2016\/02\/lean-dmaic.png","datePublished":"2016-02-20T17:48:30+00:00","dateModified":"2018-02-20T15:19:42+00:00","description":"La finalit\u00e9 d'un chantier d'am\u00e9lioration estde traiter un dysfonctionnement identifi\u00e9 ou d'am\u00e9liorer le fonctionnement d'un processus de l'entreprise.","breadcrumb":{"@id":"https:\/\/www.praxium.fr\/WordPress3\/nos-services\/chantier-damelioration\/#breadcrumb"},"inLanguage":"fr-FR","potentialAction":[{"@type":"ReadAction","target":["https:\/\/www.praxium.fr\/WordPress3\/nos-services\/chantier-damelioration\/"]}]},{"@type":"ImageObject","inLanguage":"fr-FR","@id":"https:\/\/www.praxium.fr\/WordPress3\/nos-services\/chantier-damelioration\/#primaryimage","url":"https:\/\/www.praxium.fr\/WordPress3\/wp-content\/uploads\/2016\/02\/lean-dmaic.png","contentUrl":"https:\/\/www.praxium.fr\/WordPress3\/wp-content\/uploads\/2016\/02\/lean-dmaic.png","width":1446,"height":857,"caption":"synoptique DMAIC"},{"@type":"BreadcrumbList","@id":"https:\/\/www.praxium.fr\/WordPress3\/nos-services\/chantier-damelioration\/#breadcrumb","itemListElement":[{"@type":"ListItem","position":1,"name":"Accueil","item":"https:\/\/www.praxium.fr\/WordPress3\/"},{"@type":"ListItem","position":2,"name":"Services","item":"https:\/\/www.praxium.fr\/WordPress3\/nos-services\/"},{"@type":"ListItem","position":3,"name":"chantier d&#8217;am\u00e9lioration"}]},{"@type":"WebSite","@id":"https:\/\/www.praxium.fr\/WordPress3\/#website","url":"https:\/\/www.praxium.fr\/WordPress3\/","name":"Praxium","description":"am\u00e9liore votre comp\u00e9titivit\u00e9...","potentialAction":[{"@type":"SearchAction","target":{"@type":"EntryPoint","urlTemplate":"https:\/\/www.praxium.fr\/WordPress3\/?s={search_term_string}"},"query-input":{"@type":"PropertyValueSpecification","valueRequired":true,"valueName":"search_term_string"}}],"inLanguage":"fr-FR"}]}},"jetpack_shortlink":"https:\/\/wp.me\/P5QOhk-ae","jetpack_sharing_enabled":true,"_links":{"self":[{"href":"https:\/\/www.praxium.fr\/WordPress3\/wp-json\/wp\/v2\/pages\/634"}],"collection":[{"href":"https:\/\/www.praxium.fr\/WordPress3\/wp-json\/wp\/v2\/pages"}],"about":[{"href":"https:\/\/www.praxium.fr\/WordPress3\/wp-json\/wp\/v2\/types\/page"}],"author":[{"embeddable":true,"href":"https:\/\/www.praxium.fr\/WordPress3\/wp-json\/wp\/v2\/users\/2"}],"replies":[{"embeddable":true,"href":"https:\/\/www.praxium.fr\/WordPress3\/wp-json\/wp\/v2\/comments?post=634"}],"version-history":[{"count":27,"href":"https:\/\/www.praxium.fr\/WordPress3\/wp-json\/wp\/v2\/pages\/634\/revisions"}],"predecessor-version":[{"id":1481,"href":"https:\/\/www.praxium.fr\/WordPress3\/wp-json\/wp\/v2\/pages\/634\/revisions\/1481"}],"up":[{"embeddable":true,"href":"https:\/\/www.praxium.fr\/WordPress3\/wp-json\/wp\/v2\/pages\/102"}],"wp:attachment":[{"href":"https:\/\/www.praxium.fr\/WordPress3\/wp-json\/wp\/v2\/media?parent=634"}],"curies":[{"name":"wp","href":"https:\/\/api.w.org\/{rel}","templated":true}]}}