{"id":746,"date":"2016-02-25T12:02:14","date_gmt":"2016-02-25T11:02:14","guid":{"rendered":"http:\/\/praxium.fr\/WordPress3\/?page_id=746"},"modified":"2018-03-08T14:34:16","modified_gmt":"2018-03-08T13:34:16","slug":"vos-defis-serenite","status":"publish","type":"page","link":"https:\/\/www.praxium.fr\/WordPress3\/vos-defis\/vos-defis-serenite\/","title":{"rendered":"renforcer la s\u00e9r\u00e9nit\u00e9"},"content":{"rendered":"<div id=\"pl-746\"  class=\"panel-layout\" ><div id=\"pg-746-0\"  class=\"panel-grid panel-no-style\" ><div id=\"pgc-746-0-0\"  class=\"panel-grid-cell\" ><div id=\"panel-746-0-0-0\" class=\"so-panel widget_sow-editor panel-first-child panel-last-child\" data-index=\"0\" ><div\n\t\t\t\n\t\t\tclass=\"so-widget-sow-editor so-widget-sow-editor-base\"\n\t\t\t\n\t\t>\n<div class=\"siteorigin-widget-tinymce textwidget\">\n\t<p>\u00a0<\/p>\n<h1><i class=\"fa fa-users fa-lg\"><\/i> Vous souhaitez d\u00e9velopper la s\u00e9r\u00e9nit\u00e9 au sein de vos \u00e9quipes<\/h1>\n<blockquote>\n<p><em>Parce que l'humain est au coeur de nos organisations, vous voulez mettre plus de\u00a0s\u00e9r\u00e9nit\u00e9 dans le quotidien de vos \u00e9quipes. Le sujet du bien-\u00eatre au travail prend l\u00e9gitimement sa place dans <a href=\"http:\/\/lentrepreneurcharentais.fr\/interet-bonheur-travail\/\" target=\"_blank\">l'actualit\u00e9<\/a>. Vous souhaitez relever ce d\u00e9fi...<\/em><\/p>\n<\/blockquote>\n<\/div>\n<\/div><\/div><\/div><\/div><div id=\"pg-746-1\"  class=\"panel-grid panel-no-style\" ><div id=\"pgc-746-1-0\"  class=\"panel-grid-cell\" ><div id=\"panel-746-1-0-0\" class=\"so-panel widget_sow-editor panel-first-child panel-last-child\" data-index=\"1\" ><div\n\t\t\t\n\t\t\tclass=\"so-widget-sow-editor so-widget-sow-editor-base\"\n\t\t\t\n\t\t>\n<div class=\"siteorigin-widget-tinymce textwidget\">\n\t<h2><i class=\"fa fa-quote-left fa-pull-left fa-border\"><\/i> vos d\u00e9fis \"bien-\u00eatre au travail\"<\/h2>\n<p>Vous souhaitez\u00a0mettre plus de s\u00e9r\u00e9nit\u00e9 dans votre organisation. Vous avez d\u00e9tect\u00e9 des irritants qui impactent le bien-\u00eatre au travail :<\/p>\n<ul>\n<li>Il y a trop d'absent\u00e9isme dans certains services<\/li>\n<li>Vous percevez une mauvaise ambiance de travail<\/li>\n<li>Vos \u00e9quipes ne sont pas motiv\u00e9es<\/li>\n<li>Certains de vos collaborateurs ne se sentent pas \u00e0 leur place<\/li>\n<li>Certains de vos responsables ont du mal \u00e0 se positionner dans leur fonction<\/li>\n<\/ul>\n<h2><i class=\"fa fa-quote-left fa-pull-left fa-border\"><\/i> vos d\u00e9fis \"management\"<\/h2>\n<p>Vous voulez\u00a0faire \u00e9voluer les styles de management parce que vous constatez que ...<\/p>\n<ul>\n<li>Vous \u00eates trop impliqu\u00e9 dans le\u00a0management quotidien de votre organisation.<\/li>\n<li>Le r\u00f4le de vos\u00a0collaborateurs\u00a0n'est pas per\u00e7u clairement.<\/li>\n<li>Vos collaborateurs ont du mal \u00e0 d\u00e9l\u00e9guer.<\/li>\n<li>Votre management de proximit\u00e9 a du mal \u00e0 trouver sa place et \u00e0 se faire respecter.<\/li>\n<li>Vos responsables ne sont pas assez sur le terrain.<\/li>\n<li>Les objectifs que vous fixez ne sont que rarement atteints.<\/li>\n<li>Vos consignes ne sont pas toutes respect\u00e9es.<\/li>\n<\/ul>\n<\/div>\n<\/div><\/div><\/div><div id=\"pgc-746-1-1\"  class=\"panel-grid-cell\" ><div id=\"panel-746-1-1-0\" class=\"so-panel widget_sow-editor panel-first-child panel-last-child\" data-index=\"2\" ><div\n\t\t\t\n\t\t\tclass=\"so-widget-sow-editor so-widget-sow-editor-base\"\n\t\t\t\n\t\t>\n<div class=\"siteorigin-widget-tinymce textwidget\">\n\t<h2><i class=\"fa fa-quote-left fa-pull-left fa-border\"><\/i> vos d\u00e9fis \"relations internes\"<\/h2>\n<p>Les relations dans votre entreprise ne sont pas \"au top\" et \u00a0chacun a tendance \u00e0 se pr\u00e9server. Cependant ...<\/p>\n<ul>\n<li>Votre organisation vous semble cloisonn\u00e9e, et les services en comp\u00e9tition<\/li>\n<li>Vous devez r\u00e9gler des conflits internes entre collaborateurs<\/li>\n<li>Vous n'arrivez pas \u00e0 faire fonctionner ensemble certains de vos responsables<\/li>\n<li>Certains de vos responsables ne sont pas l\u00e9gitimes aupr\u00e8s de leur \u00e9quipe, de leurs coll\u00e8gues<\/li>\n<li>Vous n'arrivez pas \u00e0 faire travailler ensembles des personnes de diff\u00e9rents services<\/li>\n<\/ul>\n<h2><i class=\"fa fa-quote-left fa-pull-left fa-border\"><\/i> vos d\u00e9fis \"travailler ensemble\"<\/h2>\n<p>Enfin, l'\u00e9nergie pass\u00e9e \u00e0 mieux travailler ensemble vous semble trop importante et ne porte pas ses fruits\u00a0...<\/p>\n<ul>\n<li>Nous passons\u00a0trop de temps en r\u00e9unions, parfois improductives<\/li>\n<li>Vos responsables sont noy\u00e9s dans leurs t\u00e2ches administratives<\/li>\n<li>Vos \u00e9quipes\u00a0sont perturb\u00e9es dans leur taches quotidiennes<\/li>\n<li>Vous n'avez pas de visibilit\u00e9 sur l'occupation de vos \u00e9quipes<\/li>\n<\/ul>\n<\/div>\n<\/div><\/div><\/div><\/div><div id=\"pg-746-2\"  class=\"panel-grid panel-no-style\" ><div id=\"pgc-746-2-0\"  class=\"panel-grid-cell panel-grid-cell-mobile-last\" ><div id=\"panel-746-2-0-0\" class=\"so-panel widget_sow-cta panel-first-child panel-last-child\" data-index=\"3\" ><div\n\t\t\t\n\t\t\tclass=\"so-widget-sow-cta so-widget-sow-cta-default-0c8116875683-746\"\n\t\t\t\n\t\t><div\n\tclass=\"sow-cta-base\"\n\t>\n\t\n\t<div class=\"sow-cta-wrapper\">\n\n\t\t<div class=\"sow-cta-text\">\n\t\t\t\t\t\t\t<h4 class=\"sow-cta-title\">\n\t\t\t\t\tVous \u00eates pr\u00eat \u00e0 relever ces d\u00e9fis\t\t\t\t<\/h4>\n\t\t\t\n\t\t\t\t\t\t\t<h4 class=\"sow-cta-subtitle\">\n\t\t\t\t\tNous pouvons vous accompagner\t\t\t\t<\/h4>\n\t\t\t\t\t<\/div>\n\n\t\t<div\n\t\t\t\n\t\t\tclass=\"so-widget-sow-button so-widget-sow-button-atom-5adfeb6846a8\"\n\t\t\t\n\t\t><div class=\"ow-button-base ow-button-align-center\">\n\t\t\t<a\n\t\t\t\t\thref=\"https:\/\/www.praxium.fr\/WordPress3\/demande-de-renseignement\/\"\n\t\t\t\t\tclass=\"sowb-button ow-icon-placement-left ow-button-hover\" target=\"_blank\" rel=\"noopener noreferrer\" \t>\n\t\t<span>\n\t\t\t<span class=\"sow-icon-fontawesome sow-fas\" data-sow-icon=\"&#xf0a9;\"\n\t\tstyle=\"\" \n\t\taria-hidden=\"true\"><\/span>\n\t\t\tcontactez nous !\t\t<\/span>\n\t\t\t<\/a>\n\t<\/div>\n<\/div>\n\t<\/div>\n\n\t<\/div>\n<\/div><\/div><\/div><div id=\"pgc-746-2-1\"  class=\"panel-grid-cell panel-grid-cell-empty\" ><\/div><\/div><\/div>","protected":false},"excerpt":{"rendered":"<p>\u00a0 Vous souhaitez d\u00e9velopper la s\u00e9r\u00e9nit\u00e9 au sein de vos \u00e9quipesParce que l&#8217;humain est au coeur de nos organisations, vous voulez mettre plus de\u00a0s\u00e9r\u00e9nit\u00e9 dans le quotidien de vos \u00e9quipes. Le sujet du bien-\u00eatre au travail prend l\u00e9gitimement sa place dans l&#8217;actualit\u00e9. Vous souhaitez relever ce d\u00e9fi&#8230; vos d\u00e9fis &#8220;bien-\u00eatre au travail&#8221;Vous souhaitez\u00a0mettre plus de<\/p>\n","protected":false},"author":2,"featured_media":0,"parent":741,"menu_order":0,"comment_status":"closed","ping_status":"closed","template":"page-fullwidth.php","meta":{"_exactmetrics_skip_tracking":false,"_exactmetrics_sitenote_active":false,"_exactmetrics_sitenote_note":"","_exactmetrics_sitenote_category":0,"footnotes":""},"class_list":["post-746","page","type-page","status-publish","hentry"],"yoast_head":"<!-- This site is optimized with the Yoast SEO plugin v23.7 - https:\/\/yoast.com\/wordpress\/plugins\/seo\/ -->\n<title>renforcer la s\u00e9r\u00e9nit\u00e9 - Praxium<\/title>\n<meta name=\"description\" content=\"Vous \u00eates dirigeant ou responsable d&#039;un service, vous voulez am\u00e9liorer les relations et d\u00e9velopper plus de s\u00e9r\u00e9nit\u00e9 pour favoriser le &quot;bien-\u00eatre au travail&quot;\" \/>\n<meta name=\"robots\" content=\"index, follow, max-snippet:-1, max-image-preview:large, max-video-preview:-1\" \/>\n<link rel=\"canonical\" href=\"https:\/\/www.praxium.fr\/WordPress3\/vos-defis\/vos-defis-serenite\/\" \/>\n<meta property=\"og:locale\" content=\"fr_FR\" \/>\n<meta property=\"og:type\" content=\"article\" \/>\n<meta property=\"og:title\" content=\"renforcer la s\u00e9r\u00e9nit\u00e9 - Praxium\" \/>\n<meta property=\"og:description\" content=\"Vous \u00eates dirigeant ou responsable d&#039;un service, vous voulez am\u00e9liorer les relations et d\u00e9velopper plus de s\u00e9r\u00e9nit\u00e9 pour favoriser le &quot;bien-\u00eatre au travail&quot;\" \/>\n<meta property=\"og:url\" content=\"https:\/\/www.praxium.fr\/WordPress3\/vos-defis\/vos-defis-serenite\/\" \/>\n<meta property=\"og:site_name\" content=\"Praxium\" \/>\n<meta property=\"article:publisher\" content=\"https:\/\/www.facebook.com\/praxium\/\" \/>\n<meta property=\"article:modified_time\" content=\"2018-03-08T13:34:16+00:00\" \/>\n<meta name=\"twitter:card\" content=\"summary_large_image\" \/>\n<meta name=\"twitter:site\" content=\"@Praxium_fr\" \/>\n<meta name=\"twitter:label1\" content=\"Dur\u00e9e de lecture estim\u00e9e\" \/>\n\t<meta name=\"twitter:data1\" content=\"2 minutes\" \/>\n<script type=\"application\/ld+json\" class=\"yoast-schema-graph\">{\"@context\":\"https:\/\/schema.org\",\"@graph\":[{\"@type\":\"WebPage\",\"@id\":\"https:\/\/www.praxium.fr\/WordPress3\/vos-defis\/vos-defis-serenite\/\",\"url\":\"https:\/\/www.praxium.fr\/WordPress3\/vos-defis\/vos-defis-serenite\/\",\"name\":\"renforcer la s\u00e9r\u00e9nit\u00e9 - Praxium\",\"isPartOf\":{\"@id\":\"https:\/\/www.praxium.fr\/WordPress3\/#website\"},\"datePublished\":\"2016-02-25T11:02:14+00:00\",\"dateModified\":\"2018-03-08T13:34:16+00:00\",\"description\":\"Vous \u00eates dirigeant ou responsable d'un service, vous voulez am\u00e9liorer les relations et d\u00e9velopper plus de s\u00e9r\u00e9nit\u00e9 pour favoriser le \\\"bien-\u00eatre au travail\\\"\",\"breadcrumb\":{\"@id\":\"https:\/\/www.praxium.fr\/WordPress3\/vos-defis\/vos-defis-serenite\/#breadcrumb\"},\"inLanguage\":\"fr-FR\",\"potentialAction\":[{\"@type\":\"ReadAction\",\"target\":[\"https:\/\/www.praxium.fr\/WordPress3\/vos-defis\/vos-defis-serenite\/\"]}]},{\"@type\":\"BreadcrumbList\",\"@id\":\"https:\/\/www.praxium.fr\/WordPress3\/vos-defis\/vos-defis-serenite\/#breadcrumb\",\"itemListElement\":[{\"@type\":\"ListItem\",\"position\":1,\"name\":\"Accueil\",\"item\":\"https:\/\/www.praxium.fr\/WordPress3\/\"},{\"@type\":\"ListItem\",\"position\":2,\"name\":\"vos d\u00e9fis pour am\u00e9liorer votre comp\u00e9titivit\u00e9\",\"item\":\"https:\/\/www.praxium.fr\/WordPress3\/vos-defis\/\"},{\"@type\":\"ListItem\",\"position\":3,\"name\":\"renforcer la s\u00e9r\u00e9nit\u00e9\"}]},{\"@type\":\"WebSite\",\"@id\":\"https:\/\/www.praxium.fr\/WordPress3\/#website\",\"url\":\"https:\/\/www.praxium.fr\/WordPress3\/\",\"name\":\"Praxium\",\"description\":\"am\u00e9liore votre comp\u00e9titivit\u00e9...\",\"potentialAction\":[{\"@type\":\"SearchAction\",\"target\":{\"@type\":\"EntryPoint\",\"urlTemplate\":\"https:\/\/www.praxium.fr\/WordPress3\/?s={search_term_string}\"},\"query-input\":{\"@type\":\"PropertyValueSpecification\",\"valueRequired\":true,\"valueName\":\"search_term_string\"}}],\"inLanguage\":\"fr-FR\"}]}<\/script>\n<!-- \/ Yoast SEO plugin. -->","yoast_head_json":{"title":"renforcer la s\u00e9r\u00e9nit\u00e9 - Praxium","description":"Vous \u00eates dirigeant ou responsable d'un service, vous voulez am\u00e9liorer les relations et d\u00e9velopper plus de s\u00e9r\u00e9nit\u00e9 pour favoriser le \"bien-\u00eatre au travail\"","robots":{"index":"index","follow":"follow","max-snippet":"max-snippet:-1","max-image-preview":"max-image-preview:large","max-video-preview":"max-video-preview:-1"},"canonical":"https:\/\/www.praxium.fr\/WordPress3\/vos-defis\/vos-defis-serenite\/","og_locale":"fr_FR","og_type":"article","og_title":"renforcer la s\u00e9r\u00e9nit\u00e9 - Praxium","og_description":"Vous \u00eates dirigeant ou responsable d'un service, vous voulez am\u00e9liorer les relations et d\u00e9velopper plus de s\u00e9r\u00e9nit\u00e9 pour favoriser le \"bien-\u00eatre au travail\"","og_url":"https:\/\/www.praxium.fr\/WordPress3\/vos-defis\/vos-defis-serenite\/","og_site_name":"Praxium","article_publisher":"https:\/\/www.facebook.com\/praxium\/","article_modified_time":"2018-03-08T13:34:16+00:00","twitter_card":"summary_large_image","twitter_site":"@Praxium_fr","twitter_misc":{"Dur\u00e9e de lecture estim\u00e9e":"2 minutes"},"schema":{"@context":"https:\/\/schema.org","@graph":[{"@type":"WebPage","@id":"https:\/\/www.praxium.fr\/WordPress3\/vos-defis\/vos-defis-serenite\/","url":"https:\/\/www.praxium.fr\/WordPress3\/vos-defis\/vos-defis-serenite\/","name":"renforcer la s\u00e9r\u00e9nit\u00e9 - Praxium","isPartOf":{"@id":"https:\/\/www.praxium.fr\/WordPress3\/#website"},"datePublished":"2016-02-25T11:02:14+00:00","dateModified":"2018-03-08T13:34:16+00:00","description":"Vous \u00eates dirigeant ou responsable d'un service, vous voulez am\u00e9liorer les relations et d\u00e9velopper plus de s\u00e9r\u00e9nit\u00e9 pour favoriser le \"bien-\u00eatre au travail\"","breadcrumb":{"@id":"https:\/\/www.praxium.fr\/WordPress3\/vos-defis\/vos-defis-serenite\/#breadcrumb"},"inLanguage":"fr-FR","potentialAction":[{"@type":"ReadAction","target":["https:\/\/www.praxium.fr\/WordPress3\/vos-defis\/vos-defis-serenite\/"]}]},{"@type":"BreadcrumbList","@id":"https:\/\/www.praxium.fr\/WordPress3\/vos-defis\/vos-defis-serenite\/#breadcrumb","itemListElement":[{"@type":"ListItem","position":1,"name":"Accueil","item":"https:\/\/www.praxium.fr\/WordPress3\/"},{"@type":"ListItem","position":2,"name":"vos d\u00e9fis pour am\u00e9liorer votre comp\u00e9titivit\u00e9","item":"https:\/\/www.praxium.fr\/WordPress3\/vos-defis\/"},{"@type":"ListItem","position":3,"name":"renforcer la s\u00e9r\u00e9nit\u00e9"}]},{"@type":"WebSite","@id":"https:\/\/www.praxium.fr\/WordPress3\/#website","url":"https:\/\/www.praxium.fr\/WordPress3\/","name":"Praxium","description":"am\u00e9liore votre comp\u00e9titivit\u00e9...","potentialAction":[{"@type":"SearchAction","target":{"@type":"EntryPoint","urlTemplate":"https:\/\/www.praxium.fr\/WordPress3\/?s={search_term_string}"},"query-input":{"@type":"PropertyValueSpecification","valueRequired":true,"valueName":"search_term_string"}}],"inLanguage":"fr-FR"}]}},"jetpack_shortlink":"https:\/\/wp.me\/P5QOhk-c2","jetpack_sharing_enabled":true,"_links":{"self":[{"href":"https:\/\/www.praxium.fr\/WordPress3\/wp-json\/wp\/v2\/pages\/746"}],"collection":[{"href":"https:\/\/www.praxium.fr\/WordPress3\/wp-json\/wp\/v2\/pages"}],"about":[{"href":"https:\/\/www.praxium.fr\/WordPress3\/wp-json\/wp\/v2\/types\/page"}],"author":[{"embeddable":true,"href":"https:\/\/www.praxium.fr\/WordPress3\/wp-json\/wp\/v2\/users\/2"}],"replies":[{"embeddable":true,"href":"https:\/\/www.praxium.fr\/WordPress3\/wp-json\/wp\/v2\/comments?post=746"}],"version-history":[{"count":45,"href":"https:\/\/www.praxium.fr\/WordPress3\/wp-json\/wp\/v2\/pages\/746\/revisions"}],"predecessor-version":[{"id":1594,"href":"https:\/\/www.praxium.fr\/WordPress3\/wp-json\/wp\/v2\/pages\/746\/revisions\/1594"}],"up":[{"embeddable":true,"href":"https:\/\/www.praxium.fr\/WordPress3\/wp-json\/wp\/v2\/pages\/741"}],"wp:attachment":[{"href":"https:\/\/www.praxium.fr\/WordPress3\/wp-json\/wp\/v2\/media?parent=746"}],"curies":[{"name":"wp","href":"https:\/\/api.w.org\/{rel}","templated":true}]}}