{"id":829,"date":"2016-03-07T12:07:04","date_gmt":"2016-03-07T11:07:04","guid":{"rendered":"http:\/\/praxium.fr\/WordPress3\/?page_id=829"},"modified":"2018-02-19T13:14:43","modified_gmt":"2018-02-19T12:14:43","slug":"demande-de-renseignement","status":"publish","type":"page","link":"https:\/\/www.praxium.fr\/WordPress3\/demande-de-renseignement\/","title":{"rendered":"demande de renseignement"},"content":{"rendered":"<div id=\"pl-829\"  class=\"panel-layout\" ><div id=\"pg-829-0\"  class=\"panel-grid panel-has-style\" ><div class=\"siteorigin-panels-stretch panel-row-style panel-row-style-for-829-0\" data-stretch-type=\"full\" ><div id=\"pgc-829-0-0\"  class=\"panel-grid-cell\" ><div id=\"panel-829-0-0-0\" class=\"so-panel widget_sow-headline panel-first-child panel-last-child\" data-index=\"0\" ><div class=\"panel-widget-style panel-widget-style-for-829-0-0-0\" ><div\n\t\t\t\n\t\t\tclass=\"so-widget-sow-headline so-widget-sow-headline-default-3b31d016b53b-829\"\n\t\t\t\n\t\t><div class=\"sow-headline-container \">\n\t\t\t\t\t\t\t<h1 class=\"sow-headline\">\n\t\t\t\t\t\tContactez-nous pour toute demande d'information\t\t\t\t\t\t<\/h1>\n\t\t\t\t\t\t\t\t\t\t\t<div class=\"decoration\">\n\t\t\t\t\t\t<div class=\"decoration-inside\"><\/div>\n\t\t\t\t\t<\/div>\n\t\t\t\t\t\t\t\t\t\t\t<h2 class=\"sow-sub-headline\">\n\t\t\t\t\t\tNous pouvons sans doute r\u00e9pondre \u00e0 vos questions\t\t\t\t\t\t<\/h2>\n\t\t\t\t\t\t<\/div>\n<\/div><\/div><\/div><\/div><\/div><\/div><div id=\"pg-829-1\"  class=\"panel-grid panel-has-style\" ><div class=\"siteorigin-panels-stretch panel-row-style panel-row-style-for-829-1\" data-stretch-type=\"full\" ><div id=\"pgc-829-1-0\"  class=\"panel-grid-cell\" ><div id=\"panel-829-1-0-0\" class=\"so-panel widget_sow-headline panel-first-child\" data-index=\"1\" ><div\n\t\t\t\n\t\t\tclass=\"so-widget-sow-headline so-widget-sow-headline-default-948b815c7e93-829\"\n\t\t\t\n\t\t><div class=\"sow-headline-container \">\n\t\t\t\t\t\t\t<h2 class=\"sow-headline\">\n\t\t\t\t\t\tDEMANDE DE RENSEIGNEMENTS\t\t\t\t\t\t<\/h2>\n\t\t\t\t\t\t\t\t\t\t\t\t<h3 class=\"sow-sub-headline\">\n\t\t\t\t\t\tEnvoyez nous un message ...\t\t\t\t\t\t<\/h3>\n\t\t\t\t\t\t<\/div>\n<\/div><\/div><div id=\"panel-829-1-0-1\" class=\"so-panel widget_sow-contact-form panel-last-child\" data-index=\"2\" ><div class=\"panel-widget-style panel-widget-style-for-829-1-0-1\" ><div\n\t\t\t\n\t\t\tclass=\"so-widget-sow-contact-form so-widget-sow-contact-form-default-190733c9ab16-829\"\n\t\t\t\n\t\t>\t<form\n\t\taction=\"\/WordPress3\/wp-json\/wp\/v2\/pages\/829\"\n\t\tmethod=\"POST\"\n\t\tclass=\"sow-contact-form\"\n\t\tid=\"contact-form-d8fe\"\n\t>\n\n\t\t\n\t\t\t\t\t<div class=\"sow-form-field sow-form-field-name\">\n\t\t\t\t<label class=\"sow-form-field-label-left\" for=\"sow-contact-form-field-votre-nom-prenom-562e5fae0271d\">\n\t\t\t\t<strong>\n\t\t\t\t\tVotre nom, pr\u00e9nom\t\t\t\t\t\t\t\t\t<\/strong>\n\t\t\t<\/label>\n\t\t\t\t\t\t\t<span class=\"sow-field-container\">\n\t\t\t\t\t\t\t<input\n\t\t\ttype=\"text\"\n\t\t\tname=\"votre-nom-prenom-562e5fae0271d\"\n\t\t\tid=\"sow-contact-form-field-votre-nom-prenom-562e5fae0271d\"\n\t\t\tvalue=\"\"\n\t\t\tclass=\"sow-text-field\"\n\t\t\t\t\t\/>\n\t\t\t\t\t\t<\/span>\n\t\t\t\t\t\t\t<\/div>\n\t\t\t\t\t\t<div class=\"sow-form-field sow-form-field-email\">\n\t\t\t\t<label class=\"sow-form-field-label-left\" for=\"sow-contact-form-field-votre-email-562e5fae0271d\">\n\t\t\t\t<strong>\n\t\t\t\t\tvotre email\t\t\t\t\t\t\t\t\t<\/strong>\n\t\t\t<\/label>\n\t\t\t\t\t\t\t<span class=\"sow-field-container\">\n\t\t\t\t\t\t\t<input\n\t\t\ttype=\"email\"\n\t\t\tname=\"votre-email-562e5fae0271d\"\n\t\t\tid=\"sow-contact-form-field-votre-email-562e5fae0271d\"\n\t\t\tvalue=\"\"\n\t\t\tclass=\"sow-text-field\"\t\t\t\t\t\t\t\t\/>\n\t\t\t\t\t\t<\/span>\n\t\t\t\t\t\t\t<\/div>\n\t\t\t\t\t\t<div class=\"sow-form-field sow-form-field-subject\">\n\t\t\t\t<label class=\"sow-form-field-label-left\" for=\"sow-contact-form-field-votre-organisation-562e5fae0271d\">\n\t\t\t\t<strong>\n\t\t\t\t\tVotre organisation ?\t\t\t\t\t\t\t\t\t<\/strong>\n\t\t\t<\/label>\n\t\t\t\t\t\t\t<span class=\"sow-field-container\">\n\t\t\t\t\t\t\t<input\n\t\t\ttype=\"text\"\n\t\t\tname=\"votre-organisation-562e5fae0271d\"\n\t\t\tid=\"sow-contact-form-field-votre-organisation-562e5fae0271d\"\n\t\t\tvalue=\"\"\n\t\t\tclass=\"sow-text-field\"\n\t\t\t\t\t\t\t\t\/>\n\t\t\t\t\t\t<\/span>\n\t\t\t\t\t\t\t<\/div>\n\t\t\t\t\t\t<div class=\"sow-form-field sow-form-field-select\">\n\t\t\t\t<label class=\"sow-form-field-label-left\" for=\"sow-contact-form-field-vous-etes-562e5fae0271d\">\n\t\t\t\t<strong>\n\t\t\t\t\tVous \u00eates ?\t\t\t\t\t\t\t\t\t<\/strong>\n\t\t\t<\/label>\n\t\t\t\t\t\t\t<span class=\"sow-field-container\">\n\t\t\t\t\t\t\t<select\n\t\t\tname=\"vous-etes-562e5fae0271d\"\n\t\t\tid=\"sow-contact-form-field-vous-etes-562e5fae0271d\"\n\t\t\t\t\t\t\t\t>\n\t\t\t\t\t\t\t\t<option selected ><\/option>\n\t\t\t\t\t\t\t\t\t\t<option\n\t\t\t\t\t\tvalue=\"Entrepreneur \/ D\u00e9cideur\">\n\t\t\t\t\t\tEntrepreneur \/ D\u00e9cideur\t\t\t\t\t<\/option>\n\t\t\t\t\t\t\t\t\t<option\n\t\t\t\t\t\tvalue=\"Cadre \/ responsable en entreprise\">\n\t\t\t\t\t\tCadre \/ responsable en entreprise\t\t\t\t\t<\/option>\n\t\t\t\t\t\t\t\t\t<option\n\t\t\t\t\t\tvalue=\"Professionnel Conseil \/ Formation\">\n\t\t\t\t\t\tProfessionnel Conseil \/ Formation\t\t\t\t\t<\/option>\n\t\t\t\t\t\t\t\t\t<option\n\t\t\t\t\t\tvalue=\"Institutionnel\">\n\t\t\t\t\t\tInstitutionnel\t\t\t\t\t<\/option>\n\t\t\t\t\t\t\t\t\t<option\n\t\t\t\t\t\tvalue=\"Etudiant\">\n\t\t\t\t\t\tEtudiant\t\t\t\t\t<\/option>\n\t\t\t\t\t\t\t\t\t<option\n\t\t\t\t\t\tvalue=\"autre, pr\u00e9cisez\">\n\t\t\t\t\t\tautre, pr\u00e9cisez\t\t\t\t\t<\/option>\n\t\t\t\t\t\t<\/select>\n\t\t\t\t\t\t<\/span>\n\t\t\t\t\t\t\t<\/div>\n\t\t\t\t\t\t<div class=\"sow-form-field sow-form-field-checkboxes\">\n\t\t\t\t<label class=\"sow-form-field-label-left\" for=\"sow-contact-form-field-precisez-la-nature-de-votre-demande-562e5fae0271d\">\n\t\t\t\t<strong>\n\t\t\t\t\tpr\u00e9cisez la nature de votre demande\t\t\t\t\t\t\t\t\t<\/strong>\n\t\t\t<\/label>\n\t\t\t\t\t\t\t<span class=\"sow-field-container\">\n\t\t\t\t\t\t\t\t<ul>\n\t\t\t\t\t\t\t\t\t\t\t\t\t\t<li>\n\t\t\t\t\t\t<input\n\t\t\t\t\t\t\ttype=\"checkbox\"\n\t\t\t\t\t\t\tvalue=\"demande d&#039;information\"\n\t\t\t\t\t\t\tname=\"precisez-la-nature-de-votre-demande-562e5fae0271d[]\"\n\t\t\t\t\t\t\tid=\"sow-contact-form-field-precisez-la-nature-de-votre-demande-562e5fae0271d-0\"\n\t\t\t\t\t\t\t\t\t\t\t\t\t\t\t\t\t\t\t\t\/>\n\t\t\t\t\t\t<label for=\"sow-contact-form-field-precisez-la-nature-de-votre-demande-562e5fae0271d-0\">\n\t\t\t\t\t\t\tdemande d'information\t\t\t\t\t\t<\/label>\n\t\t\t\t\t<\/li>\n\t\t\t\t\t\t\t\t\t\t\t\t\t\t<li>\n\t\t\t\t\t\t<input\n\t\t\t\t\t\t\ttype=\"checkbox\"\n\t\t\t\t\t\t\tvalue=\"demande de documentation \"\n\t\t\t\t\t\t\tname=\"precisez-la-nature-de-votre-demande-562e5fae0271d[]\"\n\t\t\t\t\t\t\tid=\"sow-contact-form-field-precisez-la-nature-de-votre-demande-562e5fae0271d-1\"\n\t\t\t\t\t\t\t\t\t\t\t\t\t\t\t\t\t\t\t\t\/>\n\t\t\t\t\t\t<label for=\"sow-contact-form-field-precisez-la-nature-de-votre-demande-562e5fae0271d-1\">\n\t\t\t\t\t\t\tdemande de documentation \t\t\t\t\t\t<\/label>\n\t\t\t\t\t<\/li>\n\t\t\t\t\t\t\t\t\t\t\t\t\t\t<li>\n\t\t\t\t\t\t<input\n\t\t\t\t\t\t\ttype=\"checkbox\"\n\t\t\t\t\t\t\tvalue=\"demande de rendez-vous\"\n\t\t\t\t\t\t\tname=\"precisez-la-nature-de-votre-demande-562e5fae0271d[]\"\n\t\t\t\t\t\t\tid=\"sow-contact-form-field-precisez-la-nature-de-votre-demande-562e5fae0271d-2\"\n\t\t\t\t\t\t\t\t\t\t\t\t\t\t\t\t\t\t\t\t\/>\n\t\t\t\t\t\t<label for=\"sow-contact-form-field-precisez-la-nature-de-votre-demande-562e5fae0271d-2\">\n\t\t\t\t\t\t\tdemande de rendez-vous\t\t\t\t\t\t<\/label>\n\t\t\t\t\t<\/li>\n\t\t\t\t\t\t\t<\/ul>\n\t\t\t\t\t\t<\/span>\n\t\t\t\t\t\t\t<\/div>\n\t\t\t\t\t\t<div class=\"sow-form-field sow-form-field-textarea\">\n\t\t\t\t<label class=\"sow-form-field-label-left\" for=\"sow-contact-form-field-vous-pouvez-preciser-votre-question-562e5fae0271d\">\n\t\t\t\t<strong>\n\t\t\t\t\tVous pouvez pr\u00e9ciser votre question\t\t\t\t\t\t\t\t\t<\/strong>\n\t\t\t<\/label>\n\t\t\t\t\t\t\t<span class=\"sow-field-container\">\n\t\t\t\t\t\t\t<textarea\n\t\t\tname=\"vous-pouvez-preciser-votre-question-562e5fae0271d\"\n\t\t\tid=\"sow-contact-form-field-vous-pouvez-preciser-votre-question-562e5fae0271d\"\n\t\t\trows=\"10\"\n\t\t\t\t\t\t\t\t><\/textarea>\n\t\t\t\t\t\t<\/span>\n\t\t\t\t\t\t\t<\/div>\n\t\t\t\n\t\t\n\t\t<div class=\"sow-submit-wrapper sow-submit-styled\">\n\n\t\t\t<button\n\t\t\t\ttype=\"submit\"\n\t\t\t\tclass=\"sow-submit\"\n\t\t\t\t\t\t\t>\n\t\t\t\tEnvoyer\t\t\t<\/button>\n\t\t<\/div>\n\t\t\t\t<input type=\"hidden\" name=\"instance_hash\" value=\"d8fe2a55b30751e347bf622fb7e8a298\" \/>\n\t\t<input type=\"hidden\" id=\"_wpnonce\" name=\"_wpnonce\" value=\"00672bd7e6\" \/><input type=\"hidden\" name=\"_wp_http_referer\" value=\"\/WordPress3\/wp-json\/wp\/v2\/pages\/829\" \/>\t<\/form>\n\t<\/div><\/div><\/div><\/div><div id=\"pgc-829-1-1\"  class=\"panel-grid-cell\" ><div id=\"panel-829-1-1-0\" class=\"so-panel widget_sow-headline panel-first-child\" data-index=\"3\" ><div\n\t\t\t\n\t\t\tclass=\"so-widget-sow-headline so-widget-sow-headline-default-948b815c7e93-829\"\n\t\t\t\n\t\t><div class=\"sow-headline-container \">\n\t\t\t\t\t\t\t<h2 class=\"sow-headline\">\n\t\t\t\t\t\tNOS COORDONNEES\t\t\t\t\t\t<\/h2>\n\t\t\t\t\t\t\t\t\t\t\t\t<h3 class=\"sow-sub-headline\">\n\t\t\t\t\t\tVous pouvez aussi nous joindre \u00e0 \t\t\t\t\t\t<\/h3>\n\t\t\t\t\t\t<\/div>\n<\/div><\/div><div id=\"panel-829-1-1-1\" class=\"so-panel widget_sow-editor\" data-index=\"4\" ><div\n\t\t\t\n\t\t\tclass=\"so-widget-sow-editor so-widget-sow-editor-base\"\n\t\t\t\n\t\t>\n<div class=\"siteorigin-widget-tinymce textwidget\">\n\t<h2 style=\"text-align: center;\">\u00a0<\/h2>\n<h2 style=\"text-align: center;\">\u00a0<\/h2>\n<h2 style=\"text-align: center;\"><a href=\"http:\/\/praxium.fr\/WordPress3\/wp-content\/uploads\/2016\/02\/Praxium-logo-Blanc-e1456330962954.png\" rel=\"attachment wp-att-728\"><img loading=\"lazy\" decoding=\"async\" class=\"aligncenter wp-image-728\" src=\"http:\/\/praxium.fr\/WordPress3\/wp-content\/uploads\/2016\/02\/Praxium-logo-Blanc-e1456330962954.png\" alt=\"Praxium logo Blanc\" width=\"249\" height=\"63\" \/><\/a><\/h2>\n<hr \/>\n<h2 style=\"text-align: center;\">\u00a0<\/h2>\n<div class=\"textwidget\">\n<p style=\"text-align: center;\"><em><span style=\"color: #818181;\">4, rue de la\u00a0<\/span><\/em><span style=\"color: #818181;\"><i>Maill\u00e9e<\/i><\/span><\/p>\n<p style=\"text-align: center;\"><em><span style=\"color: #818181;\">FR 79400 - Azay-le-Br\u00fbl\u00e9<\/span><\/em><\/p>\n<p style=\"text-align: center;\"><em><span style=\"color: #818181;\">France<\/span><\/em><\/p>\n<p style=\"text-align: center;\"><em><span style=\"color: #818181;\">+ 33 5 49 09 69 62<\/span><\/em><\/p>\n<p style=\"text-align: center;\"><em><span style=\"color: #818181;\">contact@praxium.fr<\/span><\/em><\/p>\n<\/div>\n<\/div>\n<\/div><\/div><div id=\"panel-829-1-1-2\" class=\"so-panel widget_sow-social-media-buttons\" data-index=\"5\" ><div\n\t\t\t\n\t\t\tclass=\"so-widget-sow-social-media-buttons so-widget-sow-social-media-buttons-wire-08f527cca0d0-829\"\n\t\t\t\n\t\t>\n\n<div class=\"social-media-button-container\">\n\t\n\t\t<a class=\"ow-button-hover sow-social-media-button-facebook-0 sow-social-media-button\" title=\"Praxium sur Facebook\" aria-label=\"Praxium sur Facebook\" target=\"_blank\" rel=\"noopener noreferrer\" >\n\t\t\t<span>\n\t\t\t\t\t\t\t\t<span class=\"sow-icon-fontawesome sow-fab\" data-sow-icon=\"&#xf39e;\"\n\t\t \n\t\taria-hidden=\"true\"><\/span>\t\t\t\t\t\t\t<\/span>\n\t\t<\/a>\n\t\n\t\t<a class=\"ow-button-hover sow-social-media-button-x-twitter-0 sow-social-media-button\" title=\"Praxium sur X Twitter\" aria-label=\"Praxium sur X Twitter\" target=\"_blank\" rel=\"noopener noreferrer\" >\n\t\t\t<span>\n\t\t\t\t\t\t\t\t<span class=\"sow-icon-fontawesome sow-fab\" data-sow-icon=\"&#xe61b;\"\n\t\t \n\t\taria-hidden=\"true\"><\/span>\t\t\t\t\t\t\t<\/span>\n\t\t<\/a>\n\t\n\t\t<a class=\"ow-button-hover sow-social-media-button-envelope-0 sow-social-media-button\" title=\"Praxium sur Envelope\" aria-label=\"Praxium sur Envelope\" target=\"_blank\" rel=\"noopener noreferrer\" >\n\t\t\t<span>\n\t\t\t\t\t\t\t\t<span class=\"sow-icon-fontawesome sow-fas\" data-sow-icon=\"&#xf0e0;\"\n\t\t \n\t\taria-hidden=\"true\"><\/span>\t\t\t\t\t\t\t<\/span>\n\t\t<\/a>\n\t\n\t\t<a class=\"ow-button-hover sow-social-media-button-instagram-0 sow-social-media-button\" title=\"Praxium sur Instagram\" aria-label=\"Praxium sur Instagram\" target=\"_blank\" rel=\"noopener noreferrer\" >\n\t\t\t<span>\n\t\t\t\t\t\t\t\t<span class=\"sow-icon-fontawesome sow-fab\" data-sow-icon=\"&#xf16d;\"\n\t\t \n\t\taria-hidden=\"true\"><\/span>\t\t\t\t\t\t\t<\/span>\n\t\t<\/a>\n\t<\/div>\n<\/div><\/div><div id=\"panel-829-1-1-3\" class=\"so-panel widget_origin_call-to-action panel-last-child\" data-index=\"6\" ><div class=\"panel-widget-style panel-widget-style-for-829-1-1-3\" ><div class=\"origin-widget origin-widget-call-to-action origin-widget-call-to-action-simple-clean\"><h2 class=\"title\"><\/h2>\n<h5 class=\"subtitle\"><\/h5>\n<div class=\"origin-widget origin-widget-button origin-widget-button-simple-blue align-none\"><a href=\"http:\/\/praxium.fr\/WordPress3\/\" >\n\tAccueil<\/a>\n<\/div><\/div><\/div><\/div><\/div><\/div><\/div><\/div>","protected":false},"excerpt":{"rendered":"<p>\u00a0\u00a0\u00a04, rue de la\u00a0Maill\u00e9eFR 79400 &#8211; Azay-le-Br\u00fbl\u00e9France+ 33 5 49 09 69 62contact@praxium.fr<\/p>\n","protected":false},"author":2,"featured_media":0,"parent":0,"menu_order":8,"comment_status":"closed","ping_status":"closed","template":"page-fullwidth.php","meta":{"_exactmetrics_skip_tracking":false,"_exactmetrics_sitenote_active":false,"_exactmetrics_sitenote_note":"","_exactmetrics_sitenote_category":0,"footnotes":""},"class_list":["post-829","page","type-page","status-publish","hentry"],"yoast_head":"<!-- This site is optimized with the Yoast SEO plugin v23.7 - https:\/\/yoast.com\/wordpress\/plugins\/seo\/ -->\n<title>demande de renseignement - Praxium<\/title>\n<meta name=\"description\" content=\"Compl\u00e9tez notre formulaire pour une demande de renseignement.\" \/>\n<meta name=\"robots\" content=\"index, follow, max-snippet:-1, max-image-preview:large, max-video-preview:-1\" \/>\n<link rel=\"canonical\" href=\"https:\/\/www.praxium.fr\/WordPress3\/demande-de-renseignement\/\" \/>\n<meta property=\"og:locale\" content=\"fr_FR\" \/>\n<meta property=\"og:type\" content=\"article\" \/>\n<meta property=\"og:title\" content=\"demande de renseignement - Praxium\" \/>\n<meta property=\"og:description\" content=\"Compl\u00e9tez notre formulaire pour une demande de renseignement.\" \/>\n<meta property=\"og:url\" content=\"https:\/\/www.praxium.fr\/WordPress3\/demande-de-renseignement\/\" \/>\n<meta property=\"og:site_name\" content=\"Praxium\" \/>\n<meta property=\"article:publisher\" content=\"https:\/\/www.facebook.com\/praxium\/\" \/>\n<meta property=\"article:modified_time\" content=\"2018-02-19T12:14:43+00:00\" \/>\n<meta property=\"og:image\" content=\"https:\/\/praxium.fr\/WordPress3\/wp-content\/uploads\/2016\/02\/Praxium-logo-Blanc-e1456330962954.png\" \/>\n<meta name=\"twitter:card\" content=\"summary_large_image\" \/>\n<meta name=\"twitter:site\" content=\"@Praxium_fr\" \/>\n<script type=\"application\/ld+json\" class=\"yoast-schema-graph\">{\"@context\":\"https:\/\/schema.org\",\"@graph\":[{\"@type\":\"WebPage\",\"@id\":\"https:\/\/www.praxium.fr\/WordPress3\/demande-de-renseignement\/\",\"url\":\"https:\/\/www.praxium.fr\/WordPress3\/demande-de-renseignement\/\",\"name\":\"demande de renseignement - Praxium\",\"isPartOf\":{\"@id\":\"https:\/\/www.praxium.fr\/WordPress3\/#website\"},\"primaryImageOfPage\":{\"@id\":\"https:\/\/www.praxium.fr\/WordPress3\/demande-de-renseignement\/#primaryimage\"},\"image\":{\"@id\":\"https:\/\/www.praxium.fr\/WordPress3\/demande-de-renseignement\/#primaryimage\"},\"thumbnailUrl\":\"https:\/\/praxium.fr\/WordPress3\/wp-content\/uploads\/2016\/02\/Praxium-logo-Blanc-e1456330962954.png\",\"datePublished\":\"2016-03-07T11:07:04+00:00\",\"dateModified\":\"2018-02-19T12:14:43+00:00\",\"description\":\"Compl\u00e9tez notre formulaire pour une demande de renseignement.\",\"breadcrumb\":{\"@id\":\"https:\/\/www.praxium.fr\/WordPress3\/demande-de-renseignement\/#breadcrumb\"},\"inLanguage\":\"fr-FR\",\"potentialAction\":[{\"@type\":\"ReadAction\",\"target\":[\"https:\/\/www.praxium.fr\/WordPress3\/demande-de-renseignement\/\"]}]},{\"@type\":\"ImageObject\",\"inLanguage\":\"fr-FR\",\"@id\":\"https:\/\/www.praxium.fr\/WordPress3\/demande-de-renseignement\/#primaryimage\",\"url\":\"https:\/\/praxium.fr\/WordPress3\/wp-content\/uploads\/2016\/02\/Praxium-logo-Blanc-e1456330962954.png\",\"contentUrl\":\"https:\/\/praxium.fr\/WordPress3\/wp-content\/uploads\/2016\/02\/Praxium-logo-Blanc-e1456330962954.png\"},{\"@type\":\"BreadcrumbList\",\"@id\":\"https:\/\/www.praxium.fr\/WordPress3\/demande-de-renseignement\/#breadcrumb\",\"itemListElement\":[{\"@type\":\"ListItem\",\"position\":1,\"name\":\"Accueil\",\"item\":\"https:\/\/www.praxium.fr\/WordPress3\/\"},{\"@type\":\"ListItem\",\"position\":2,\"name\":\"demande de renseignement\"}]},{\"@type\":\"WebSite\",\"@id\":\"https:\/\/www.praxium.fr\/WordPress3\/#website\",\"url\":\"https:\/\/www.praxium.fr\/WordPress3\/\",\"name\":\"Praxium\",\"description\":\"am\u00e9liore votre comp\u00e9titivit\u00e9...\",\"potentialAction\":[{\"@type\":\"SearchAction\",\"target\":{\"@type\":\"EntryPoint\",\"urlTemplate\":\"https:\/\/www.praxium.fr\/WordPress3\/?s={search_term_string}\"},\"query-input\":{\"@type\":\"PropertyValueSpecification\",\"valueRequired\":true,\"valueName\":\"search_term_string\"}}],\"inLanguage\":\"fr-FR\"}]}<\/script>\n<!-- \/ Yoast SEO plugin. -->","yoast_head_json":{"title":"demande de renseignement - Praxium","description":"Compl\u00e9tez notre formulaire pour une demande de renseignement.","robots":{"index":"index","follow":"follow","max-snippet":"max-snippet:-1","max-image-preview":"max-image-preview:large","max-video-preview":"max-video-preview:-1"},"canonical":"https:\/\/www.praxium.fr\/WordPress3\/demande-de-renseignement\/","og_locale":"fr_FR","og_type":"article","og_title":"demande de renseignement - Praxium","og_description":"Compl\u00e9tez notre formulaire pour une demande de renseignement.","og_url":"https:\/\/www.praxium.fr\/WordPress3\/demande-de-renseignement\/","og_site_name":"Praxium","article_publisher":"https:\/\/www.facebook.com\/praxium\/","article_modified_time":"2018-02-19T12:14:43+00:00","og_image":[{"url":"https:\/\/praxium.fr\/WordPress3\/wp-content\/uploads\/2016\/02\/Praxium-logo-Blanc-e1456330962954.png"}],"twitter_card":"summary_large_image","twitter_site":"@Praxium_fr","schema":{"@context":"https:\/\/schema.org","@graph":[{"@type":"WebPage","@id":"https:\/\/www.praxium.fr\/WordPress3\/demande-de-renseignement\/","url":"https:\/\/www.praxium.fr\/WordPress3\/demande-de-renseignement\/","name":"demande de renseignement - Praxium","isPartOf":{"@id":"https:\/\/www.praxium.fr\/WordPress3\/#website"},"primaryImageOfPage":{"@id":"https:\/\/www.praxium.fr\/WordPress3\/demande-de-renseignement\/#primaryimage"},"image":{"@id":"https:\/\/www.praxium.fr\/WordPress3\/demande-de-renseignement\/#primaryimage"},"thumbnailUrl":"https:\/\/praxium.fr\/WordPress3\/wp-content\/uploads\/2016\/02\/Praxium-logo-Blanc-e1456330962954.png","datePublished":"2016-03-07T11:07:04+00:00","dateModified":"2018-02-19T12:14:43+00:00","description":"Compl\u00e9tez notre formulaire pour une demande de renseignement.","breadcrumb":{"@id":"https:\/\/www.praxium.fr\/WordPress3\/demande-de-renseignement\/#breadcrumb"},"inLanguage":"fr-FR","potentialAction":[{"@type":"ReadAction","target":["https:\/\/www.praxium.fr\/WordPress3\/demande-de-renseignement\/"]}]},{"@type":"ImageObject","inLanguage":"fr-FR","@id":"https:\/\/www.praxium.fr\/WordPress3\/demande-de-renseignement\/#primaryimage","url":"https:\/\/praxium.fr\/WordPress3\/wp-content\/uploads\/2016\/02\/Praxium-logo-Blanc-e1456330962954.png","contentUrl":"https:\/\/praxium.fr\/WordPress3\/wp-content\/uploads\/2016\/02\/Praxium-logo-Blanc-e1456330962954.png"},{"@type":"BreadcrumbList","@id":"https:\/\/www.praxium.fr\/WordPress3\/demande-de-renseignement\/#breadcrumb","itemListElement":[{"@type":"ListItem","position":1,"name":"Accueil","item":"https:\/\/www.praxium.fr\/WordPress3\/"},{"@type":"ListItem","position":2,"name":"demande de renseignement"}]},{"@type":"WebSite","@id":"https:\/\/www.praxium.fr\/WordPress3\/#website","url":"https:\/\/www.praxium.fr\/WordPress3\/","name":"Praxium","description":"am\u00e9liore votre comp\u00e9titivit\u00e9...","potentialAction":[{"@type":"SearchAction","target":{"@type":"EntryPoint","urlTemplate":"https:\/\/www.praxium.fr\/WordPress3\/?s={search_term_string}"},"query-input":{"@type":"PropertyValueSpecification","valueRequired":true,"valueName":"search_term_string"}}],"inLanguage":"fr-FR"}]}},"jetpack_shortlink":"https:\/\/wp.me\/P5QOhk-dn","jetpack_sharing_enabled":true,"_links":{"self":[{"href":"https:\/\/www.praxium.fr\/WordPress3\/wp-json\/wp\/v2\/pages\/829"}],"collection":[{"href":"https:\/\/www.praxium.fr\/WordPress3\/wp-json\/wp\/v2\/pages"}],"about":[{"href":"https:\/\/www.praxium.fr\/WordPress3\/wp-json\/wp\/v2\/types\/page"}],"author":[{"embeddable":true,"href":"https:\/\/www.praxium.fr\/WordPress3\/wp-json\/wp\/v2\/users\/2"}],"replies":[{"embeddable":true,"href":"https:\/\/www.praxium.fr\/WordPress3\/wp-json\/wp\/v2\/comments?post=829"}],"version-history":[{"count":47,"href":"https:\/\/www.praxium.fr\/WordPress3\/wp-json\/wp\/v2\/pages\/829\/revisions"}],"predecessor-version":[{"id":1442,"href":"https:\/\/www.praxium.fr\/WordPress3\/wp-json\/wp\/v2\/pages\/829\/revisions\/1442"}],"wp:attachment":[{"href":"https:\/\/www.praxium.fr\/WordPress3\/wp-json\/wp\/v2\/media?parent=829"}],"curies":[{"name":"wp","href":"https:\/\/api.w.org\/{rel}","templated":true}]}}