{"id":975,"date":"2016-03-15T17:51:22","date_gmt":"2016-03-15T16:51:22","guid":{"rendered":"http:\/\/praxium.fr\/WordPress3\/?page_id=975"},"modified":"2018-02-20T16:21:28","modified_gmt":"2018-02-20T15:21:28","slug":"vos-defis-conseil","status":"publish","type":"page","link":"https:\/\/www.praxium.fr\/WordPress3\/vos-defis\/vos-defis-conseil\/","title":{"rendered":"travailler avec un consultant"},"content":{"rendered":"<div id=\"pl-975\"  class=\"panel-layout\" ><div id=\"pg-975-0\"  class=\"panel-grid panel-no-style\" ><div id=\"pgc-975-0-0\"  class=\"panel-grid-cell\" ><div id=\"panel-975-0-0-0\" class=\"so-panel widget_sow-editor panel-first-child panel-last-child\" data-index=\"0\" ><div\n\t\t\t\n\t\t\tclass=\"so-widget-sow-editor so-widget-sow-editor-base\"\n\t\t\t\n\t\t>\n<div class=\"siteorigin-widget-tinymce textwidget\">\n\t<h1>Vous avez d\u00e9cid\u00e9 de relever vos d\u00e9fis et...<\/h1>\n<h2>...vous vous posez la question de travailler avec un consultant !<\/h2>\n<p>Nous vous recommandons vivement les \u00e9tapes suivantes :<\/p>\n<ol>\n<li>Faire l'exercice de formuler\u00a0votre\u00a0besoin et vos attentes.<\/li>\n<li>D\u00e9finissez le cadre d'intervention de la mission que vous envisagez.<\/li>\n<li>Faites la liste des questions \u00e0 poser au consultant.<\/li>\n<li>Assurez-vous du professionnalisme des consultants que vous rencontrez.<\/li>\n<li>Etablissez un Cahier des Charges pour la mission que vous souhaitez confier.<\/li>\n<\/ol>\n<p>Nous vous recommandons de vous inspirer du\u00a0<a href=\"http:\/\/praxium.fr\/WordPress3\/wp-content\/uploads\/2016\/03\/Cahier_des_charges_mission_de_Conseil.pdf\" rel=\"\">Cahier des charges \"mission de Conseil<\/a>\u00a0de la CPC Aquitaine.<\/p>\n<p>\u00a0<\/p>\n<hr \/>\n<h2 style=\"text-align: center;\">Chambre Professionnelle du Conseil Aquitaine<br \/>recommandations aux dirigeants et futurs donneurs d'ordre<\/h2>\n<hr \/>\n<\/div>\n<\/div><\/div><\/div><\/div><div id=\"pg-975-1\"  class=\"panel-grid panel-no-style\" ><div id=\"pgc-975-1-0\"  class=\"panel-grid-cell\" ><div id=\"panel-975-1-0-0\" class=\"so-panel widget_sow-editor panel-first-child\" data-index=\"1\" ><div class=\"panel-widget-style panel-widget-style-for-975-1-0-0\" ><div\n\t\t\t\n\t\t\tclass=\"so-widget-sow-editor so-widget-sow-editor-base\"\n\t\t\t\n\t\t>\n<div class=\"siteorigin-widget-tinymce textwidget\">\n\t<p><\/p>\n<h2><img loading=\"lazy\" decoding=\"async\" class=\"wp-image-770 aligncenter\" title=\"Chambre Professionnelle du Conseil - aquitaine\" src=\"http:\/\/praxium.fr\/WordPress3\/wp-content\/uploads\/2016\/02\/CPC-Aquitaine-Carre.jpg\" alt=\"CPC Aquitaine\" width=\"150\" height=\"150\" \/><\/h2>\n<h2><em>Comment choisir le consultant ad\u00e9quat ?<\/em><\/h2>\n<p>Les missions du conseil peuvent \u00eatre regroup\u00e9es dans cinq grandes familles ou types d\u2019interventions.<\/p>\n<h3>1 - Diagnostic et analyse<\/h3>\n<p>Le diagnostic est une photographie pr\u00e9cise et compl\u00e8te d\u2019une partie ou de la totalit\u00e9 d\u2019une entreprise \u00e0 un moment donn\u00e9. Le Conseil qui r\u00e9alise ce diagnostic, utilise et d\u00e9chiffre toutes les donn\u00e9es fournies par l\u2019entreprise.<\/p>\n<p>La clart\u00e9 et la rigueur sont n\u00e9cessaires \u00e0 une bonne lecture de l\u2019entreprise par son dirigeant. C\u2019est le \u201ccomment\u201d est l\u2019entreprise.<\/p>\n<p>L\u2019analyse, elle, comporte une phase de reformulation de la probl\u00e9matique. C\u2019est le \u201cpourquoi\u201d de cette situation. Ce travail se fait avec objectivit\u00e9. Aucune solution n\u2019est propos\u00e9e \u00e0 ce stade.<\/p>\n<h3>2 - Aide \u00e0 la d\u00e9cision<\/h3>\n<p>Le Conseil, par sa neutralit\u00e9, son ind\u00e9pendance et sa vision distanci\u00e9e de l\u2019entreprise peut apporter le recul n\u00e9cessaire au d\u00e9cideur. Son intervention peut \u00eatre br\u00e8ve, ax\u00e9e sur un seul probl\u00e8me \u00e0 r\u00e9soudre, avec un contrat cadr\u00e9 sur un seul objectif. Il peut \u00e9galement avoir \u00e0 intervenir r\u00e9guli\u00e8rement avec la m\u00eame entreprise pour des difficult\u00e9s r\u00e9currentes sur la prise de d\u00e9cision. Il faudra convenir d\u2019un mode de fonctionnement, contrats ponctuels ou annuels, pr\u00e9cisant particuli\u00e8rement le temps pr\u00e9vu dans cette entreprise et le co\u00fbt horaire.<\/p>\n<p>Il est \u00e0 noter que seul le chef d\u2019entreprise ou le donneur d\u2019ordre prend des d\u00e9cisions. Le conseil lui apporte des propositions argument\u00e9es qui l\u2019aident dans ses choix. Dans le cadre d\u2019une divergence entre le conseil et son client, et si celle-ci entra\u00eene une perte de coh\u00e9rence du fonctionnement de l\u2019entreprise, le consultant doit savoir se retirer.<\/p>\n<h3>3 - Apport m\u00e9thodologique<\/h3>\n<p>L\u2019apport m\u00e9thodologique est une des grandes missions du Conseil. Il s\u2019agit de structurer une entreprise qui n\u2019utilise pas tout son potentiel de production, de cr\u00e9ation... Cela s\u2019\u00e9tend de la r\u00e9organisation d\u2019un atelier de fabrication (machines, postes de travail, personnel \u00e0 r\u00e9affecter ...) \u00e0 la modification des t\u00e2ches \u00e0 distribuer, apr\u00e8s analyse des comp\u00e9tences, dans un service par exemple.<\/p>\n<p>Dans tous les cas, une explication de la logique de ces changements doit \u00eatre faite. Toute l\u2019entreprise (personnel et dirigeants) doit comprendre et pouvoir se r\u00e9f\u00e9rer \u00e0 cette trame \u00e9tablie par le consultant.<\/p>\n<h3>4 - Accompagnement du changement<\/h3>\n<p>Un Conseil peut avoir pour mission l\u2019accompagnement du changement d\u00e9cid\u00e9 par le chef d\u2019entreprise. Ce changement peut \u00eatre la r\u00e9sultante d\u2019un travail fourni en amont par ce m\u00eame conseil ou non. Il doit conna\u00eetre toutes les raisons qui ont amen\u00e9 cette d\u00e9cision de changement et y adh\u00e9rer pleinement. Les \u00e9tapes sont clairement d\u00e9finies et dat\u00e9es. Les r\u00e9sultats feront l\u2019objet d\u2019un bilan de fin de mission.<\/p>\n<h3>5 - Aide \u00e0 la Gestion de crise<\/h3>\n<p>La gestion de crise se pratique par un Conseil, apr\u00e8s v\u00e9rification qu\u2019il est bien dans son champ de comp\u00e9tences.<\/p>\n<p>Quelques exemples de crises :<\/p>\n<ul>\n<li>Une organisation hi\u00e9rarchique d\u00e9faillante qui entra\u00eene des conflits.<\/li>\n<li>Une crise financi\u00e8re due \u00e0 un emballement de l\u2019entreprise (investissements, frais de personnel, frais g\u00e9n\u00e9raux...).<\/li>\n<li>Une crise de la politique d\u2019embauche (pas assez ou trop de productifs, pas assez ou trop de cadres... ).<\/li>\n<li>Les syst\u00e8mes informatis\u00e9s ne suivent plus l\u2019\u00e9volution de l\u2019entreprise.<\/li>\n<li>Les lois changent brusquement, une adaptation rapide est n\u00e9cessaire (pollution, accidents du travail...).<\/li>\n<\/ul>\n<hr \/>\n<h2>Pr\u00e9cisions sur le r\u00f4le du Conseil<\/h2>\n<p>Dans sa mission, le Conseil devra faire preuve de fermet\u00e9 (les solutions qu\u2019il propose doivent \u00eatre appliqu\u00e9es tr\u00e8s vite) et de bienveillance (il n\u2019est pas mandataire de justice)<\/p>\n<ul>\n<li>Le consultant est une ressource externe fondamentale pour l\u2019Entreprise : audits, diagnostics, \u00e9tablissements de cahiers des charges, \u00e9tudes et conseils...<\/li>\n<li>En intervenant \u00e0 vos c\u00f4t\u00e9s, le consultant vous donne le recul essentiel pour agir et d\u00e9cider.<\/li>\n<li>Le Consultant vous accompagne aux diff\u00e9rentes actions de changement et de d\u00e9veloppement de votre Entreprise : <em>d\u00e9veloppement, export, fusion, cr\u00e9ation, cession ou reprise, investissement, recrutement, communication, certification, etc.<\/em><\/li>\n<li>Le Consultant vous apporte l\u2019expertise de son domaine d\u2019intervention : <em>la strat\u00e9gie &amp; le management d\u2019entreprise, le marketing, la production et\/ou l\u2019organisation technique de l\u2019entreprise, la gestion et les finances, les ressources humaines, etc.<\/em><\/li>\n<li>Avant de choisir un consultant, la priorit\u00e9 est de formuler sa demande, pour d\u00e9finir le domaine d'intervention du Consultant (cela peut \u00eatre l'objet d'un conseil sp\u00e9cifique). Le domaine d'intervention connu permet de d\u00e9finir une famille et un m\u00e9tier du Conseil parmi lesquels on peut choisir le consultant ad\u00e9quat.<\/li>\n<li>Les crit\u00e8res qui optimisent le choix d'un professionnel seront : <em>sa formation, son exp\u00e9rience, sa qualification, ses r\u00e9f\u00e9rences et son adh\u00e9sion \u00e0 une association professionnelle fond\u00e9e sur une \u00e9thique<\/em>.<\/li>\n<\/ul>\n<hr \/>\n<\/div>\n<\/div><\/div><\/div><div id=\"panel-975-1-0-1\" class=\"so-panel widget_sow-editor panel-last-child\" data-index=\"2\" ><div\n\t\t\t\n\t\t\tclass=\"so-widget-sow-editor so-widget-sow-editor-base\"\n\t\t\t\n\t\t>\n<div class=\"siteorigin-widget-tinymce textwidget\">\n\t<h2><i class=\"fa fa-question-circle\"><\/i> les autres questions que nos clients se sont pos\u00e9s<\/h2>\n<\/div>\n<\/div><\/div><\/div><\/div><div id=\"pg-975-2\"  class=\"panel-grid panel-no-style\" ><div id=\"pgc-975-2-0\"  class=\"panel-grid-cell\" ><div id=\"panel-975-2-0-0\" class=\"so-panel widget_sow-editor panel-first-child panel-last-child\" data-index=\"3\" ><div\n\t\t\t\n\t\t\tclass=\"so-widget-sow-editor so-widget-sow-editor-base\"\n\t\t\t\n\t\t>\n<div class=\"siteorigin-widget-tinymce textwidget\">\n\t<h3>Quelles garanties puis-je avoir sur l\u2019efficacit\u00e9 d\u2019une mission de Conseil ?<\/h3>\n<p>La garantie de r\u00e9sultat n'est pas applicable \u00e0 toutes les missions, et chaque consultant s'engage sur sa propre garantie.<\/p>\n<p>Cependant, le consultant qui respecte les quatre temps forts d'une d\u00e9marche conseil, pr\u00e9sente les bases de solides garanties.<\/p>\n<h3>Quels sont les co\u00fbts d\u2019intervention d\u2019un consultant ?<\/h3>\n<p>Le co\u00fbt d\u2019intervention d\u2019un consultant est variable, il tient compte de diff\u00e9rents facteurs :<\/p>\n<ul>\n<li>Le niveau d\u2019expertise reconnu du consultant<\/li>\n<li>Le domaine d\u2019intervention<\/li>\n<li>La nature de l\u2019intervention et sa dur\u00e9e<\/li>\n<\/ul>\n<p>Pour indication, les institutionnels \u00e9valuent les honoraires d\u2019une journ\u00e9e d\u2019intervention \u00e0 1 000\u00a0\u20ac HT. Ce chiffre selon l\u2019appr\u00e9ciation des facteurs mentionn\u00e9s peut varier de plus ou moins 20 %.<\/p>\n<\/div>\n<\/div><\/div><\/div><div id=\"pgc-975-2-1\"  class=\"panel-grid-cell\" ><div id=\"panel-975-2-1-0\" class=\"so-panel widget_sow-editor panel-first-child panel-last-child\" data-index=\"4\" ><div\n\t\t\t\n\t\t\tclass=\"so-widget-sow-editor so-widget-sow-editor-base\"\n\t\t\t\n\t\t>\n<div class=\"siteorigin-widget-tinymce textwidget\">\n\t<h3>Quelles sont les responsabilit\u00e9s d\u2019un consultant ?<\/h3>\n<p>Le consultant est un chef d'entreprise, \u00e0 ce titre :<\/p>\n<ul>\n<li>Il encourt les responsabilit\u00e9s inh\u00e9rentes \u00e0 son statut, doubl\u00e9es de celles de son activit\u00e9 (responsabilit\u00e9 d\u00e9lictuelle, quasi-d\u00e9lictuelle et contractuelle).<\/li>\n<li>Il r\u00e9pond \u00e0 une obligation de moyens et tous ceux-ci devront \u00eatre mis en oeuvre pour que son devoir de conseil soit inattaquable (cause principale de litiges).<\/li>\n<li>Il est le gardien des documents confi\u00e9s et le responsable de ses collaborateurs et des biens li\u00e9s \u00e0 l'activit\u00e9 professionnelle.<\/li>\n<li>Il ne peut exercer sans souscrire une assurance de Responsabilit\u00e9 Civile Professionnelle et s\u00e9par\u00e9ment une Assistance Juridique pour la p\u00e9rennit\u00e9 de son cabinet.<\/li>\n<\/ul>\n<p>La Chambre Professionnelle du Conseil vous encourage vivement \u00e0 vous assurer que votre consultant dispose d'une garantie \"Responsabilit\u00e9 Civile Professionnelle\" .<\/p>\n<\/div>\n<\/div><\/div><\/div><\/div><div id=\"pg-975-3\"  class=\"panel-grid panel-no-style\" ><div id=\"pgc-975-3-0\"  class=\"panel-grid-cell\" ><div id=\"panel-975-3-0-0\" class=\"so-panel widget_sow-cta panel-first-child panel-last-child\" data-index=\"5\" ><div\n\t\t\t\n\t\t\tclass=\"so-widget-sow-cta so-widget-sow-cta-default-0c8116875683-975\"\n\t\t\t\n\t\t><div\n\tclass=\"sow-cta-base\"\n\t>\n\t\n\t<div class=\"sow-cta-wrapper\">\n\n\t\t<div class=\"sow-cta-text\">\n\t\t\t\t\t\t\t<h4 class=\"sow-cta-title\">\n\t\t\t\t\tVous souhaitez plus d'informations \t\t\t\t<\/h4>\n\t\t\t\n\t\t\t\t\t<\/div>\n\n\t\t<div\n\t\t\t\n\t\t\tclass=\"so-widget-sow-button so-widget-sow-button-atom-5adfeb6846a8\"\n\t\t\t\n\t\t><div class=\"ow-button-base ow-button-align-center\">\n\t\t\t<a\n\t\t\t\t\thref=\"https:\/\/www.praxium.fr\/WordPress3\/demande-de-renseignement\/\"\n\t\t\t\t\tclass=\"sowb-button ow-icon-placement-left ow-button-hover\" target=\"_blank\" rel=\"noopener noreferrer\" \t>\n\t\t<span>\n\t\t\t<span class=\"sow-icon-fontawesome sow-fas\" data-sow-icon=\"&#xf0a9;\"\n\t\tstyle=\"\" \n\t\taria-hidden=\"true\"><\/span>\n\t\t\tcontactez nous !\t\t<\/span>\n\t\t\t<\/a>\n\t<\/div>\n<\/div>\n\t<\/div>\n\n\t<\/div>\n<\/div><\/div><\/div><\/div><\/div>","protected":false},"excerpt":{"rendered":"<p>Vous avez d\u00e9cid\u00e9 de relever vos d\u00e9fis et&#8230;&#8230;vous vous posez la question de travailler avec un consultant !Nous vous recommandons vivement les \u00e9tapes suivantes :Faire l&#8217;exercice de formuler\u00a0votre\u00a0besoin et vos attentes.D\u00e9finissez le cadre d&#8217;intervention de la mission que vous envisagez.Faites la liste des questions \u00e0 poser au consultant.Assurez-vous du professionnalisme des consultants que vous rencontrez.Etablissez<\/p>\n","protected":false},"author":2,"featured_media":0,"parent":741,"menu_order":5,"comment_status":"closed","ping_status":"closed","template":"page-fullwidth.php","meta":{"_exactmetrics_skip_tracking":false,"_exactmetrics_sitenote_active":false,"_exactmetrics_sitenote_note":"","_exactmetrics_sitenote_category":0,"footnotes":""},"class_list":["post-975","page","type-page","status-publish","hentry"],"yoast_head":"<!-- This site is optimized with the Yoast SEO plugin v23.7 - https:\/\/yoast.com\/wordpress\/plugins\/seo\/ -->\n<title>travailler avec un consultant - Praxium<\/title>\n<meta name=\"description\" content=\"Vous avez d\u00e9cid\u00e9 de relever vos d\u00e9fis et... Vous vous posez la question de travailler avec un consultant ! Nous vous recommandons vivement les \u00e9tapes\" \/>\n<meta name=\"robots\" content=\"index, follow, max-snippet:-1, max-image-preview:large, max-video-preview:-1\" \/>\n<link rel=\"canonical\" href=\"https:\/\/www.praxium.fr\/WordPress3\/vos-defis\/vos-defis-conseil\/\" \/>\n<meta property=\"og:locale\" content=\"fr_FR\" \/>\n<meta property=\"og:type\" content=\"article\" \/>\n<meta property=\"og:title\" content=\"travailler avec un consultant - Praxium\" \/>\n<meta property=\"og:description\" content=\"Vous avez d\u00e9cid\u00e9 de relever vos d\u00e9fis et... Vous vous posez la question de travailler avec un consultant ! Nous vous recommandons vivement les \u00e9tapes\" \/>\n<meta property=\"og:url\" content=\"https:\/\/www.praxium.fr\/WordPress3\/vos-defis\/vos-defis-conseil\/\" \/>\n<meta property=\"og:site_name\" content=\"Praxium\" \/>\n<meta property=\"article:publisher\" content=\"https:\/\/www.facebook.com\/praxium\/\" \/>\n<meta property=\"article:modified_time\" content=\"2018-02-20T15:21:28+00:00\" \/>\n<meta property=\"og:image\" content=\"https:\/\/www.praxium.fr\/WordPress3\/wp-content\/uploads\/2016\/02\/CPC-Aquitaine-Carre.jpg\" \/>\n<meta name=\"twitter:card\" content=\"summary_large_image\" \/>\n<meta name=\"twitter:site\" content=\"@Praxium_fr\" \/>\n<meta name=\"twitter:label1\" content=\"Dur\u00e9e de lecture estim\u00e9e\" \/>\n\t<meta name=\"twitter:data1\" content=\"6 minutes\" \/>\n<script type=\"application\/ld+json\" class=\"yoast-schema-graph\">{\"@context\":\"https:\/\/schema.org\",\"@graph\":[{\"@type\":\"WebPage\",\"@id\":\"https:\/\/www.praxium.fr\/WordPress3\/vos-defis\/vos-defis-conseil\/\",\"url\":\"https:\/\/www.praxium.fr\/WordPress3\/vos-defis\/vos-defis-conseil\/\",\"name\":\"travailler avec un consultant - Praxium\",\"isPartOf\":{\"@id\":\"https:\/\/www.praxium.fr\/WordPress3\/#website\"},\"primaryImageOfPage\":{\"@id\":\"https:\/\/www.praxium.fr\/WordPress3\/vos-defis\/vos-defis-conseil\/#primaryimage\"},\"image\":{\"@id\":\"https:\/\/www.praxium.fr\/WordPress3\/vos-defis\/vos-defis-conseil\/#primaryimage\"},\"thumbnailUrl\":\"https:\/\/www.praxium.fr\/WordPress3\/wp-content\/uploads\/2016\/02\/CPC-Aquitaine-Carre.jpg\",\"datePublished\":\"2016-03-15T16:51:22+00:00\",\"dateModified\":\"2018-02-20T15:21:28+00:00\",\"description\":\"Vous avez d\u00e9cid\u00e9 de relever vos d\u00e9fis et... Vous vous posez la question de travailler avec un consultant ! Nous vous recommandons vivement les \u00e9tapes\",\"breadcrumb\":{\"@id\":\"https:\/\/www.praxium.fr\/WordPress3\/vos-defis\/vos-defis-conseil\/#breadcrumb\"},\"inLanguage\":\"fr-FR\",\"potentialAction\":[{\"@type\":\"ReadAction\",\"target\":[\"https:\/\/www.praxium.fr\/WordPress3\/vos-defis\/vos-defis-conseil\/\"]}]},{\"@type\":\"ImageObject\",\"inLanguage\":\"fr-FR\",\"@id\":\"https:\/\/www.praxium.fr\/WordPress3\/vos-defis\/vos-defis-conseil\/#primaryimage\",\"url\":\"https:\/\/www.praxium.fr\/WordPress3\/wp-content\/uploads\/2016\/02\/CPC-Aquitaine-Carre.jpg\",\"contentUrl\":\"https:\/\/www.praxium.fr\/WordPress3\/wp-content\/uploads\/2016\/02\/CPC-Aquitaine-Carre.jpg\",\"width\":350,\"height\":350},{\"@type\":\"BreadcrumbList\",\"@id\":\"https:\/\/www.praxium.fr\/WordPress3\/vos-defis\/vos-defis-conseil\/#breadcrumb\",\"itemListElement\":[{\"@type\":\"ListItem\",\"position\":1,\"name\":\"Accueil\",\"item\":\"https:\/\/www.praxium.fr\/WordPress3\/\"},{\"@type\":\"ListItem\",\"position\":2,\"name\":\"vos d\u00e9fis pour am\u00e9liorer votre comp\u00e9titivit\u00e9\",\"item\":\"https:\/\/www.praxium.fr\/WordPress3\/vos-defis\/\"},{\"@type\":\"ListItem\",\"position\":3,\"name\":\"travailler avec un consultant\"}]},{\"@type\":\"WebSite\",\"@id\":\"https:\/\/www.praxium.fr\/WordPress3\/#website\",\"url\":\"https:\/\/www.praxium.fr\/WordPress3\/\",\"name\":\"Praxium\",\"description\":\"am\u00e9liore votre comp\u00e9titivit\u00e9...\",\"potentialAction\":[{\"@type\":\"SearchAction\",\"target\":{\"@type\":\"EntryPoint\",\"urlTemplate\":\"https:\/\/www.praxium.fr\/WordPress3\/?s={search_term_string}\"},\"query-input\":{\"@type\":\"PropertyValueSpecification\",\"valueRequired\":true,\"valueName\":\"search_term_string\"}}],\"inLanguage\":\"fr-FR\"}]}<\/script>\n<!-- \/ Yoast SEO plugin. -->","yoast_head_json":{"title":"travailler avec un consultant - Praxium","description":"Vous avez d\u00e9cid\u00e9 de relever vos d\u00e9fis et... Vous vous posez la question de travailler avec un consultant ! Nous vous recommandons vivement les \u00e9tapes","robots":{"index":"index","follow":"follow","max-snippet":"max-snippet:-1","max-image-preview":"max-image-preview:large","max-video-preview":"max-video-preview:-1"},"canonical":"https:\/\/www.praxium.fr\/WordPress3\/vos-defis\/vos-defis-conseil\/","og_locale":"fr_FR","og_type":"article","og_title":"travailler avec un consultant - Praxium","og_description":"Vous avez d\u00e9cid\u00e9 de relever vos d\u00e9fis et... Vous vous posez la question de travailler avec un consultant ! Nous vous recommandons vivement les \u00e9tapes","og_url":"https:\/\/www.praxium.fr\/WordPress3\/vos-defis\/vos-defis-conseil\/","og_site_name":"Praxium","article_publisher":"https:\/\/www.facebook.com\/praxium\/","article_modified_time":"2018-02-20T15:21:28+00:00","og_image":[{"url":"https:\/\/www.praxium.fr\/WordPress3\/wp-content\/uploads\/2016\/02\/CPC-Aquitaine-Carre.jpg"}],"twitter_card":"summary_large_image","twitter_site":"@Praxium_fr","twitter_misc":{"Dur\u00e9e de lecture estim\u00e9e":"6 minutes"},"schema":{"@context":"https:\/\/schema.org","@graph":[{"@type":"WebPage","@id":"https:\/\/www.praxium.fr\/WordPress3\/vos-defis\/vos-defis-conseil\/","url":"https:\/\/www.praxium.fr\/WordPress3\/vos-defis\/vos-defis-conseil\/","name":"travailler avec un consultant - Praxium","isPartOf":{"@id":"https:\/\/www.praxium.fr\/WordPress3\/#website"},"primaryImageOfPage":{"@id":"https:\/\/www.praxium.fr\/WordPress3\/vos-defis\/vos-defis-conseil\/#primaryimage"},"image":{"@id":"https:\/\/www.praxium.fr\/WordPress3\/vos-defis\/vos-defis-conseil\/#primaryimage"},"thumbnailUrl":"https:\/\/www.praxium.fr\/WordPress3\/wp-content\/uploads\/2016\/02\/CPC-Aquitaine-Carre.jpg","datePublished":"2016-03-15T16:51:22+00:00","dateModified":"2018-02-20T15:21:28+00:00","description":"Vous avez d\u00e9cid\u00e9 de relever vos d\u00e9fis et... Vous vous posez la question de travailler avec un consultant ! Nous vous recommandons vivement les \u00e9tapes","breadcrumb":{"@id":"https:\/\/www.praxium.fr\/WordPress3\/vos-defis\/vos-defis-conseil\/#breadcrumb"},"inLanguage":"fr-FR","potentialAction":[{"@type":"ReadAction","target":["https:\/\/www.praxium.fr\/WordPress3\/vos-defis\/vos-defis-conseil\/"]}]},{"@type":"ImageObject","inLanguage":"fr-FR","@id":"https:\/\/www.praxium.fr\/WordPress3\/vos-defis\/vos-defis-conseil\/#primaryimage","url":"https:\/\/www.praxium.fr\/WordPress3\/wp-content\/uploads\/2016\/02\/CPC-Aquitaine-Carre.jpg","contentUrl":"https:\/\/www.praxium.fr\/WordPress3\/wp-content\/uploads\/2016\/02\/CPC-Aquitaine-Carre.jpg","width":350,"height":350},{"@type":"BreadcrumbList","@id":"https:\/\/www.praxium.fr\/WordPress3\/vos-defis\/vos-defis-conseil\/#breadcrumb","itemListElement":[{"@type":"ListItem","position":1,"name":"Accueil","item":"https:\/\/www.praxium.fr\/WordPress3\/"},{"@type":"ListItem","position":2,"name":"vos d\u00e9fis pour am\u00e9liorer votre comp\u00e9titivit\u00e9","item":"https:\/\/www.praxium.fr\/WordPress3\/vos-defis\/"},{"@type":"ListItem","position":3,"name":"travailler avec un consultant"}]},{"@type":"WebSite","@id":"https:\/\/www.praxium.fr\/WordPress3\/#website","url":"https:\/\/www.praxium.fr\/WordPress3\/","name":"Praxium","description":"am\u00e9liore votre comp\u00e9titivit\u00e9...","potentialAction":[{"@type":"SearchAction","target":{"@type":"EntryPoint","urlTemplate":"https:\/\/www.praxium.fr\/WordPress3\/?s={search_term_string}"},"query-input":{"@type":"PropertyValueSpecification","valueRequired":true,"valueName":"search_term_string"}}],"inLanguage":"fr-FR"}]}},"jetpack_shortlink":"https:\/\/wp.me\/P5QOhk-fJ","jetpack_sharing_enabled":true,"_links":{"self":[{"href":"https:\/\/www.praxium.fr\/WordPress3\/wp-json\/wp\/v2\/pages\/975"}],"collection":[{"href":"https:\/\/www.praxium.fr\/WordPress3\/wp-json\/wp\/v2\/pages"}],"about":[{"href":"https:\/\/www.praxium.fr\/WordPress3\/wp-json\/wp\/v2\/types\/page"}],"author":[{"embeddable":true,"href":"https:\/\/www.praxium.fr\/WordPress3\/wp-json\/wp\/v2\/users\/2"}],"replies":[{"embeddable":true,"href":"https:\/\/www.praxium.fr\/WordPress3\/wp-json\/wp\/v2\/comments?post=975"}],"version-history":[{"count":26,"href":"https:\/\/www.praxium.fr\/WordPress3\/wp-json\/wp\/v2\/pages\/975\/revisions"}],"predecessor-version":[{"id":1488,"href":"https:\/\/www.praxium.fr\/WordPress3\/wp-json\/wp\/v2\/pages\/975\/revisions\/1488"}],"up":[{"embeddable":true,"href":"https:\/\/www.praxium.fr\/WordPress3\/wp-json\/wp\/v2\/pages\/741"}],"wp:attachment":[{"href":"https:\/\/www.praxium.fr\/WordPress3\/wp-json\/wp\/v2\/media?parent=975"}],"curies":[{"name":"wp","href":"https:\/\/api.w.org\/{rel}","templated":true}]}}